{"id":658,"date":"2020-10-20T20:06:01","date_gmt":"2020-10-20T18:06:01","guid":{"rendered":"https:\/\/bakerman.hu\/?post_type=product&#038;p=658"},"modified":"2025-05-27T14:56:48","modified_gmt":"2025-05-27T12:56:48","slug":"pantastico-feher-toast-szeletek-toast-szeletek-toast-kenyer-szeletelt-kenyer","status":"publish","type":"product","link":"https:\/\/frissesropogos.hu\/en\/termekek\/pantastico-termekcsalad\/toast-szeletek\/olasz-baluetto-tipusu-toast-szeletek\/pantastico-feher-toast-szeletek-toast-szeletek-toast-kenyer-szeletelt-kenyer\/","title":{"rendered":"Pantastico White toast slices 400g"},"content":{"rendered":"","protected":false},"excerpt":{"rendered":"<p>Klasszikus feh\u00e9r toast keny\u00e9r, frissen vagy pir\u00edtva is kiv\u00e1l\u00f3 \u00edz\u00e9lm\u00e9nyt ny\u00fajt.<\/p>","protected":false},"featured_media":2408,"template":"","meta":{"om_disable_all_campaigns":false,"_monsterinsights_skip_tracking":false,"_monsterinsights_sitenote_active":false,"_monsterinsights_sitenote_note":"","_monsterinsights_sitenote_category":0},"product_brand":[],"product_cat":[312,319,311],"product_tag":[],"class_list":{"0":"post-658","1":"product","2":"type-product","3":"status-publish","4":"has-post-thumbnail","6":"product_cat-toast-szeletek","7":"product_cat-olasz-baluetto-tipusu-toast-szeletek","8":"product_cat-pantastico-termekcsalad","9":"description-off","11":"first","12":"instock","13":"shipping-taxable","14":"product-type-simple"},"aioseo_notices":[],"_links":{"self":[{"href":"https:\/\/frissesropogos.hu\/en\/wp-json\/wp\/v2\/product\/658","targetHints":{"allow":["GET"]}}],"collection":[{"href":"https:\/\/frissesropogos.hu\/en\/wp-json\/wp\/v2\/product"}],"about":[{"href":"https:\/\/frissesropogos.hu\/en\/wp-json\/wp\/v2\/types\/product"}],"version-history":[{"count":3,"href":"https:\/\/frissesropogos.hu\/en\/wp-json\/wp\/v2\/product\/658\/revisions"}],"predecessor-version":[{"id":5688,"href":"https:\/\/frissesropogos.hu\/en\/wp-json\/wp\/v2\/product\/658\/revisions\/5688"}],"wp:featuredmedia":[{"embeddable":true,"href":"https:\/\/frissesropogos.hu\/en\/wp-json\/wp\/v2\/media\/2408"}],"wp:attachment":[{"href":"https:\/\/frissesropogos.hu\/en\/wp-json\/wp\/v2\/media?parent=658"}],"wp:term":[{"taxonomy":"product_brand","embeddable":true,"href":"https:\/\/frissesropogos.hu\/en\/wp-json\/wp\/v2\/product_brand?post=658"},{"taxonomy":"product_cat","embeddable":true,"href":"https:\/\/frissesropogos.hu\/en\/wp-json\/wp\/v2\/product_cat?post=658"},{"taxonomy":"product_tag","embeddable":true,"href":"https:\/\/frissesropogos.hu\/en\/wp-json\/wp\/v2\/product_tag?post=658"}],"curies":[{"name":"wp","href":"https:\/\/api.w.org\/{rel}","templated":true}]}}