{"id":3326,"date":"2022-09-02T08:21:11","date_gmt":"2022-09-02T06:21:11","guid":{"rendered":"https:\/\/fandrpartner.hu\/?post_type=product&#038;p=3326"},"modified":"2025-03-29T12:46:12","modified_gmt":"2025-03-29T10:46:12","slug":"friss-es-ropogos-sokmagvas-rozscipo","status":"publish","type":"product","link":"https:\/\/frissesropogos.hu\/en\/termekek\/friss-es-ropogos-termekcsalad\/cipo\/rozscipo\/friss-es-ropogos-sokmagvas-rozscipo\/","title":{"rendered":"Fresh and Crunchy Rye Bread with Rye Seeds 500g"},"content":{"rendered":"<p><strong>The product is made in a plant using milk, eggs and nuts!<\/strong><\/p>\n<p><strong>It maintains its quality:<\/strong> by the date indicated on the packaging (day\/month\/year).<br \/>\n<strong>Storage:<\/strong> in a dry, cool place, protected from sunlight! We recommend that you always reseal the packaging after opening.<strong><br \/>\nManufacturer:<\/strong> F&amp;R Partner Kft., 2040 Buda\u00f6rs, Rakt\u00e1r u. 1.<\/p>","protected":false},"excerpt":{"rendered":"<p>\u00d6sszetev\u0151k: lisztek (<strong>b\u00fazaliszt, rozsliszt <\/strong>(26%)), iv\u00f3v\u00edz, lenmag (4,7%), h\u00e1ntolt napraforg\u00f3mag (3,3%), \u00e9leszt\u0151, k\u00f6les, <strong>sz\u00f3jat\u00f6ret<\/strong>, <strong>szez\u00e1mmag <\/strong>(1,1%), kukoricapehely liszt, \u00e9tkez\u00e9si s\u00f3, por\u00edtott kov\u00e1sz [<strong>rozsliszt<\/strong>, iv\u00f3v\u00edz, starterkult\u00fara], <strong>rozsmal\u00e1ta<\/strong> por, f\u0171szerek, felt\u00e1rt <strong>b\u00fazaliszt, <\/strong>tart\u00f3s\u00edt\u00f3szer (szorbinsav), emulge\u00e1l\u00f3szer (n\u00e1trium-sztearoil-2-laktil\u00e1t).<\/p>\n","protected":false},"featured_media":3327,"template":"","meta":{"om_disable_all_campaigns":false,"_monsterinsights_skip_tracking":false,"_monsterinsights_sitenote_active":false,"_monsterinsights_sitenote_note":"","_monsterinsights_sitenote_category":0},"product_brand":[],"product_cat":[333,334,332],"product_tag":[],"class_list":{"0":"post-3326","1":"product","2":"type-product","3":"status-publish","4":"has-post-thumbnail","6":"product_cat-cipo","7":"product_cat-rozscipo","8":"product_cat-friss-es-ropogos-termekcsalad","9":"description-off","11":"first","12":"instock","13":"shipping-taxable","14":"product-type-simple"},"aioseo_notices":[],"_links":{"self":[{"href":"https:\/\/frissesropogos.hu\/en\/wp-json\/wp\/v2\/product\/3326","targetHints":{"allow":["GET"]}}],"collection":[{"href":"https:\/\/frissesropogos.hu\/en\/wp-json\/wp\/v2\/product"}],"about":[{"href":"https:\/\/frissesropogos.hu\/en\/wp-json\/wp\/v2\/types\/product"}],"version-history":[{"count":2,"href":"https:\/\/frissesropogos.hu\/en\/wp-json\/wp\/v2\/product\/3326\/revisions"}],"predecessor-version":[{"id":5405,"href":"https:\/\/frissesropogos.hu\/en\/wp-json\/wp\/v2\/product\/3326\/revisions\/5405"}],"wp:featuredmedia":[{"embeddable":true,"href":"https:\/\/frissesropogos.hu\/en\/wp-json\/wp\/v2\/media\/3327"}],"wp:attachment":[{"href":"https:\/\/frissesropogos.hu\/en\/wp-json\/wp\/v2\/media?parent=3326"}],"wp:term":[{"taxonomy":"product_brand","embeddable":true,"href":"https:\/\/frissesropogos.hu\/en\/wp-json\/wp\/v2\/product_brand?post=3326"},{"taxonomy":"product_cat","embeddable":true,"href":"https:\/\/frissesropogos.hu\/en\/wp-json\/wp\/v2\/product_cat?post=3326"},{"taxonomy":"product_tag","embeddable":true,"href":"https:\/\/frissesropogos.hu\/en\/wp-json\/wp\/v2\/product_tag?post=3326"}],"curies":[{"name":"wp","href":"https:\/\/api.w.org\/{rel}","templated":true}]}}