{"id":3217,"date":"2022-08-15T12:23:22","date_gmt":"2022-08-15T10:23:22","guid":{"rendered":"https:\/\/fandrpartner.hu\/?post_type=product&#038;p=3217"},"modified":"2025-05-26T14:15:38","modified_gmt":"2025-05-26T12:15:38","slug":"pinsa-pizza-alap-2","status":"publish","type":"product","link":"https:\/\/frissesropogos.hu\/en\/termekek\/pantastico-termekcsalad\/pizza-teszta\/pinsa\/pinsa-pizza-alap-2\/","title":{"rendered":"Pantastico wholemeal Pinsa"},"content":{"rendered":"<p><strong>Semi-prepared pizza base with whole wheat flour and extra virgin olive oil (3,2%).<\/strong><\/p>\n<p>&nbsp;<\/p>\n<p><strong>Product may contain traces of soy and mustard!<\/strong><\/p>\n<p>&nbsp;<\/p>\n<p><strong>It maintains its quality:<\/strong> by the date indicated on the packaging (day\/month\/year).<br \/>\nStore in a dry, cool place out of sunlight! We recommend that you always reseal the packaging after opening.<\/p>\n<p><strong>Suggested use:<\/strong> Add toppings to taste and bake in the oven at 200\u00b0C for about 5-6 minutes.<strong><br \/>\n<\/strong><\/p>\n<p><strong>Distribute:<\/strong> F&amp;R Partner Kft., 2040 Buda\u00f6rs, Rakt\u00e1r u. 1.<\/p>\n<p>Email: <a href=\"\/en\/&\/#109;&#97;&#x69;&#x6c;&#116;&#111;&#x3a;&#x69;&#110;&#102;&#x6f;&#x40;&#107;&#101;&#x6e;&#x79;&#101;&#114;&#x65;&#x6d;&#46;&#104;&#x75;\">info@kenyerem.hu<\/a><\/p>","protected":false},"excerpt":{"rendered":"<p><strong>\u00d6sszetev\u0151k:<\/strong><\/p>\n<p>teljes ki\u0151rl\u00e9s\u0171 <strong>b\u00fazaliszt<\/strong> (49%), iv\u00f3v\u00edz, extra sz\u0171z ol\u00edvaolaj (3,2%), \u00e9tkez\u00e9si s\u00f3, kov\u00e1sz (1,6%) [iv\u00f3v\u00edz<strong>, b\u00fazaliszt<\/strong>], \u00e9leszt\u0151, mal\u00e1t\u00e1zott <strong>\u00e1rpaliszt<\/strong>. Etil-alkohollal kezelt, v\u00e9d\u0151g\u00e1zas csomagol\u00e1s\u00fa term\u00e9k.<\/p>\n","protected":false},"featured_media":5626,"template":"","meta":{"om_disable_all_campaigns":false,"_monsterinsights_skip_tracking":false,"_monsterinsights_sitenote_active":false,"_monsterinsights_sitenote_note":"","_monsterinsights_sitenote_category":0},"product_brand":[],"product_cat":[321,311,313],"product_tag":[],"class_list":{"0":"post-3217","1":"product","2":"type-product","3":"status-publish","4":"has-post-thumbnail","6":"product_cat-pinsa","7":"product_cat-pantastico-termekcsalad","8":"product_cat-pizza-teszta","9":"description-off","11":"first","12":"instock","13":"shipping-taxable","14":"product-type-simple"},"aioseo_notices":[],"_links":{"self":[{"href":"https:\/\/frissesropogos.hu\/en\/wp-json\/wp\/v2\/product\/3217","targetHints":{"allow":["GET"]}}],"collection":[{"href":"https:\/\/frissesropogos.hu\/en\/wp-json\/wp\/v2\/product"}],"about":[{"href":"https:\/\/frissesropogos.hu\/en\/wp-json\/wp\/v2\/types\/product"}],"version-history":[{"count":2,"href":"https:\/\/frissesropogos.hu\/en\/wp-json\/wp\/v2\/product\/3217\/revisions"}],"predecessor-version":[{"id":5627,"href":"https:\/\/frissesropogos.hu\/en\/wp-json\/wp\/v2\/product\/3217\/revisions\/5627"}],"wp:featuredmedia":[{"embeddable":true,"href":"https:\/\/frissesropogos.hu\/en\/wp-json\/wp\/v2\/media\/5626"}],"wp:attachment":[{"href":"https:\/\/frissesropogos.hu\/en\/wp-json\/wp\/v2\/media?parent=3217"}],"wp:term":[{"taxonomy":"product_brand","embeddable":true,"href":"https:\/\/frissesropogos.hu\/en\/wp-json\/wp\/v2\/product_brand?post=3217"},{"taxonomy":"product_cat","embeddable":true,"href":"https:\/\/frissesropogos.hu\/en\/wp-json\/wp\/v2\/product_cat?post=3217"},{"taxonomy":"product_tag","embeddable":true,"href":"https:\/\/frissesropogos.hu\/en\/wp-json\/wp\/v2\/product_tag?post=3217"}],"curies":[{"name":"wp","href":"https:\/\/api.w.org\/{rel}","templated":true}]}}