{"id":633,"date":"2020-10-20T09:40:21","date_gmt":"2020-10-20T07:40:21","guid":{"rendered":"https:\/\/bakerman.hu\/?page_id=633"},"modified":"2025-05-27T15:40:46","modified_gmt":"2025-05-27T13:40:46","slug":"impresszum","status":"publish","type":"page","link":"https:\/\/frissesropogos.hu\/en\/impresszum\/","title":{"rendered":"masthead"},"content":{"rendered":"<p><strong>Powered by<\/strong>: F&amp;R Partner Kft.<\/p>\n<p><strong>Headquarters<\/strong>: 2040 Buda\u00f6rs, Rakt\u00e1r u. 1.<\/p>\n<p><strong>Customer service<\/strong>:\u00a0<a href=\"\/en\/&\/#x6d;a&#x69;&#108;&#x74;&#x6f;:&#x6d;&#97;&#x72;&#x6b;e&#x74;&#105;&#x6e;&#x67;&#64;&#x6b;&#101;&#x6e;&#x79;e&#x72;&#101;&#x6d;&#x2e;h&#x75;\">marketing@kenyerem.hu<\/a><\/p>\n<p><strong>Company registration number<\/strong>: 13-09-140583<\/p>\n<p><strong>Registering authority<\/strong>: Court of Justice of the Budapest District Court<\/p>\n<p><strong>Tax number<\/strong>: 22948122-2-13<\/p>\n<p><strong>Hosting<\/strong>: Ar\u00e9na 99 Kft., 9751 V\u00e9p, Batthy\u00e1ny u. 16., i&#110;&#102;&#x6f;&#x40;&#x61;re&#110;&#97;&#x64;&#x69;&#x67;i&#116;&#97;&#108;&#x2e;&#x68;&#x75;<\/p>","protected":false},"excerpt":{"rendered":"<p>\u00dczemeltet\u0151: F&amp;R Partner Kft. Sz\u00e9khely: 2040 Buda\u00f6rs, Rakt\u00e1r u. 1. \u00dcgyf\u00e9lszolg\u00e1lat:\u00a0m&#97;&#x72;&#x6b;e&#116;&#105;&#x6e;&#x67;&#64;&#107;&#101;&#x6e;&#x79;e&#114;&#x65;&#x6d;&#x2e;h&#117; C\u00e9gjegyz\u00e9ksz\u00e1m: 13-09-140583 Nyilv\u00e1ntart\u00f3 hat\u00f3s\u00e1g: Budapest K\u00f6rny\u00e9ki T\u00f6rv\u00e9nysz\u00e9k C\u00e9gb\u00edr\u00f3s\u00e1ga Ad\u00f3sz\u00e1m: 22948122-2-13 T\u00e1rhelyszolg\u00e1ltat\u00f3: Ar\u00e9na 99 Kft., 9751 V\u00e9p, Batthy\u00e1ny u. 16., &#x69;&#110;&#x66;&#x6f;&#64;&#x61;&#114;e&#x6e;&#97;d&#x69;&#103;&#x69;&#x74;a&#x6c;&#46;h&#x75;<\/p>","protected":false},"author":1,"featured_media":0,"parent":0,"menu_order":0,"comment_status":"closed","ping_status":"closed","template":"","meta":{"om_disable_all_campaigns":false,"_monsterinsights_skip_tracking":false,"_monsterinsights_sitenote_active":false,"_monsterinsights_sitenote_note":"","_monsterinsights_sitenote_category":0,"footnotes":""},"class_list":["post-633","page","type-page","status-publish","hentry","description-off"],"aioseo_notices":[],"_links":{"self":[{"href":"https:\/\/frissesropogos.hu\/en\/wp-json\/wp\/v2\/pages\/633","targetHints":{"allow":["GET"]}}],"collection":[{"href":"https:\/\/frissesropogos.hu\/en\/wp-json\/wp\/v2\/pages"}],"about":[{"href":"https:\/\/frissesropogos.hu\/en\/wp-json\/wp\/v2\/types\/page"}],"author":[{"embeddable":true,"href":"https:\/\/frissesropogos.hu\/en\/wp-json\/wp\/v2\/users\/1"}],"replies":[{"embeddable":true,"href":"https:\/\/frissesropogos.hu\/en\/wp-json\/wp\/v2\/comments?post=633"}],"version-history":[{"count":1,"href":"https:\/\/frissesropogos.hu\/en\/wp-json\/wp\/v2\/pages\/633\/revisions"}],"predecessor-version":[{"id":5690,"href":"https:\/\/frissesropogos.hu\/en\/wp-json\/wp\/v2\/pages\/633\/revisions\/5690"}],"wp:attachment":[{"href":"https:\/\/frissesropogos.hu\/en\/wp-json\/wp\/v2\/media?parent=633"}],"curies":[{"name":"wp","href":"https:\/\/api.w.org\/{rel}","templated":true}]}}