{"id":4887,"date":"2024-01-19T15:38:22","date_gmt":"2024-01-19T13:38:22","guid":{"rendered":"https:\/\/dev.fandrpartner.hu\/?page_id=4887"},"modified":"2025-05-30T10:16:27","modified_gmt":"2025-05-30T08:16:27","slug":"home","status":"publish","type":"page","link":"https:\/\/frissesropogos.hu\/en\/","title":{"rendered":"Home"},"content":{"rendered":"\t\t<div data-elementor-type=\"wp-page\" data-elementor-id=\"4887\" class=\"elementor elementor-4887\" data-elementor-post-type=\"page\">\n\t\t\t\t\t\t<section class=\"elementor-section elementor-top-section elementor-element elementor-element-d57b931 elementor-section-full_width elementor-section-height-min-height elementor-section-items-stretch elementor-section-height-default elementor-invisible\" data-id=\"d57b931\" data-element_type=\"section\" data-settings=\"{&quot;background_background&quot;:&quot;slideshow&quot;,&quot;background_slideshow_gallery&quot;:[{&quot;id&quot;:3757,&quot;url&quot;:&quot;https:\\\/\\\/frissesropogos.hu\\\/wp-content\\\/uploads\\\/2022\\\/08\\\/weboldal-kepek-1.png&quot;},{&quot;id&quot;:3670,&quot;url&quot;:&quot;https:\\\/\\\/frissesropogos.hu\\\/wp-content\\\/uploads\\\/2022\\\/10\\\/shutterstock_780891301-scaled.jpg&quot;},{&quot;id&quot;:5697,&quot;url&quot;:&quot;https:\\\/\\\/frissesropogos.hu\\\/wp-content\\\/uploads\\\/2025\\\/05\\\/kicsi-8234.jpg&quot;},{&quot;id&quot;:5698,&quot;url&quot;:&quot;https:\\\/\\\/frissesropogos.hu\\\/wp-content\\\/uploads\\\/2025\\\/05\\\/nagy-5051-scaled.jpg&quot;}],&quot;background_slideshow_ken_burns&quot;:&quot;yes&quot;,&quot;motion_fx_motion_fx_scrolling&quot;:&quot;yes&quot;,&quot;animation&quot;:&quot;fadeIn&quot;,&quot;background_slideshow_loop&quot;:&quot;yes&quot;,&quot;background_slideshow_slide_duration&quot;:5000,&quot;background_slideshow_slide_transition&quot;:&quot;fade&quot;,&quot;background_slideshow_transition_duration&quot;:500,&quot;background_slideshow_ken_burns_zoom_direction&quot;:&quot;in&quot;,&quot;motion_fx_devices&quot;:[&quot;desktop&quot;,&quot;tablet&quot;,&quot;mobile&quot;]}\">\n\t\t\t\t\t\t\t<div class=\"elementor-background-overlay\"><\/div>\n\t\t\t\t\t\t\t<div class=\"elementor-container elementor-column-gap-default\">\n\t\t\t\t\t<div class=\"elementor-column elementor-col-100 elementor-top-column elementor-element elementor-element-21b3274\" data-id=\"21b3274\" data-element_type=\"column\" data-settings=\"{&quot;motion_fx_motion_fx_scrolling&quot;:&quot;yes&quot;,&quot;motion_fx_scale_effect&quot;:&quot;yes&quot;,&quot;motion_fx_scale_direction&quot;:&quot;in-out&quot;,&quot;motion_fx_scale_speed&quot;:{&quot;unit&quot;:&quot;px&quot;,&quot;size&quot;:4,&quot;sizes&quot;:[]},&quot;motion_fx_scale_range&quot;:{&quot;unit&quot;:&quot;%&quot;,&quot;size&quot;:&quot;&quot;,&quot;sizes&quot;:{&quot;start&quot;:20,&quot;end&quot;:80}},&quot;motion_fx_devices&quot;:[&quot;desktop&quot;,&quot;tablet&quot;,&quot;mobile&quot;]}\">\n\t\t\t<div class=\"elementor-widget-wrap elementor-element-populated\">\n\t\t\t\t\t\t<div class=\"elementor-element elementor-element-cd6b764 elementor-widget elementor-widget-heading\" data-id=\"cd6b764\" data-element_type=\"widget\" data-widget_type=\"heading.default\">\n\t\t\t\t<div class=\"elementor-widget-container\">\n\t\t\t\t\t<h1 class=\"elementor-heading-title elementor-size-default\">Minden, mi j\u00f3<\/h1>\t\t\t\t<\/div>\n\t\t\t\t<\/div>\n\t\t\t\t<div class=\"elementor-element elementor-element-537ee91 elementor-widget elementor-widget-image\" data-id=\"537ee91\" data-element_type=\"widget\" data-widget_type=\"image.default\">\n\t\t\t\t<div class=\"elementor-widget-container\">\n\t\t\t\t\t\t\t\t\t\t\t\t\t\t\t<img decoding=\"async\" width=\"254\" height=\"108\" src=\"https:\/\/frissesropogos.hu\/wp-content\/uploads\/2023\/09\/pantastico_logo-e1703156401701.png\" class=\"attachment-full size-full wp-image-3927\" alt=\"\" \/>\t\t\t\t\t\t\t\t\t\t\t\t\t\t\t<\/div>\n\t\t\t\t<\/div>\n\t\t\t\t\t<\/div>\n\t\t<\/div>\n\t\t\t\t\t<\/div>\n\t\t<\/section>\n\t\t<div class=\"elementor-element elementor-element-4c7b544 e-con-full e-flex e-con e-parent\" data-id=\"4c7b544\" data-element_type=\"container\">\n\t\t\t\t<div class=\"elementor-element elementor-element-db7fa84 elementor-widget elementor-widget-tp-pre-loader\" data-id=\"db7fa84\" data-element_type=\"widget\" data-widget_type=\"tp-pre-loader.default\">\n\t\t\t\t<div class=\"elementor-widget-container\">\n\t\t\t\t\t<div id=\"tp-loader-wrapper\" class=\"tp-loader-wrapper   \"  data-plec='{\"post_load_opt\":\"disablepostload\",\"loadtime\":\"loadtimemax\",\"loadmaxtime\":1}' data-post_load_opt=disablepostload><div id=\"tp-loader\"><div class='tp-text-loader'>Minden mi j\u00f3, Pantastico!<div class='tp-text-loader-inner'>Minden mi j\u00f3, Pantastico!<\/div><\/div><style>.elementor-element.elementor-element-db7fa84 .tp-preloader-help:after,.elementor-element.elementor-element-db7fa84 .tp-preloader-cord .tp-ball,.elementor-element.elementor-element-db7fa84 .tp-preloader-dots:before,.elementor-element.elementor-element-db7fa84 .tp_preloader_the_shake span{\r\n\t\t\t\t\t\tbackground:#000;\r\n\t\t\t\t\t}\r\n\t\t\t\t\t.elementor-element.elementor-element-db7fa84 .tp-ball-triangle-path>div,.elementor-element.elementor-element-db7fa84  .tp-ball-scale-ripple-multiple>div,.elementor-element.elementor-element-db7fa84 .tp-preloader-help{\r\n\t\t\t\t\t\tborder-color:#000;\r\n\t\t\t\t\t}\r\n\t\t\t\t\t.elementor-element.elementor-element-db7fa84 .tp-triangle-skew-spin>div{\r\n\t\t\t\t\t\tborder-bottom-color:#000;\r\n\t\t\t\t\t}\r\n\t\t\t\t\t.elementor-element.elementor-element-db7fa84 .tp_dot_1,.tp-preloader-dot .tp-preloader-dots:after{\r\n\t\t\t\t\t\tbackground:;\r\n\t\t\t\t\t}\r\n\t\t\t\t\t.elementor-element.elementor-element-db7fa84 .tp_preloader_spinning_disc:after{\r\n\t\t\t\t\t\tborder-top:10px solid ;\r\n\t\t\t\t\t\tborder-bottom:10px solid ;\r\n\t\t\t\t\t}\r\n\t\t\t\t\t@-webkit-keyframes tp_typing_loader {\r\n\t\t\t\t\t\t0% {\r\n\t\t\t\t\t\t\tbackground-color: #000;\r\n\t\t\t\t\t\t\tbox-shadow: 12px 0 0 0 #00033,24px 0 0 0 #00033\r\n\t\t\t\t\t\t}\r\n\r\n\t\t\t\t\t\t25% {\r\n\t\t\t\t\t\t\tbackground-color: #00066;\r\n\t\t\t\t\t\t\tbox-shadow: 12px 0 0 0 #00033,24px 0 0 0 #00033\r\n\t\t\t\t\t\t}\r\n\r\n\t\t\t\t\t\t75% {\r\n\t\t\t\t\t\t\tbackground-color: #00066;\r\n\t\t\t\t\t\t\tbox-shadow: 12px 0 0 0 #00033,24px 0 0 0 #000\r\n\t\t\t\t\t\t}\r\n\t\t\t\t\t}\r\n\r\n\t\t\t\t\t@-moz-keyframes tp_typing_loader {\r\n\t\t\t\t\t\t0% {\r\n\t\t\t\t\t\t\tbackground-color: #000;\r\n\t\t\t\t\t\t\tbox-shadow: 12px 0 0 0 #00033,24px 0 0 0 #00033\r\n\t\t\t\t\t\t}\r\n\r\n\t\t\t\t\t\t25% {\r\n\t\t\t\t\t\t\tbackground-color: #00066;\r\n\t\t\t\t\t\t\tbox-shadow: 12px 0 0 0 #00033,24px 0 0 0 #00033\r\n\t\t\t\t\t\t}\r\n\r\n\t\t\t\t\t\t75% {\r\n\t\t\t\t\t\t\tbackground-color: #00066;\r\n\t\t\t\t\t\t\tbox-shadow: 12px 0 0 0 #00033,24px 0 0 0 #000\r\n\t\t\t\t\t\t}\r\n\t\t\t\t\t}\r\n\r\n\t\t\t\t\t@keyframes tp_typing_loader {\r\n\t\t\t\t\t\t0% {\r\n\t\t\t\t\t\t\tbackground-color: #000;\r\n\t\t\t\t\t\t\tbox-shadow: 12px 0 0 0 #00033,24px 0 0 0 #00033\r\n\t\t\t\t\t\t}\r\n\r\n\t\t\t\t\t\t25% {\r\n\t\t\t\t\t\t\tbackground-color: #00066;\r\n\t\t\t\t\t\t\tbox-shadow: 12px 0 0 0 #00033,24px 0 0 0 #00033\r\n\t\t\t\t\t\t}\r\n\r\n\t\t\t\t\t\t75% {\r\n\t\t\t\t\t\t\tbackground-color: #00066;\r\n\t\t\t\t\t\t\tbox-shadow: 12px 0 0 0 #00033,24px 0 0 0 #000\r\n\t\t\t\t\t\t}\r\n\t\t\t\t\t}\r\n\r\n\t\t\t\t\t@-webkit-keyframes tp_preloader_1 {\r\n\t\t\t\t\t\t0% {height:5px;-webkit-transform:translateY(0px);-ms-transform:translateY(0px);-moz-transform:translateY(0px);-o-transform: translateY(0px); transform:translateY(0px);background:#000;}\r\n\t\t\t\t\t\t25% {height:30px;-webkit-transform:translateY(15px);-ms-transform:translateY(15px);-moz-transform:translateY(15px);-o-transform: translateY(15px); transform:translateY(15px);background:;}\r\n\t\t\t\t\t\t50% {height:5px;-webkit-transform:translateY(0px);-ms-transform:translateY(0px);-moz-transform:translateY(0px);-o-transform: translateY(0px); transform:translateY(0px);background:#000;}\r\n\t\t\t\t\t\t100% {height:5px;-webkit-transform:translateY(0px);-ms-transform:translateY(0px);-moz-transform:translateY(0px);-o-transform: translateY(0px); transform:translateY(0px);background:#000;}\r\n\t\t\t\t\t}\r\n\r\n\t\t\t\t\t@-moz-keyframes tp_preloader_1 {\r\n\t\t\t\t\t\t0% {height:5px;-moz-transform:translateY(0px);background:#000;}\r\n\t\t\t\t\t\t25% {height:30px;-moz-transform:translateY(15px);background:;}\r\n\t\t\t\t\t\t50% {height:5px;-moz-transform:translateY(0px);background:#000;}\r\n\t\t\t\t\t\t100% {height:5px;-moz-transform:translateY(0px);background:#000;}\r\n\t\t\t\t\t}\r\n\r\n\t\t\t\t\t@keyframes tp_preloader_1 {\r\n\t\t\t\t\t\t0% {height:5px;transform:translateY(0px);background:#000;}\r\n\t\t\t\t\t\t25% {height:30px;transform:translateY(15px);background:;}\r\n\t\t\t\t\t\t50% {height:5px;transform:translateY(0px);background:#000;}\r\n\t\t\t\t\t\t100% {height:5px;transform:translateY(0px);background:#000;}\r\n\t\t\t\t\t}\r\n\r\n\t\t\t\t\t.tp_preloader_circular_square span,.tp-preloader-12,.tp_preloader_spinning_disc{\t\r\n\t\t\t\t\t\tbackground:#000;\r\n\t\t\t\t\t}\r\n\r\n\t\t\t\t\t@-webkit-keyframes tp_preloader_5 {\r\n\t\t\t\t\t\t0% {-webkit-transform: rotate(0deg);}\r\n\t\t\t\t\t\t50% {-webkit-transform: rotate(180deg);background:;}\r\n\t\t\t\t\t\t100% {-webkit-transform: rotate(360deg);}\r\n\t\t\t\t\t}\r\n\r\n\t\t\t\t\t@-webkit-keyframes tp_preloader_5_after {\r\n\t\t\t\t\t\t0% {border-top:10px solid ;border-bottom:10px solid ;}\r\n\t\t\t\t\t\t50% {border-top:10px solid #000;border-bottom:10px solid #000;}\r\n\t\t\t\t\t\t100% {border-top:10px solid ;border-bottom:10px solid ;}\r\n\t\t\t\t\t}\r\n\r\n\t\t\t\t\t@-moz-keyframes tp_preloader_5 {\r\n\t\t\t\t\t\t0% {-moz-transform: rotate(0deg);}\r\n\t\t\t\t\t\t50% {-moz-transform: rotate(180deg);background:;}\r\n\t\t\t\t\t\t100% {-moz-transform: rotate(360deg);}\r\n\t\t\t\t\t}\r\n\r\n\t\t\t\t\t@-moz-keyframes tp_preloader_5_after {\r\n\t\t\t\t\t\t0% {border-top:10px solid ;border-bottom:10px solid ;}\r\n\t\t\t\t\t\t50% {border-top:10px solid #000;border-bottom:10px solid #000;}\r\n\t\t\t\t\t\t100% {border-top:10px solid ;border-bottom:10px solid ;}\r\n\t\t\t\t\t}\r\n\r\n\t\t\t\t\t@keyframes tp_preloader_5 {\r\n\t\t\t\t\t\t0% {transform: rotate(0deg);}\r\n\t\t\t\t\t\t50% {transform: rotate(180deg);background:;}\r\n\t\t\t\t\t\t100% {transform: rotate(360deg);}\r\n\t\t\t\t\t}\r\n\r\n\t\t\t\t\t@keyframes tp_preloader_5_after {\r\n\t\t\t\t\t\t0% {border-top:10px solid ;border-bottom:10px solid ;}\r\n\t\t\t\t\t\t50% {border-top:10px solid #000;border-bottom:10px solid #000;}\r\n\t\t\t\t\t\t100% {border-top:10px solid ;border-bottom:10px solid ;}\r\n\t\t\t\t\t}\r\n\r\n\t\t\t\t\t@-webkit-keyframes tp_preloader_4 {\r\n\t\t\t\t\t\t0% {opacity: 0.3; -webkit-transform:translateY(0px); -webkit-box-shadow:0px 0px 3px rgba(0, 0, 0, 0.1);  box-shadow: 0px 0px 3px rgba(0, 0, 0, 0.1);}\r\n\t\t\t\t\t\t50% {opacity: 1; -webkit-transform: translateY(-10px); background:; -webkit-box-shadow:0px 20px 3px rgba(0, 0, 0, 0.05); box-shadow: 0px 20px 3px rgba(0, 0, 0, 0.05);}\r\n\t\t\t\t\t\t100%  {opacity: 0.3; -webkit-transform:translateY(0px);\t-webkit-box-shadow:0px 0px 3px rgba(0, 0, 0, 0.1); box-shadow: 0px 0px 3px rgba(0, 0, 0, 0.1);}\r\n\t\t\t\t\t}\r\n\r\n\t\t\t\t\t@-moz-keyframes tp_preloader_4 {\r\n\t\t\t\t\t\t0% {opacity: 0.3; -moz-transform:translateY(0px); -moz-box-shadow: 0px 0px 3px rgba(0, 0, 0, 0.1); box-shadow: 0px 0px 3px rgba(0, 0, 0, 0.1);}\r\n\t\t\t\t\t\t50% {opacity: 1; -moz-transform: translateY(-10px); background:;\t-moz-box-shadow: 0px 20px 3px rgba(0, 0, 0, 0.05);box-shadow: 0px 20px 3px rgba(0, 0, 0, 0.05);}\r\n\t\t\t\t\t\t100%  {opacity: 0.3; -moz-transform:translateY(0px);-moz-box-shadow:0px 0px 3px rgba(0, 0, 0, 0.1);\tbox-shadow: 0px 0px 3px rgba(0, 0, 0, 0.1);}\r\n\t\t\t\t\t}\r\n\r\n\t\t\t\t\t@-ms-keyframes tp_preloader_4 {\r\n\t\t\t\t\t\t0% {opacity: 0.3; -ms-transform:translateY(0px); -webkit-box-shadow:0px 0px 3px rgba(0, 0, 0, 0.1); box-shadow: 0px 0px 3px rgba(0, 0, 0, 0.1);}\r\n\t\t\t\t\t\t50% {opacity: 1; -ms-transform: translateY(-10px); background:; -webkit-box-shadow:0px 20px 3px rgba(0, 0, 0, 0.05); -moz-box-shadow:0px 20px 3px rgba(0, 0, 0, 0.05);box-shadow: 0px 20px 3px rgba(0, 0, 0, 0.05);}\r\n\t\t\t\t\t\t100%  {opacity: 0.3; -ms-transform:translateY(0px);\t-webkit-box-shadow: 0px 0px 3px rgba(0, 0, 0, 0.1);-moz-box-shadow: 0px 0px 3px rgba(0, 0, 0, 0.1);box-shadow: 0px 0px 3px rgba(0, 0, 0, 0.1);}\r\n\t\t\t\t\t}\r\n\r\n\t\t\t\t\t@keyframes tp_preloader_4 {\r\n\t\t\t\t\t\t0% {opacity: 0.3; transform:translateY(0px);-webkit-box-shadow:0px 0px 3px rgba(0, 0, 0, 0.1);-moz-box-shadow:0px 0px 3px rgba(0, 0, 0, 0.1); box-shadow: 0px 0px 3px rgba(0, 0, 0, 0.1);}\r\n\t\t\t\t\t\t50% {opacity: 1; transform: translateY(-10px); background:; -webkit-box-shadow:0px 20px 3px rgba(0, 0, 0, 0.05); -moz-box-shadow:0px 20px 3px rgba(0, 0, 0, 0.05);box-shadow: 0px 20px 3px rgba(0, 0, 0, 0.05);}\r\n\t\t\t\t\t\t100%  {opacity: 0.3; transform:translateY(0px);\t-webkit-box-shadow:0px 0px 3px rgba(0, 0, 0, 0.1);-moz-box-shadow:0px 0px 3px rgba(0, 0, 0, 0.1); box-shadow: 0px 0px 3px rgba(0, 0, 0, 0.1);}\r\n\t\t\t\t\t}\r\n\t\t\t\t<\/style><\/div><\/div>\t\t\t\t<\/div>\n\t\t\t\t<\/div>\n\t\t\t\t<\/div>\n\t\t\t\t<section class=\"elementor-section elementor-top-section elementor-element elementor-element-5ef0229 elementor-section-full_width elementor-section-height-min-height elementor-section-items-stretch elementor-section-content-middle elementor-section-height-default\" data-id=\"5ef0229\" data-element_type=\"section\">\n\t\t\t\t\t\t<div class=\"elementor-container elementor-column-gap-no\">\n\t\t\t\t\t<div class=\"elementor-column elementor-col-33 elementor-top-column elementor-element elementor-element-4a293cd\" data-id=\"4a293cd\" data-element_type=\"column\">\n\t\t\t<div class=\"elementor-widget-wrap elementor-element-populated\">\n\t\t\t\t\t\t<div class=\"elementor-element elementor-element-206a9e9 elementor-cta--skin-cover elementor-cta--valign-middle elementor-bg-transform elementor-bg-transform-zoom-in elementor-widget elementor-widget-call-to-action\" data-id=\"206a9e9\" data-element_type=\"widget\" data-widget_type=\"call-to-action.default\">\n\t\t\t\t<div class=\"elementor-widget-container\">\n\t\t\t\t\t\t\t<a class=\"elementor-cta\" href=\"https:\/\/frissesropogos.hu\/bemutatkozas\/\">\n\t\t\t\t\t<div class=\"elementor-cta__bg-wrapper\">\n\t\t\t\t<div class=\"elementor-cta__bg elementor-bg\" style=\"background-image: url(https:\/\/frissesropogos.hu\/wp-content\/uploads\/2022\/10\/shutterstock_780891301-768x512.jpg);\" role=\"img\" aria-label=\"Delicious,Chicken,Wings,In,Bread,Crumbs,And,Potato,Wedges,Close\"><\/div>\n\t\t\t\t<div class=\"elementor-cta__bg-overlay\"><\/div>\n\t\t\t<\/div>\n\t\t\t\t\t\t\t<div class=\"elementor-cta__content\">\n\t\t\t\t\n\t\t\t\t\t\t\t\t\t<h2 class=\"elementor-cta__title elementor-cta__content-item elementor-content-item\">\n\t\t\t\t\t\tTapasztalat\t\t\t\t\t<\/h2>\n\t\t\t\t\n\t\t\t\t\t\t\t\t\t<div class=\"elementor-cta__description elementor-cta__content-item elementor-content-item\">\n\t\t\t\t\t\tT\u00f6bb \u00e9vtizedes szakmai tapasztalatunk a kiv\u00e1l\u00f3 min\u0151s\u00e9g z\u00e1loga.\n\t\t\t\t\t<\/div>\n\t\t\t\t\n\t\t\t\t\t\t\t<\/div>\n\t\t\t\t\t\t<\/a>\n\t\t\t\t\t\t<\/div>\n\t\t\t\t<\/div>\n\t\t\t\t\t<\/div>\n\t\t<\/div>\n\t\t\t\t<div class=\"elementor-column elementor-col-33 elementor-top-column elementor-element elementor-element-2cb5a5b\" data-id=\"2cb5a5b\" data-element_type=\"column\">\n\t\t\t<div class=\"elementor-widget-wrap elementor-element-populated\">\n\t\t\t\t\t\t<div class=\"elementor-element elementor-element-db9a0e2 elementor-cta--skin-cover elementor-cta--valign-middle anchor-link elementor-bg-transform elementor-bg-transform-zoom-in elementor-widget elementor-widget-call-to-action\" data-id=\"db9a0e2\" data-element_type=\"widget\" data-widget_type=\"call-to-action.default\">\n\t\t\t\t<div class=\"elementor-widget-container\">\n\t\t\t\t\t\t\t<a class=\"elementor-cta\" href=\"https:\/\/frissesropogos.hu\/termekek\/\">\n\t\t\t\t\t<div class=\"elementor-cta__bg-wrapper\">\n\t\t\t\t<div class=\"elementor-cta__bg elementor-bg\" style=\"background-image: url(https:\/\/frissesropogos.hu\/wp-content\/uploads\/2021\/01\/a-pe\u0301kse\u0301g-to\u0308rte\u0301nete-scaled.jpg);\" role=\"img\" aria-label=\"a pe\u0301kse\u0301g to\u0308rte\u0301nete\"><\/div>\n\t\t\t\t<div class=\"elementor-cta__bg-overlay\"><\/div>\n\t\t\t<\/div>\n\t\t\t\t\t\t\t<div class=\"elementor-cta__content\">\n\t\t\t\t\n\t\t\t\t\t\t\t\t\t<h2 class=\"elementor-cta__title elementor-cta__content-item elementor-content-item\">\n\t\t\t\t\t\tSz\u00e9les v\u00e1laszt\u00e9k\t\t\t\t\t<\/h2>\n\t\t\t\t\n\t\t\t\t\t\t\t\t\t<div class=\"elementor-cta__description elementor-cta__content-item elementor-content-item\">\n\t\t\t\t\t\tSz\u00e9les term\u00e9kk\u00edn\u00e1latunkban megtal\u00e1lhat\u00f3 a Pantastico! term\u00e9kcsal\u00e1d, amely a k\u00fcl\u00f6nf\u00e9le s\u00f3s \u00e9s \u00e9des p\u00e9ks\u00fctem\u00e9nyeink mellett pr\u00e9mium min\u0151s\u00e9g\u0171 toast kenyereket, hot dog kifliket, hamburger zseml\u00e9ket, gazdag \u00edzvil\u00e1g\u00fa bejgliket \u00e9s egy\u00e9b, gondosan k\u00e9sz\u00edtett szezon\u00e1lis p\u00e9k\u00e1rukat k\u00edn\u00e1l.\n\t\t\t\t\t<\/div>\n\t\t\t\t\n\t\t\t\t\t\t\t<\/div>\n\t\t\t\t\t\t<\/a>\n\t\t\t\t\t\t<\/div>\n\t\t\t\t<\/div>\n\t\t\t\t\t<\/div>\n\t\t<\/div>\n\t\t\t\t<div class=\"elementor-column elementor-col-33 elementor-top-column elementor-element elementor-element-d5c139e\" data-id=\"d5c139e\" data-element_type=\"column\">\n\t\t\t<div class=\"elementor-widget-wrap elementor-element-populated\">\n\t\t\t\t\t\t<div class=\"elementor-element elementor-element-0aa6a10 elementor-cta--skin-cover elementor-cta--valign-middle anchor-link elementor-bg-transform elementor-bg-transform-zoom-in elementor-widget elementor-widget-call-to-action\" data-id=\"0aa6a10\" data-element_type=\"widget\" data-widget_type=\"call-to-action.default\">\n\t\t\t\t<div class=\"elementor-widget-container\">\n\t\t\t\t\t\t\t<a class=\"elementor-cta\" href=\"\/partnereink\/\">\n\t\t\t\t\t<div class=\"elementor-cta__bg-wrapper\">\n\t\t\t\t<div class=\"elementor-cta__bg elementor-bg\" style=\"background-image: url(https:\/\/frissesropogos.hu\/wp-content\/uploads\/2022\/08\/weboldal-kepek-2-768x644.png);\" role=\"img\" aria-label=\"weboldal k\u00e9pek (2)\"><\/div>\n\t\t\t\t<div class=\"elementor-cta__bg-overlay\"><\/div>\n\t\t\t<\/div>\n\t\t\t\t\t\t\t<div class=\"elementor-cta__content\">\n\t\t\t\t\n\t\t\t\t\t\t\t\t\t<h2 class=\"elementor-cta__title elementor-cta__content-item elementor-content-item\">\n\t\t\t\t\t\tPartnereink\t\t\t\t\t<\/h2>\n\t\t\t\t\n\t\t\t\t\t\t\t\t\t<div class=\"elementor-cta__description elementor-cta__content-item elementor-content-item\">\n\t\t\t\t\t\tFedezze fel kiterjedt partneri h\u00e1l\u00f3zatunkat.\t\t\t\t\t<\/div>\n\t\t\t\t\n\t\t\t\t\t\t\t<\/div>\n\t\t\t\t\t\t<\/a>\n\t\t\t\t\t\t<\/div>\n\t\t\t\t<\/div>\n\t\t\t\t\t<\/div>\n\t\t<\/div>\n\t\t\t\t\t<\/div>\n\t\t<\/section>\n\t\t\t\t<\/div>\n\t\t","protected":false},"excerpt":{"rendered":"<p>All that is good All that is good, Pantastico!All that is good, Pantastico! Experience Decades of professional experience are a guarantee of quality. A wide range Our wide range of products includes the Pantastico! range, which offers a variety of savoury and sweet baked goods, as well as premium quality toast, hot dog buns, hamburger buns, richly flavoured beignets and other carefully prepared seasonal baked goods. Our partners...<\/p>","protected":false},"author":1,"featured_media":0,"parent":0,"menu_order":0,"comment_status":"closed","ping_status":"closed","template":"elementor_header_footer","meta":{"om_disable_all_campaigns":false,"_monsterinsights_skip_tracking":false,"_monsterinsights_sitenote_active":false,"_monsterinsights_sitenote_note":"","_monsterinsights_sitenote_category":0,"footnotes":""},"class_list":["post-4887","page","type-page","status-publish","hentry"],"aioseo_notices":[],"_links":{"self":[{"href":"https:\/\/frissesropogos.hu\/en\/wp-json\/wp\/v2\/pages\/4887","targetHints":{"allow":["GET"]}}],"collection":[{"href":"https:\/\/frissesropogos.hu\/en\/wp-json\/wp\/v2\/pages"}],"about":[{"href":"https:\/\/frissesropogos.hu\/en\/wp-json\/wp\/v2\/types\/page"}],"author":[{"embeddable":true,"href":"https:\/\/frissesropogos.hu\/en\/wp-json\/wp\/v2\/users\/1"}],"replies":[{"embeddable":true,"href":"https:\/\/frissesropogos.hu\/en\/wp-json\/wp\/v2\/comments?post=4887"}],"version-history":[{"count":63,"href":"https:\/\/frissesropogos.hu\/en\/wp-json\/wp\/v2\/pages\/4887\/revisions"}],"predecessor-version":[{"id":5735,"href":"https:\/\/frissesropogos.hu\/en\/wp-json\/wp\/v2\/pages\/4887\/revisions\/5735"}],"wp:attachment":[{"href":"https:\/\/frissesropogos.hu\/en\/wp-json\/wp\/v2\/media?parent=4887"}],"curies":[{"name":"wp","href":"https:\/\/api.w.org\/{rel}","templated":true}]}}