{"id":3949,"date":"2021-05-02T12:06:03","date_gmt":"2021-05-02T12:06:03","guid":{"rendered":"https:\/\/the7.io\/winery\/?page_id=10"},"modified":"2025-05-30T21:39:48","modified_gmt":"2025-05-30T19:39:48","slug":"bemutatkozas","status":"publish","type":"page","link":"https:\/\/frissesropogos.hu\/en\/bemutatkozas\/","title":{"rendered":"About"},"content":{"rendered":"\t\t<div data-elementor-type=\"wp-page\" data-elementor-id=\"3949\" class=\"elementor elementor-3949\" data-elementor-post-type=\"page\">\n\t\t\t\t\t\t<section class=\"elementor-section elementor-top-section elementor-element elementor-element-6768290 elementor-section-full_width elementor-section-height-default elementor-section-height-default\" data-id=\"6768290\" data-element_type=\"section\">\n\t\t\t\t\t\t<div class=\"elementor-container elementor-column-gap-wide\">\n\t\t\t\t\t<div class=\"elementor-column elementor-col-100 elementor-top-column elementor-element elementor-element-8f47dd8\" data-id=\"8f47dd8\" data-element_type=\"column\">\n\t\t\t<div class=\"elementor-widget-wrap elementor-element-populated\">\n\t\t\t\t\t\t<div class=\"elementor-element elementor-element-9ceed2a elementor-widget elementor-widget-text-editor\" data-id=\"9ceed2a\" data-element_type=\"widget\" data-widget_type=\"text-editor.default\">\n\t\t\t\t<div class=\"elementor-widget-container\">\n\t\t\t\t\t\t\t\t\t<div id=\"ultimate-heading-617365843f5217a74\" class=\"uvc-heading ult-adjust-bottom-margin ultimate-heading-617365843f5217a74 uvc-2713 uvc-heading-default-font-sizes\" data-hspacer=\"icon_only\" data-halign=\"left\"><div class=\"uvc-sub-heading ult-responsive\" data-ultimate-target=\".uvc-heading.ultimate-heading-617365843f5217a74 .uvc-sub-heading \" data-responsive-json-new=\"{&quot;font-size&quot;:&quot;&quot;,&quot;line-height&quot;:&quot;desktop:27px;&quot;}\"><p>Az <strong data-start=\"140\" data-end=\"160\">F&amp;R Partner Kft.<\/strong> 2010 \u00f3ta az egyik <strong data-start=\"179\" data-end=\"230\">legdinamikusabban fejl\u0151d\u0151 s\u00fct\u0151ipari v\u00e1llalkoz\u00e1s <\/strong>Magyarorsz\u00e1gon. C\u00e9lunk, hogy a min\u0151s\u00e9get \u00e9s a hagyom\u00e1nyokat \u00f6tv\u00f6zve olyan term\u00e9keket k\u00edn\u00e1ljunk, amelyek minden \u00edzl\u00e9st kiel\u00e9g\u00edtenek. <strong data-start=\"646\" data-end=\"676\">Sz\u00e9les term\u00e9kk\u00edn\u00e1latunkban<\/strong> megtal\u00e1lhat\u00f3k a <strong>hagyom\u00e1nyos magyar p\u00e9ks\u00fctem\u00e9nyek<\/strong> mellett a <strong data-start=\"736\" data-end=\"773\">nemzetk\u00f6zi konyha k\u00fcl\u00f6nlegess\u00e9gei<\/strong> is. B\u00fcszk\u00e9k vagyunk kiv\u00e1l\u00f3 min\u0151s\u00e9g\u0171 p\u00e9k\u00e1ruinkra \u00e9s innovat\u00edv gy\u00e1rt\u00e1si technol\u00f3gi\u00e1inkra. Term\u00e9keinket 3 hazai \u00fczemben k\u00e9sz\u00edtj\u00fck, \u00e9s jelenleg 9 eur\u00f3pai orsz\u00e1gba export\u00e1ljuk. Min\u0151s\u00e9g ir\u00e1nti elk\u00f6telezetts\u00e9g\u00fcnk \u00e9s fenntarthat\u00f3 szeml\u00e9letm\u00f3dunk r\u00e9v\u00e9n m\u00e1ra a r\u00e9gi\u00f3 meghat\u00e1roz\u00f3 \u00e9lelmiszeripari szerepl\u0151j\u00e9v\u00e9 v\u00e1ltunk.<\/p><\/div><\/div>\t\t\t\t\t\t\t\t<\/div>\n\t\t\t\t<\/div>\n\t\t\t\t\t<\/div>\n\t\t<\/div>\n\t\t\t\t\t<\/div>\n\t\t<\/section>\n\t\t\t\t<section class=\"elementor-section elementor-top-section elementor-element elementor-element-a5b2d7f elementor-section-full_width elementor-reverse-mobile elementor-section-height-default elementor-section-height-default\" data-id=\"a5b2d7f\" data-element_type=\"section\">\n\t\t\t\t\t\t<div class=\"elementor-container elementor-column-gap-wide\">\n\t\t\t\t\t<div class=\"elementor-column elementor-col-50 elementor-top-column elementor-element elementor-element-7608ddf\" data-id=\"7608ddf\" data-element_type=\"column\">\n\t\t\t<div class=\"elementor-widget-wrap elementor-element-populated\">\n\t\t\t\t\t\t<div class=\"elementor-element elementor-element-8987ce7 elementor-widget elementor-widget-heading\" data-id=\"8987ce7\" data-element_type=\"widget\" data-widget_type=\"heading.default\">\n\t\t\t\t<div class=\"elementor-widget-container\">\n\t\t\t\t\t<h4 class=\"elementor-heading-title elementor-size-default\">MIN\u0150S\u00c9G MINDENEK EL\u0150TT<\/h4>\t\t\t\t<\/div>\n\t\t\t\t<\/div>\n\t\t\t\t<div class=\"elementor-element elementor-element-d7fa2be elementor-widget elementor-widget-text-editor\" data-id=\"d7fa2be\" data-element_type=\"widget\" data-widget_type=\"text-editor.default\">\n\t\t\t\t<div class=\"elementor-widget-container\">\n\t\t\t\t\t\t\t\t\t<p>Term\u00e9keink min\u0151s\u00e9g\u00e9t a <strong>v\u00e1logatott alapanyagok<\/strong> \u00e9s a <strong>szigor\u00faan szab\u00e1lyozott gy\u00e1rt\u00e1si k\u00f6rnyezet<\/strong> biztos\u00edtja. \u00c9lelmiszereink biztons\u00e1g\u00e1t az <b>IFS min\u0151s\u00e9gbiztos\u00edt\u00e1si szabv\u00e1ny<\/b> szerinti m\u0171k\u00f6d\u00e9s\u00fcnk garant\u00e1lja. Dolgoz\u00f3ink <strong>t\u00f6bb \u00e9ves szakmai tapasztalattal<\/strong> rendelkeznek. Alapanyagainkat \u00e9s seg\u00e9danyagainkat <b>rendszeresen audit\u00e1lt, <\/b><b>magyar illetve nemzetk\u00f6zi tulajdon\u00fa v\u00e1llalkoz\u00e1sokt\u00f3l szerezz\u00fck be.<\/b><\/p>\t\t\t\t\t\t\t\t<\/div>\n\t\t\t\t<\/div>\n\t\t\t\t\t<\/div>\n\t\t<\/div>\n\t\t\t\t<div class=\"elementor-column elementor-col-50 elementor-top-column elementor-element elementor-element-f3891a4\" data-id=\"f3891a4\" data-element_type=\"column\" data-settings=\"{&quot;background_background&quot;:&quot;slideshow&quot;,&quot;background_slideshow_gallery&quot;:[{&quot;id&quot;:5744,&quot;url&quot;:&quot;https:\\\/\\\/frissesropogos.hu\\\/wp-content\\\/uploads\\\/2025\\\/05\\\/Nevtelen-terv-29.png&quot;},{&quot;id&quot;:5748,&quot;url&quot;:&quot;https:\\\/\\\/frissesropogos.hu\\\/wp-content\\\/uploads\\\/2025\\\/05\\\/Nevtelen-terv-31.png&quot;}],&quot;background_slideshow_loop&quot;:&quot;yes&quot;,&quot;background_slideshow_slide_duration&quot;:5000,&quot;background_slideshow_slide_transition&quot;:&quot;fade&quot;,&quot;background_slideshow_transition_duration&quot;:500}\">\n\t\t\t<div class=\"elementor-widget-wrap elementor-element-populated\">\n\t\t\t\t\t\t<div class=\"elementor-element elementor-element-aac647d elementor-widget elementor-widget-spacer\" data-id=\"aac647d\" data-element_type=\"widget\" data-widget_type=\"spacer.default\">\n\t\t\t\t<div class=\"elementor-widget-container\">\n\t\t\t\t\t\t\t<div class=\"elementor-spacer\">\n\t\t\t<div class=\"elementor-spacer-inner\"><\/div>\n\t\t<\/div>\n\t\t\t\t\t\t<\/div>\n\t\t\t\t<\/div>\n\t\t\t\t\t<\/div>\n\t\t<\/div>\n\t\t\t\t\t<\/div>\n\t\t<\/section>\n\t\t\t\t<section class=\"elementor-section elementor-top-section elementor-element elementor-element-8c1c33e elementor-section-full_width elementor-section-height-default elementor-section-height-default\" data-id=\"8c1c33e\" data-element_type=\"section\">\n\t\t\t\t\t\t<div class=\"elementor-container elementor-column-gap-wide\">\n\t\t\t\t\t<div class=\"elementor-column elementor-col-50 elementor-top-column elementor-element elementor-element-7594d8e\" data-id=\"7594d8e\" data-element_type=\"column\" data-settings=\"{&quot;background_background&quot;:&quot;slideshow&quot;,&quot;background_slideshow_gallery&quot;:[{&quot;id&quot;:5594,&quot;url&quot;:&quot;https:\\\/\\\/frissesropogos.hu\\\/wp-content\\\/uploads\\\/2025\\\/04\\\/Hot-dog-kifli-scaled-1.jpg&quot;}],&quot;background_slideshow_loop&quot;:&quot;yes&quot;,&quot;background_slideshow_slide_duration&quot;:5000,&quot;background_slideshow_slide_transition&quot;:&quot;fade&quot;,&quot;background_slideshow_transition_duration&quot;:500}\">\n\t\t\t<div class=\"elementor-widget-wrap elementor-element-populated\">\n\t\t\t\t\t\t<div class=\"elementor-element elementor-element-0aa3831 elementor-widget elementor-widget-spacer\" data-id=\"0aa3831\" data-element_type=\"widget\" data-widget_type=\"spacer.default\">\n\t\t\t\t<div class=\"elementor-widget-container\">\n\t\t\t\t\t\t\t<div class=\"elementor-spacer\">\n\t\t\t<div class=\"elementor-spacer-inner\"><\/div>\n\t\t<\/div>\n\t\t\t\t\t\t<\/div>\n\t\t\t\t<\/div>\n\t\t\t\t\t<\/div>\n\t\t<\/div>\n\t\t\t\t<div class=\"elementor-column elementor-col-50 elementor-top-column elementor-element elementor-element-e3dbe86\" data-id=\"e3dbe86\" data-element_type=\"column\">\n\t\t\t<div class=\"elementor-widget-wrap elementor-element-populated\">\n\t\t\t\t\t\t<div class=\"elementor-element elementor-element-1b8c744 elementor-widget elementor-widget-heading\" data-id=\"1b8c744\" data-element_type=\"widget\" data-widget_type=\"heading.default\">\n\t\t\t\t<div class=\"elementor-widget-container\">\n\t\t\t\t\t<h4 class=\"elementor-heading-title elementor-size-default\">SZ\u00c9LES TERM\u00c9KV\u00c1LASZT\u00c9K<\/h4>\t\t\t\t<\/div>\n\t\t\t\t<\/div>\n\t\t\t\t<div class=\"elementor-element elementor-element-e81eaff elementor-widget elementor-widget-text-editor\" data-id=\"e81eaff\" data-element_type=\"widget\" data-widget_type=\"text-editor.default\">\n\t\t\t\t<div class=\"elementor-widget-container\">\n\t\t\t\t\t\t\t\t\t<p>H\u00e1rom hazai \u00fczem\u00fcnkben <strong>friss \u00e9s fagyasztott<\/strong> kateg\u00f3ri\u00e1ban, mind a hazai, mind a nemzetk\u00f6zi s\u00fct\u0151ipari trendeket figyelemmel k\u00eds\u00e9rve sz\u00e9les palett\u00e1n \u00e1ll\u00edtunk el\u0151 k\u00fcl\u00f6nf\u00e9le <strong>\u00e9des \u00e9s s\u00f3s p\u00e9ks\u00fctem\u00e9nyeket.<\/strong> <strong>Kulcsterm\u00e9keink<\/strong> k\u00f6z\u00e9 tartoznak a <strong>toast kenyerek, francia \u00e9s amerikai<\/strong> <strong>hot dog kiflik,<\/strong> <strong>bejglik, kal\u00e1csok,<\/strong> <strong>hamburgerzseml\u00e9k,<\/strong> <strong>pan\u00edrmorzsa<\/strong> \u00e9s <strong>panko morzsa.<\/strong>\u00a0<\/p>\t\t\t\t\t\t\t\t<\/div>\n\t\t\t\t<\/div>\n\t\t\t\t\t<\/div>\n\t\t<\/div>\n\t\t\t\t\t<\/div>\n\t\t<\/section>\n\t\t\t\t<section class=\"elementor-section elementor-top-section elementor-element elementor-element-6dd86c1 elementor-reverse-mobile elementor-section-content-middle elementor-section-boxed elementor-section-height-default elementor-section-height-default\" data-id=\"6dd86c1\" data-element_type=\"section\">\n\t\t\t\t\t\t<div class=\"elementor-container elementor-column-gap-no\">\n\t\t\t\t\t<div class=\"elementor-column elementor-col-50 elementor-top-column elementor-element elementor-element-e704c95\" data-id=\"e704c95\" data-element_type=\"column\">\n\t\t\t<div class=\"elementor-widget-wrap elementor-element-populated\">\n\t\t\t\t\t\t<div class=\"elementor-element elementor-element-b5d3152 elementor-widget elementor-widget-heading\" data-id=\"b5d3152\" data-element_type=\"widget\" data-widget_type=\"heading.default\">\n\t\t\t\t<div class=\"elementor-widget-container\">\n\t\t\t\t\t<h4 class=\"elementor-heading-title elementor-size-default\"><span style=\"background-color: rgba(255, 255, 255, 0);\">PANTASTICO! TERM\u00c9KCSAL\u00c1D<\/span><span style=\"background-color: rgba(255, 255, 255, 0);\"><\/span><br><\/h4>\t\t\t\t<\/div>\n\t\t\t\t<\/div>\n\t\t\t\t<div class=\"elementor-element elementor-element-4add2bb elementor-widget elementor-widget-text-editor\" data-id=\"4add2bb\" data-element_type=\"widget\" data-widget_type=\"text-editor.default\">\n\t\t\t\t<div class=\"elementor-widget-container\">\n\t\t\t\t\t\t\t\t\t<p>A<b>\u00a0Pantastico!\u00a0<\/b>term\u00e9kekben ott rejlik a <strong>term\u00e9szetes alapanyagok<\/strong> tisztelete \u00e9s az <strong>innov\u00e1ci\u00f3<\/strong> ir\u00e1nti elk\u00f6telezetts\u00e9g. A term\u00e9kek <strong>hossz\u00fa eltarthat\u00f3s\u00e1g<\/strong>\u00e1t a pr\u00e9mium alapanyagok, a szigor\u00faan szab\u00e1lyozott gy\u00e1rt\u00e1si t\u00e9r \u00e9s az innovat\u00edv csomagol\u00e1stechnol\u00f3gia garant\u00e1lja. Az olasz recept\u00fara alapj\u00e1n el\u0151\u00e1ll\u00edtott <strong>Pantastico! Bauletto toast<\/strong> <strong>szeleteink tart\u00f3s\u00edt\u00f3szer- \u00e9s adal\u00e9kanyag-mentesek!<\/strong><\/p><p><b>Minden mi j\u00f3, Pantastico!<\/b>\u00a0<\/p>\t\t\t\t\t\t\t\t<\/div>\n\t\t\t\t<\/div>\n\t\t\t\t\t<\/div>\n\t\t<\/div>\n\t\t\t\t<div class=\"elementor-column elementor-col-50 elementor-top-column elementor-element elementor-element-21cd78a\" data-id=\"21cd78a\" data-element_type=\"column\" data-settings=\"{&quot;background_background&quot;:&quot;slideshow&quot;,&quot;background_slideshow_gallery&quot;:[{&quot;id&quot;:5783,&quot;url&quot;:&quot;https:\\\/\\\/frissesropogos.hu\\\/wp-content\\\/uploads\\\/2025\\\/05\\\/Nevtelen-terv-35.png&quot;}],&quot;background_slideshow_loop&quot;:&quot;yes&quot;,&quot;background_slideshow_slide_duration&quot;:5000,&quot;background_slideshow_slide_transition&quot;:&quot;fade&quot;,&quot;background_slideshow_transition_duration&quot;:500}\">\n\t\t\t<div class=\"elementor-widget-wrap elementor-element-populated\">\n\t\t\t\t\t\t<div class=\"elementor-element elementor-element-c2257a0 elementor-widget elementor-widget-spacer\" data-id=\"c2257a0\" data-element_type=\"widget\" data-widget_type=\"spacer.default\">\n\t\t\t\t<div class=\"elementor-widget-container\">\n\t\t\t\t\t\t\t<div class=\"elementor-spacer\">\n\t\t\t<div class=\"elementor-spacer-inner\"><\/div>\n\t\t<\/div>\n\t\t\t\t\t\t<\/div>\n\t\t\t\t<\/div>\n\t\t\t\t\t<\/div>\n\t\t<\/div>\n\t\t\t\t\t<\/div>\n\t\t<\/section>\n\t\t\t\t<section class=\"elementor-section elementor-top-section elementor-element elementor-element-732092c elementor-section-content-top elementor-section-boxed elementor-section-height-default elementor-section-height-default\" data-id=\"732092c\" data-element_type=\"section\">\n\t\t\t\t\t\t<div class=\"elementor-container elementor-column-gap-wider\">\n\t\t\t\t\t<div class=\"elementor-column elementor-col-50 elementor-top-column elementor-element elementor-element-9c32294\" data-id=\"9c32294\" data-element_type=\"column\" data-settings=\"{&quot;background_background&quot;:&quot;slideshow&quot;,&quot;background_slideshow_gallery&quot;:[{&quot;id&quot;:5760,&quot;url&quot;:&quot;https:\\\/\\\/frissesropogos.hu\\\/wp-content\\\/uploads\\\/2025\\\/05\\\/Nevtelen-terv-34.png&quot;}],&quot;background_slideshow_loop&quot;:&quot;yes&quot;,&quot;background_slideshow_slide_duration&quot;:5000,&quot;background_slideshow_slide_transition&quot;:&quot;fade&quot;,&quot;background_slideshow_transition_duration&quot;:500}\">\n\t\t\t<div class=\"elementor-widget-wrap elementor-element-populated\">\n\t\t\t\t\t\t<div class=\"elementor-element elementor-element-97f13c5 elementor-widget elementor-widget-spacer\" data-id=\"97f13c5\" data-element_type=\"widget\" data-widget_type=\"spacer.default\">\n\t\t\t\t<div class=\"elementor-widget-container\">\n\t\t\t\t\t\t\t<div class=\"elementor-spacer\">\n\t\t\t<div class=\"elementor-spacer-inner\"><\/div>\n\t\t<\/div>\n\t\t\t\t\t\t<\/div>\n\t\t\t\t<\/div>\n\t\t\t\t\t<\/div>\n\t\t<\/div>\n\t\t\t\t<div class=\"elementor-column elementor-col-50 elementor-top-column elementor-element elementor-element-6b71207\" data-id=\"6b71207\" data-element_type=\"column\">\n\t\t\t<div class=\"elementor-widget-wrap elementor-element-populated\">\n\t\t\t\t\t\t<div class=\"elementor-element elementor-element-908c2be elementor-widget elementor-widget-heading\" data-id=\"908c2be\" data-element_type=\"widget\" data-widget_type=\"heading.default\">\n\t\t\t\t<div class=\"elementor-widget-container\">\n\t\t\t\t\t<h4 class=\"elementor-heading-title elementor-size-default\"><span style=\"background-color: rgba(255, 255, 255, 0);\">KERESKEDELMI PARTNEREINK<\/span><\/h4>\t\t\t\t<\/div>\n\t\t\t\t<\/div>\n\t\t\t\t<div class=\"elementor-element elementor-element-561a8a9 elementor-widget elementor-widget-text-editor\" data-id=\"561a8a9\" data-element_type=\"widget\" data-widget_type=\"text-editor.default\">\n\t\t\t\t<div class=\"elementor-widget-container\">\n\t\t\t\t\t\t\t\t\t<p>Term\u00e9keink\u00a0<strong>Pantastico!<\/strong> \u00e9s <strong>Friss \u00e9s Ropog\u00f3s<\/strong> m\u00e1rkan\u00e9ven sz\u00e9les v\u00e1laszt\u00e9kban megtal\u00e1lhat\u00f3k a <strong>hipermarketek, szupermarketek<\/strong>, valamint <strong>diszkont \u00e1ruh\u00e1zak <\/strong>polcain, \u00e9s a <strong>MOL t\u00f6lt\u0151\u00e1llom\u00e1sok Fresh Corner<\/strong> k\u00edn\u00e1lat\u00e1ban.\u00a0<\/p>\t\t\t\t\t\t\t\t<\/div>\n\t\t\t\t<\/div>\n\t\t\t\t\t<\/div>\n\t\t<\/div>\n\t\t\t\t\t<\/div>\n\t\t<\/section>\n\t\t\t\t<\/div>\n\t\t","protected":false},"excerpt":{"rendered":"<p>Since 2010, F&amp;R Partner Kft. has been one of the most dynamically developing baking companies in Hungary. Our goal is to combine quality and tradition to offer products that satisfy all tastes. Our wide range of products includes traditional Hungarian pastries as well as specialties of international cuisine. We are proud of our high quality bakery products and innovative production technologies. Our products are produced in 3 domestic plants,...<\/p>","protected":false},"author":1,"featured_media":2786,"parent":0,"menu_order":0,"comment_status":"closed","ping_status":"closed","template":"","meta":{"om_disable_all_campaigns":false,"_monsterinsights_skip_tracking":false,"_monsterinsights_sitenote_active":false,"_monsterinsights_sitenote_note":"","_monsterinsights_sitenote_category":0,"footnotes":""},"class_list":["post-3949","page","type-page","status-publish","has-post-thumbnail","hentry"],"aioseo_notices":[],"_links":{"self":[{"href":"https:\/\/frissesropogos.hu\/en\/wp-json\/wp\/v2\/pages\/3949","targetHints":{"allow":["GET"]}}],"collection":[{"href":"https:\/\/frissesropogos.hu\/en\/wp-json\/wp\/v2\/pages"}],"about":[{"href":"https:\/\/frissesropogos.hu\/en\/wp-json\/wp\/v2\/types\/page"}],"author":[{"embeddable":true,"href":"https:\/\/frissesropogos.hu\/en\/wp-json\/wp\/v2\/users\/1"}],"replies":[{"embeddable":true,"href":"https:\/\/frissesropogos.hu\/en\/wp-json\/wp\/v2\/comments?post=3949"}],"version-history":[{"count":65,"href":"https:\/\/frissesropogos.hu\/en\/wp-json\/wp\/v2\/pages\/3949\/revisions"}],"predecessor-version":[{"id":5786,"href":"https:\/\/frissesropogos.hu\/en\/wp-json\/wp\/v2\/pages\/3949\/revisions\/5786"}],"wp:featuredmedia":[{"embeddable":true,"href":"https:\/\/frissesropogos.hu\/en\/wp-json\/wp\/v2\/media\/2786"}],"wp:attachment":[{"href":"https:\/\/frissesropogos.hu\/en\/wp-json\/wp\/v2\/media?parent=3949"}],"curies":[{"name":"wp","href":"https:\/\/api.w.org\/{rel}","templated":true}]}}