{"id":33,"date":"2020-03-11T19:47:29","date_gmt":"2020-03-11T19:47:29","guid":{"rendered":"https:\/\/fandrpartner.hu\/?page_id=33"},"modified":"2024-01-09T13:46:52","modified_gmt":"2024-01-09T11:46:52","slug":"ginop-1-2-1-16-2017-00901","status":"publish","type":"page","link":"https:\/\/frissesropogos.hu\/en\/ginop-1-2-1-16-2017-00901\/","title":{"rendered":"GINOP-1.2.1-16-2017-00901"},"content":{"rendered":"<div data-elementor-type=\"wp-page\" data-elementor-id=\"33\" class=\"elementor elementor-33\" data-elementor-post-type=\"page\">\n\t\t\t\t<div class=\"elementor-element elementor-element-40456245 e-flex e-con-boxed e-con e-parent\" data-id=\"40456245\" data-element_type=\"container\">\n\t\t\t\t\t<div class=\"e-con-inner\">\n\t\t\t\t<div class=\"elementor-element elementor-element-6a31a878 elementor-widget elementor-widget-text-editor\" data-id=\"6a31a878\" data-element_type=\"widget\" data-widget_type=\"text-editor.default\">\n\t\t\t\t<div class=\"elementor-widget-container\">\n\t\t\t\t\t\t\t\t\t<p><strong>Name of beneficiary<\/strong>: F&amp;R Partner Baking and Trading Ltd.<br \/><strong>Title of the project<\/strong>: Expansion of the production capacity of F&amp;R Partner S\u00fct\u0151ipari \u00e9s Kereskedelmi Kft. by setting up a new site and production technology innovation in Sz\u00e9kesfeh\u00e9rv\u00e1r<br \/><strong>The amount of aid contracted:<\/strong> 39.951.567 Ft<br \/><strong>Rate of aid (in %):<\/strong> 45 %<\/p><p><strong>Presentation of the project content:<\/strong><\/p><p>The main activity of F&amp;R Partner Ltd. is the production of bakery products, and its turnover is entirely derived from this activity.<br \/>Based on a preliminary market survey, it became clear to the company's management that there was a significant increase in demand for gluten-free products. Based on this, they decided to expand the product range of the company with a completely new product, gluten-free breadcrumbs, which will be purchased within the framework of this project.<br \/>Since gluten-free products must be manufactured in strict separation from the place of use of normal wheat flour, the company would only produce gluten-free products at its Sz\u00e9kesfeh\u00e9rv\u00e1r site.<br \/>With the help of the equipment to be purchased, the company will create a completely separate production process system at its Sz\u00e9kesfeh\u00e9rv\u00e1r site.<br \/>The company will also move to a new level in the field of production management and programming, as the commitment to implement IPAR 4.0 will ensure low stock levels of raw materials and goods, and reduce lead times.<br \/>The following equipment and software will be purchased under this project:<\/p><ul><li>Gluten-free breadcrumbs production line<\/li><li>Indoor flour system<\/li><li>Pallet wrapping machine<\/li><li>Packing machine<\/li><li>Production management, production programming system<\/li><\/ul><p><strong>Planned completion date of the project<\/strong>: 2019.05.31<br \/><strong>The project identification number:<\/strong> GINOP-1.2.1-16-2017-00901<\/p>\t\t\t\t\t\t\t\t<\/div>\n\t\t\t\t<\/div>\n\t\t\t\t\t<\/div>\n\t\t\t\t<\/div>\n\t\t\t\t<\/div>","protected":false},"excerpt":{"rendered":"<p>Kedvezm\u00e9nyezett neve: F&amp;R Partner S\u00fct\u0151ipari \u00e9s Kereskedelmi Kft.A projekt c\u00edme: Az F&amp;R Partner S\u00fct\u0151ipari \u00e9s Kereskedelmi Kft. termel\u00e9si kapacit\u00e1s\u00e1nak b\u0151v\u00edt\u00e9se \u00faj telephely l\u00e9trehoz\u00e1s\u00e1val \u00e9s termel\u00e9s-technol\u00f3giai innov\u00e1ci\u00f3val Sz\u00e9kesfeh\u00e9rv\u00e1ronA szerz\u0151d\u00f6tt t\u00e1mogat\u00e1s \u00f6sszege: 39.951.567 FtA t\u00e1mogat\u00e1s m\u00e9rt\u00e9ke (%-ban): 45 % A projekt tartalm\u00e1nak bemutat\u00e1sa: Az F&amp;R Partner Kft. f\u0151tev\u00e9kenys\u00e9ge p\u00e9k\u00e1ru gy\u00e1rt\u00e1sa, \u00e1rbev\u00e9tele teljes eg\u00e9sz\u00e9ben ebb\u0151l a tev\u00e9kenys\u00e9gb\u0151l sz\u00e1rmazik.El\u0151zetes&hellip;<\/p>","protected":false},"author":1,"featured_media":0,"parent":0,"menu_order":0,"comment_status":"closed","ping_status":"closed","template":"","meta":{"om_disable_all_campaigns":false,"_monsterinsights_skip_tracking":false,"_monsterinsights_sitenote_active":false,"_monsterinsights_sitenote_note":"","_monsterinsights_sitenote_category":0,"footnotes":""},"class_list":["post-33","page","type-page","status-publish","hentry"],"aioseo_notices":[],"_links":{"self":[{"href":"https:\/\/frissesropogos.hu\/en\/wp-json\/wp\/v2\/pages\/33","targetHints":{"allow":["GET"]}}],"collection":[{"href":"https:\/\/frissesropogos.hu\/en\/wp-json\/wp\/v2\/pages"}],"about":[{"href":"https:\/\/frissesropogos.hu\/en\/wp-json\/wp\/v2\/types\/page"}],"author":[{"embeddable":true,"href":"https:\/\/frissesropogos.hu\/en\/wp-json\/wp\/v2\/users\/1"}],"replies":[{"embeddable":true,"href":"https:\/\/frissesropogos.hu\/en\/wp-json\/wp\/v2\/comments?post=33"}],"version-history":[{"count":0,"href":"https:\/\/frissesropogos.hu\/en\/wp-json\/wp\/v2\/pages\/33\/revisions"}],"wp:attachment":[{"href":"https:\/\/frissesropogos.hu\/en\/wp-json\/wp\/v2\/media?parent=33"}],"curies":[{"name":"wp","href":"https:\/\/api.w.org\/{rel}","templated":true}]}}