{"id":2927,"date":"2022-02-24T11:19:22","date_gmt":"2022-02-24T09:19:22","guid":{"rendered":"https:\/\/fandrpartner.hu\/?page_id=2927"},"modified":"2024-01-09T13:03:41","modified_gmt":"2024-01-09T11:03:41","slug":"az-fr-partner-kft-technologiai-fejlesztesei-a-koronavirus-gazdasagi-hatasainak-enyhitese-es-munkavallaloi-letszamanak-megtartasa-erdekeben","status":"publish","type":"page","link":"https:\/\/frissesropogos.hu\/en\/az-fr-partner-kft-technologiai-fejlesztesei-a-koronavirus-gazdasagi-hatasainak-enyhitese-es-munkavallaloi-letszamanak-megtartasa-erdekeben\/","title":{"rendered":"F&amp;R Partner Ltd.'s technological improvements to mitigate the economic impact of the coronavirus and retain its workforce"},"content":{"rendered":"<div data-elementor-type=\"wp-page\" data-elementor-id=\"2927\" class=\"elementor elementor-2927\" data-elementor-post-type=\"page\">\n\t\t\t\t<div class=\"elementor-element elementor-element-18701cdc e-flex e-con-boxed e-con e-parent\" data-id=\"18701cdc\" data-element_type=\"container\">\n\t\t\t\t\t<div class=\"e-con-inner\">\n\t\t\t\t<div class=\"elementor-element elementor-element-25614590 elementor-widget elementor-widget-text-editor\" data-id=\"25614590\" data-element_type=\"widget\" data-widget_type=\"text-editor.default\">\n\t\t\t\t<div class=\"elementor-widget-container\">\n\t\t\t\t\t\t\t\t\t<ul>\n \t<li>The proposed project is entitled: Technological improvements at F&amp;R Partner Ltd. to mitigate the economic impact of the coronavirus and to retain its workforce.<\/li>\n \t<li>Name of beneficiary: F&amp;R Partner S\u00fct\u0151ipari \u00e9s Kereskedelmi Kft.<\/li>\n \t<li>Amount of aid contracted: HUF 55 924 428<\/li>\n \t<li>Rate of aid (in %): 67,5 %<\/li>\n \t<li>Presentation of the project content:\n<ul>\n \t<li>F&amp;R Partner Ltd. is implementing a technology upgrade related to its core business by purchasing an automatic line system for packaging and slicing hamburger buns and hot dog buns.<\/li>\n<\/ul>\n<\/li>\n \t<li>Project completion date : 31.12.2021.<\/li>\n<\/ul>\nProject identification number: VEKOP-1.2.6-20-2020-00503<img fetchpriority=\"high\" decoding=\"async\" class=\"size-medium wp-image-2930 alignright\" src=\"https:\/\/frissesropogos.hu\/wp-content\/uploads\/2022\/02\/infoblokk_kedv_final_CMYK_ERFA-300x207.jpg\" alt=\"\" width=\"300\" height=\"207\" srcset=\"https:\/\/frissesropogos.hu\/wp-content\/uploads\/2022\/02\/infoblokk_kedv_final_CMYK_ERFA-300x207.jpg 300w, https:\/\/frissesropogos.hu\/wp-content\/uploads\/2022\/02\/infoblokk_kedv_final_CMYK_ERFA-800x553.jpg 800w, https:\/\/frissesropogos.hu\/wp-content\/uploads\/2022\/02\/infoblokk_kedv_final_CMYK_ERFA-1024x708.jpg 1024w, https:\/\/frissesropogos.hu\/wp-content\/uploads\/2022\/02\/infoblokk_kedv_final_CMYK_ERFA-768x531.jpg 768w, https:\/\/frissesropogos.hu\/wp-content\/uploads\/2022\/02\/infoblokk_kedv_final_CMYK_ERFA-550x380.jpg 550w, https:\/\/frissesropogos.hu\/wp-content\/uploads\/2022\/02\/infoblokk_kedv_final_CMYK_ERFA.jpg 1453w\" sizes=\"(max-width: 300px) 100vw, 300px\" \/>\t\t\t\t\t\t\t\t<\/div>\n\t\t\t\t<\/div>\n\t\t\t\t\t<\/div>\n\t\t\t\t<\/div>\n\t\t\t\t<\/div>","protected":false},"excerpt":{"rendered":"<p>The proposed project is entitled: Technological improvements at F&amp;R Partner Ltd. to mitigate the economic impact of the coronavirus and to retain its workforce. Name of beneficiary: F&amp;R Partner S\u00fct\u0151ipari \u00e9s Kereskedelmi Kft. Amount of aid contracted: HUF 55 924 428 Rate of aid (in 1tce-3T): 67,5 1tce-3T Description of project content.<\/p>","protected":false},"author":5,"featured_media":0,"parent":0,"menu_order":0,"comment_status":"closed","ping_status":"closed","template":"","meta":{"om_disable_all_campaigns":false,"_monsterinsights_skip_tracking":false,"_monsterinsights_sitenote_active":false,"_monsterinsights_sitenote_note":"","_monsterinsights_sitenote_category":0,"footnotes":""},"class_list":["post-2927","page","type-page","status-publish","hentry"],"aioseo_notices":[],"_links":{"self":[{"href":"https:\/\/frissesropogos.hu\/en\/wp-json\/wp\/v2\/pages\/2927","targetHints":{"allow":["GET"]}}],"collection":[{"href":"https:\/\/frissesropogos.hu\/en\/wp-json\/wp\/v2\/pages"}],"about":[{"href":"https:\/\/frissesropogos.hu\/en\/wp-json\/wp\/v2\/types\/page"}],"author":[{"embeddable":true,"href":"https:\/\/frissesropogos.hu\/en\/wp-json\/wp\/v2\/users\/5"}],"replies":[{"embeddable":true,"href":"https:\/\/frissesropogos.hu\/en\/wp-json\/wp\/v2\/comments?post=2927"}],"version-history":[{"count":0,"href":"https:\/\/frissesropogos.hu\/en\/wp-json\/wp\/v2\/pages\/2927\/revisions"}],"wp:attachment":[{"href":"https:\/\/frissesropogos.hu\/en\/wp-json\/wp\/v2\/media?parent=2927"}],"curies":[{"name":"wp","href":"https:\/\/api.w.org\/{rel}","templated":true}]}}