{"id":2662,"date":"2021-11-23T12:46:30","date_gmt":"2021-11-23T10:46:30","guid":{"rendered":"https:\/\/fandrpartner.hu\/?page_id=2662"},"modified":"2024-01-09T13:04:46","modified_gmt":"2024-01-09T11:04:46","slug":"galgagabona-konzorcialis-kutatas-fejlesztesi-projekt","status":"publish","type":"page","link":"https:\/\/frissesropogos.hu\/en\/galgagabona-konzorcialis-kutatas-fejlesztesi-projekt\/","title":{"rendered":"\"GalgaGabona\" consortium research and development project"},"content":{"rendered":"<div data-elementor-type=\"wp-page\" data-elementor-id=\"2662\" class=\"elementor elementor-2662\" data-elementor-post-type=\"page\">\n\t\t\t\t<div class=\"elementor-element elementor-element-6c164840 e-flex e-con-boxed e-con e-parent\" data-id=\"6c164840\" data-element_type=\"container\">\n\t\t\t\t\t<div class=\"e-con-inner\">\n\t\t\t\t<div class=\"elementor-element elementor-element-68f6db0 elementor-widget elementor-widget-text-editor\" data-id=\"68f6db0\" data-element_type=\"widget\" data-widget_type=\"text-editor.default\">\n\t\t\t\t<div class=\"elementor-widget-container\">\n\t\t\t\t\t\t\t\t\t<p>Names of beneficiaries:<\/p><p>First Pest Mill and Bakery Limited Company Consortium leader<\/p><p>Budapest University of Technology and Economics, member of the consortium<\/p><p>F&amp;R Partner S\u00fct\u0151ipari \u00e9s Kereskedelmi Kft. consortium member<\/p><p>GALGA-AGR\u00c1R Korl\u00e1tolt Felel\u0151ss\u00e9g\u0171 T\u00e1rsas\u00e1g Consortium member<\/p><p>Project title: 'GalgaGabona project: improvements in food safety, agrotechnology, processing technology and nutritional value to improve the conditions for the use of oats and rye for human consumption'<\/p><p>Amount of aid contracted: HUF 125 003 814<\/p><p>Rate of aid (in %): 69,5 %<\/p><p>Presentation of the project content:<\/p><p>The GalgaGabona project will implement an R&amp;D programme to support the use of rye and oats for human consumption. Cereal grains, especially in the mid-grain layers, contain many health-promoting components, fibres, lipids, vitamins, antioxidants, minerals, etc. Their quantity and quality in food depends on the species, varieties, growing conditions, milling and food processing operations. The management of food safety risks (mycotoxins, spoilage, IBS, gluten sensitivity) is a prerequisite for the production of safe food. The strategic role of wheat is undisputed, but other cereals, such as rye and oats, can exceed wheat in terms of agrotechnical quality, nutritional value and health-promoting components. Our development programme covers all aspects of the two cereals' product trajectories (variety selection, agrotechnology, milling and baking products and technologies, food safety, related basic and applied research). In particular, we will focus on three food safety and quality risks in a new approach. We plan to develop a heat treatment technology to improve the stability of grind quality. Reduction of irritable bowel syndrome (FODMAP) triggers is possible by improving product manufacturing technology. For oats, our programme to develop a wheat-free vertical includes a selection programme and the development of an audited trajectory model based on this. The implementation was undertaken by a consortium of partners with expertise in the relevant fields - First Pesti Mill Zrt (leader), Galga-Agr\u00e1r Kft, F&amp;R Partner S\u00fct\u0151ipari Kft and BME-AB\u00c9T. Our results can contribute to the expansion of the range of cereal-based products rich in health-promoting ingredients, boost related breeding, seed production and agrotechnical developments and significantly improve food safety conditions.<\/p><p>Project completion date: 30.09.2020.<\/p><p>Project ID number: 2017-1.3.1-VKE-2017-00004<\/p><p><img fetchpriority=\"high\" decoding=\"async\" class=\"alignnone size-full wp-image-200\" src=\"https:\/\/frissesropogos.hu\/wp-content\/uploads\/2020\/04\/NKFIA_plakett.jpg\" alt=\"\" width=\"460\" height=\"150\" \/><\/p>\t\t\t\t\t\t\t\t<\/div>\n\t\t\t\t<\/div>\n\t\t\t\t\t<\/div>\n\t\t\t\t<\/div>\n\t\t\t\t<\/div>","protected":false},"excerpt":{"rendered":"<p>Beneficiaries name: First Pest Mill and Bakery Limited Company Consortium leader Budapest University of Technology and Economics, member of the consortium F&amp;R Partner Bakery and Trading Ltd. consortium member GALGA-AGR\u00c1R Korl\u00e1tolt Felel\u0151ss\u00e9g\u0171 T\u00e1rsas\u00e1g consortium member Project title: 'GalgaGabona project: improvements in food safety, agrotechnology, processing technology and nutritional value of oats and rye for human consumption'.<\/p>","protected":false},"author":1,"featured_media":0,"parent":0,"menu_order":0,"comment_status":"closed","ping_status":"closed","template":"","meta":{"om_disable_all_campaigns":false,"_monsterinsights_skip_tracking":false,"_monsterinsights_sitenote_active":false,"_monsterinsights_sitenote_note":"","_monsterinsights_sitenote_category":0,"footnotes":""},"class_list":["post-2662","page","type-page","status-publish","hentry"],"aioseo_notices":[],"_links":{"self":[{"href":"https:\/\/frissesropogos.hu\/en\/wp-json\/wp\/v2\/pages\/2662","targetHints":{"allow":["GET"]}}],"collection":[{"href":"https:\/\/frissesropogos.hu\/en\/wp-json\/wp\/v2\/pages"}],"about":[{"href":"https:\/\/frissesropogos.hu\/en\/wp-json\/wp\/v2\/types\/page"}],"author":[{"embeddable":true,"href":"https:\/\/frissesropogos.hu\/en\/wp-json\/wp\/v2\/users\/1"}],"replies":[{"embeddable":true,"href":"https:\/\/frissesropogos.hu\/en\/wp-json\/wp\/v2\/comments?post=2662"}],"version-history":[{"count":0,"href":"https:\/\/frissesropogos.hu\/en\/wp-json\/wp\/v2\/pages\/2662\/revisions"}],"wp:attachment":[{"href":"https:\/\/frissesropogos.hu\/en\/wp-json\/wp\/v2\/media?parent=2662"}],"curies":[{"name":"wp","href":"https:\/\/api.w.org\/{rel}","templated":true}]}}