{"id":2386,"date":"2021-06-10T17:01:53","date_gmt":"2021-06-10T15:01:53","guid":{"rendered":"https:\/\/fandrpartner.hu\/?page_id=2386"},"modified":"2022-04-25T09:26:18","modified_gmt":"2022-04-25T07:26:18","slug":"pm_kkveszkoz_2018_a-1-palyazat","status":"publish","type":"page","link":"https:\/\/frissesropogos.hu\/en\/pm_kkveszkoz_2018_a-1-palyazat\/","title":{"rendered":"Application PM_KKVESZKOZ_2018_A\/1"},"content":{"rendered":"<p>[vc_row css=&#8221;.vc_custom_1623337608115{padding-top: 150px !important;}&#8221;][vc_column][vc_column_text]<strong>A t\u00e1mogat\u00f3 neve:<\/strong> P\u00e9nz\u00fcgyminiszt\u00e9rium<span class=\"ydpdee7fdceApple-converted-space\">\u00a0<\/span><\/p>\n<p><strong>A kedvezm\u00e9nyezett neve<\/strong>: F&amp;R Partner S\u00fct\u0151ipari \u00e9s Kereskedelmi Kft.<\/p>\n<p><strong>A projekt c\u00edme:<\/strong> Eszk\u00f6zbeszerz\u00e9s az F&amp;R Partner Kft-n\u00e9l<\/p>\n<p><strong>A t\u00e1mogat\u00e1si szerz\u0151d\u00e9s szerinti t\u00e1mogat\u00e1si \u00f6sszeg:<\/strong> 52.655.927 Ft<\/p>\n<p><strong>A projekt tartalm\u00e1nak bemutat\u00e1sa:<\/strong> Az F&amp;R Partner Kft. s\u00fct\u0151ipari tev\u00e9kenys\u00e9g\u00e9nek fejleszt\u00e9s\u00e9hez kapcsol\u00f3d\u00f3an a piaci poz\u00edci\u00f3j\u00e1nak \u00e9s versenyk\u00e9pess\u00e9g\u00e9nek meg\u0151rz\u00e9se \u00e9s er\u0151s\u00edt\u00e9se \u00e9rdek\u00e9ben a projekt keret\u00e9ben egy olajf\u0171t\u00e9s\u0171 alag\u00fatkemenc\u00e9t szerez be. A beruh\u00e1z\u00e1s indokolts\u00e1ga a c\u00e9g jelenlegi haszn\u00e1lt kemenc\u00e9inek korszer\u0171bb, hat\u00e9konyabb eszk\u00f6zzel t\u00f6rt\u00e9n\u0151 kiv\u00e1lt\u00e1sa valamint kapacit\u00e1sb\u0151v\u00edt\u00e9s.<span class=\"ydpdee7fdceApple-converted-space\">\u00a0<\/span><\/p>\n<p><strong>A projekt befejez\u00e9si d\u00e1tuma:<\/strong> 2022.03.31.<\/p>\n<p><strong>A t\u00e1mogat\u00e1si szerz\u0151d\u00e9s sz\u00e1ma:<\/strong> PM_KKVESZKOZ_2018_A\/1[\/vc_column_text][\/vc_column][\/vc_row][vc_row content_placement=&#8221;middle&#8221;][vc_column width=&#8221;1\/3&#8243;][vc_single_image image=&#8221;2390&#8243; img_size=&#8221;medium&#8221; alignment=&#8221;center&#8221;][\/vc_column][vc_column width=&#8221;1\/3&#8243;][vc_single_image image=&#8221;2393&#8243; img_size=&#8221;medium&#8221; alignment=&#8221;center&#8221;][\/vc_column][vc_column width=&#8221;1\/3&#8243;][vc_single_image image=&#8221;2400&#8243; img_size=&#8221;medium&#8221; alignment=&#8221;center&#8221;][\/vc_column][\/vc_row]<\/p>\n","protected":false},"excerpt":{"rendered":"<p>[vc_row css=&#8221;.vc_custom_1623337608115{padding-top: 150px !important;}&#8221;][vc_column][vc_column_text]A t\u00e1mogat\u00f3 neve: P\u00e9nz\u00fcgyminiszt\u00e9rium\u00a0 A kedvezm\u00e9nyezett neve: F&amp;R Partner S\u00fct\u0151ipari \u00e9s Kereskedelmi Kft. A projekt c\u00edme: Eszk\u00f6zbeszerz\u00e9s az F&amp;R Partner Kft-n\u00e9l A t\u00e1mogat\u00e1si szerz\u0151d\u00e9s szerinti t\u00e1mogat\u00e1si \u00f6sszeg: 52.655.927 Ft A projekt tartalm\u00e1nak bemutat\u00e1sa: Az F&amp;R Partner Kft. s\u00fct\u0151ipari tev\u00e9kenys\u00e9g\u00e9nek fejleszt\u00e9s\u00e9hez kapcsol\u00f3d\u00f3an a piaci poz\u00edci\u00f3j\u00e1nak \u00e9s versenyk\u00e9pess\u00e9g\u00e9nek meg\u0151rz\u00e9se \u00e9s er\u0151s\u00edt\u00e9se \u00e9rdek\u00e9ben a projekt&hellip;<\/p>\n","protected":false},"author":1,"featured_media":0,"parent":0,"menu_order":0,"comment_status":"closed","ping_status":"closed","template":"","meta":{"om_disable_all_campaigns":false,"_monsterinsights_skip_tracking":false,"_monsterinsights_sitenote_active":false,"_monsterinsights_sitenote_note":"","_monsterinsights_sitenote_category":0,"footnotes":""},"class_list":["post-2386","page","type-page","status-publish","hentry","description-off"],"aioseo_notices":[],"_links":{"self":[{"href":"https:\/\/frissesropogos.hu\/en\/wp-json\/wp\/v2\/pages\/2386","targetHints":{"allow":["GET"]}}],"collection":[{"href":"https:\/\/frissesropogos.hu\/en\/wp-json\/wp\/v2\/pages"}],"about":[{"href":"https:\/\/frissesropogos.hu\/en\/wp-json\/wp\/v2\/types\/page"}],"author":[{"embeddable":true,"href":"https:\/\/frissesropogos.hu\/en\/wp-json\/wp\/v2\/users\/1"}],"replies":[{"embeddable":true,"href":"https:\/\/frissesropogos.hu\/en\/wp-json\/wp\/v2\/comments?post=2386"}],"version-history":[{"count":0,"href":"https:\/\/frissesropogos.hu\/en\/wp-json\/wp\/v2\/pages\/2386\/revisions"}],"wp:attachment":[{"href":"https:\/\/frissesropogos.hu\/en\/wp-json\/wp\/v2\/media?parent=2386"}],"curies":[{"name":"wp","href":"https:\/\/api.w.org\/{rel}","templated":true}]}}