{"id":718,"date":"2020-10-20T21:00:03","date_gmt":"2020-10-20T19:00:03","guid":{"rendered":"https:\/\/bakerman.hu\/?post_type=product&#038;p=718"},"modified":"2025-05-27T14:55:58","modified_gmt":"2025-05-27T12:55:58","slug":"hot-dog-kifli","status":"publish","type":"product","link":"https:\/\/frissesropogos.hu\/de\/termekek\/pantastico-termekcsalad\/hot-dog-alapok\/klasszikus-hot-dog-kifli\/hot-dog-kifli\/","title":{"rendered":"Pantastico Classic Hot Dog Br\u00f6tchen 4 St\u00fcck - 250g"},"content":{"rendered":"<p>Ein echtes amerikanisches Streetfood-Hotdog-Erlebnis. Inklusive 4 St\u00fcck.<\/p>","protected":false},"excerpt":{"rendered":"<p>Ein echtes amerikanisches Streetfood-Hotdog-Erlebnis. Inklusive 4 St\u00fcck.<\/p>","protected":false},"featured_media":2166,"template":"","meta":{"om_disable_all_campaigns":false,"_monsterinsights_skip_tracking":false,"_monsterinsights_sitenote_active":false,"_monsterinsights_sitenote_note":"","_monsterinsights_sitenote_category":0},"product_brand":[],"product_cat":[326,311,315],"product_tag":[],"class_list":{"0":"post-718","1":"product","2":"type-product","3":"status-publish","4":"has-post-thumbnail","6":"product_cat-klasszikus-hot-dog-kifli","7":"product_cat-pantastico-termekcsalad","8":"product_cat-hot-dog-alapok","9":"description-off","11":"first","12":"instock","13":"shipping-taxable","14":"product-type-simple"},"aioseo_notices":[],"_links":{"self":[{"href":"https:\/\/frissesropogos.hu\/de\/wp-json\/wp\/v2\/product\/718","targetHints":{"allow":["GET"]}}],"collection":[{"href":"https:\/\/frissesropogos.hu\/de\/wp-json\/wp\/v2\/product"}],"about":[{"href":"https:\/\/frissesropogos.hu\/de\/wp-json\/wp\/v2\/types\/product"}],"version-history":[{"count":3,"href":"https:\/\/frissesropogos.hu\/de\/wp-json\/wp\/v2\/product\/718\/revisions"}],"predecessor-version":[{"id":5682,"href":"https:\/\/frissesropogos.hu\/de\/wp-json\/wp\/v2\/product\/718\/revisions\/5682"}],"wp:featuredmedia":[{"embeddable":true,"href":"https:\/\/frissesropogos.hu\/de\/wp-json\/wp\/v2\/media\/2166"}],"wp:attachment":[{"href":"https:\/\/frissesropogos.hu\/de\/wp-json\/wp\/v2\/media?parent=718"}],"wp:term":[{"taxonomy":"product_brand","embeddable":true,"href":"https:\/\/frissesropogos.hu\/de\/wp-json\/wp\/v2\/product_brand?post=718"},{"taxonomy":"product_cat","embeddable":true,"href":"https:\/\/frissesropogos.hu\/de\/wp-json\/wp\/v2\/product_cat?post=718"},{"taxonomy":"product_tag","embeddable":true,"href":"https:\/\/frissesropogos.hu\/de\/wp-json\/wp\/v2\/product_tag?post=718"}],"curies":[{"name":"wp","href":"https:\/\/api.w.org\/{rel}","templated":true}]}}