{"id":664,"date":"2020-10-20T20:19:40","date_gmt":"2020-10-20T18:19:40","guid":{"rendered":"https:\/\/bakerman.hu\/?post_type=product&#038;p=664"},"modified":"2025-05-27T14:56:26","modified_gmt":"2025-05-27T12:56:26","slug":"toast-kenyer-durum-szeletelt-kenyer","status":"publish","type":"product","link":"https:\/\/frissesropogos.hu\/de\/termekek\/pantastico-termekcsalad\/toast-szeletek\/olasz-baluetto-tipusu-toast-szeletek\/toast-kenyer-durum-szeletelt-kenyer\/","title":{"rendered":"Pantastico Durum-Toastscheiben mit nativem Oliven\u00f6l extra"},"content":{"rendered":"<p>Dank seines hohen Hartweizenmehlanteils ist es eine hervorragende Eiwei\u00dfquelle und l\u00e4sst sich leicht in eine gesunde Ern\u00e4hrung integrieren. Nicht gentechnisch ver\u00e4ndert und frei von k\u00fcnstlichen Farbstoffen.<\/p>","protected":false},"excerpt":{"rendered":"<p>Dank seines hohen Hartweizenmehlanteils ist es eine hervorragende Eiwei\u00dfquelle und l\u00e4sst sich leicht in eine gesunde Ern\u00e4hrung integrieren. Nicht gentechnisch ver\u00e4ndert und frei von k\u00fcnstlichen Farbstoffen.<\/p>","protected":false},"featured_media":2417,"template":"","meta":{"om_disable_all_campaigns":false,"_monsterinsights_skip_tracking":false,"_monsterinsights_sitenote_active":false,"_monsterinsights_sitenote_note":"","_monsterinsights_sitenote_category":0},"product_brand":[],"product_cat":[312,319,311],"product_tag":[],"class_list":{"0":"post-664","1":"product","2":"type-product","3":"status-publish","4":"has-post-thumbnail","6":"product_cat-toast-szeletek","7":"product_cat-olasz-baluetto-tipusu-toast-szeletek","8":"product_cat-pantastico-termekcsalad","9":"description-off","11":"first","12":"instock","13":"shipping-taxable","14":"product-type-simple"},"aioseo_notices":[],"_links":{"self":[{"href":"https:\/\/frissesropogos.hu\/de\/wp-json\/wp\/v2\/product\/664","targetHints":{"allow":["GET"]}}],"collection":[{"href":"https:\/\/frissesropogos.hu\/de\/wp-json\/wp\/v2\/product"}],"about":[{"href":"https:\/\/frissesropogos.hu\/de\/wp-json\/wp\/v2\/types\/product"}],"version-history":[{"count":3,"href":"https:\/\/frissesropogos.hu\/de\/wp-json\/wp\/v2\/product\/664\/revisions"}],"predecessor-version":[{"id":5685,"href":"https:\/\/frissesropogos.hu\/de\/wp-json\/wp\/v2\/product\/664\/revisions\/5685"}],"wp:featuredmedia":[{"embeddable":true,"href":"https:\/\/frissesropogos.hu\/de\/wp-json\/wp\/v2\/media\/2417"}],"wp:attachment":[{"href":"https:\/\/frissesropogos.hu\/de\/wp-json\/wp\/v2\/media?parent=664"}],"wp:term":[{"taxonomy":"product_brand","embeddable":true,"href":"https:\/\/frissesropogos.hu\/de\/wp-json\/wp\/v2\/product_brand?post=664"},{"taxonomy":"product_cat","embeddable":true,"href":"https:\/\/frissesropogos.hu\/de\/wp-json\/wp\/v2\/product_cat?post=664"},{"taxonomy":"product_tag","embeddable":true,"href":"https:\/\/frissesropogos.hu\/de\/wp-json\/wp\/v2\/product_tag?post=664"}],"curies":[{"name":"wp","href":"https:\/\/api.w.org\/{rel}","templated":true}]}}