{"id":662,"date":"2020-10-20T20:18:05","date_gmt":"2020-10-20T18:18:05","guid":{"rendered":"https:\/\/bakerman.hu\/?post_type=product&#038;p=662"},"modified":"2025-05-27T14:56:32","modified_gmt":"2025-05-27T12:56:32","slug":"pantastico-teljeskiorlesu-toast-szeletek-szeletelt-kenyer","status":"publish","type":"product","link":"https:\/\/frissesropogos.hu\/de\/termekek\/pantastico-termekcsalad\/toast-szeletek\/olasz-baluetto-tipusu-toast-szeletek\/pantastico-teljeskiorlesu-toast-szeletek-szeletelt-kenyer\/","title":{"rendered":"Pantastico Vollkorntoastscheiben 400g"},"content":{"rendered":"<p>Der Verzehr von Produkten aus Vollkornmehl kann Blutzuckerschwankungen reduzieren, und der hohe Ballaststoffgehalt bedeutet, dass es langsamer aufgenommen wird, so dass wir uns l\u00e4nger satt f\u00fchlen. Es ist frei von GVO und enth\u00e4lt keine k\u00fcnstlichen Farbstoffe.<\/p>","protected":false},"excerpt":{"rendered":"<p>Der Verzehr von Produkten aus Vollkornmehl kann Blutzuckerschwankungen reduzieren, und der hohe Ballaststoffgehalt bedeutet, dass es langsamer aufgenommen wird, so dass wir uns l\u00e4nger satt f\u00fchlen. Es ist frei von GVO und enth\u00e4lt keine k\u00fcnstlichen Farbstoffe.<\/p>","protected":false},"featured_media":3711,"template":"","meta":{"om_disable_all_campaigns":false,"_monsterinsights_skip_tracking":false,"_monsterinsights_sitenote_active":false,"_monsterinsights_sitenote_note":"","_monsterinsights_sitenote_category":0},"product_brand":[],"product_cat":[312,319,311],"product_tag":[],"class_list":{"0":"post-662","1":"product","2":"type-product","3":"status-publish","4":"has-post-thumbnail","6":"product_cat-toast-szeletek","7":"product_cat-olasz-baluetto-tipusu-toast-szeletek","8":"product_cat-pantastico-termekcsalad","9":"description-off","11":"first","12":"instock","13":"shipping-taxable","14":"product-type-simple"},"aioseo_notices":[],"_links":{"self":[{"href":"https:\/\/frissesropogos.hu\/de\/wp-json\/wp\/v2\/product\/662","targetHints":{"allow":["GET"]}}],"collection":[{"href":"https:\/\/frissesropogos.hu\/de\/wp-json\/wp\/v2\/product"}],"about":[{"href":"https:\/\/frissesropogos.hu\/de\/wp-json\/wp\/v2\/types\/product"}],"version-history":[{"count":3,"href":"https:\/\/frissesropogos.hu\/de\/wp-json\/wp\/v2\/product\/662\/revisions"}],"predecessor-version":[{"id":5686,"href":"https:\/\/frissesropogos.hu\/de\/wp-json\/wp\/v2\/product\/662\/revisions\/5686"}],"wp:featuredmedia":[{"embeddable":true,"href":"https:\/\/frissesropogos.hu\/de\/wp-json\/wp\/v2\/media\/3711"}],"wp:attachment":[{"href":"https:\/\/frissesropogos.hu\/de\/wp-json\/wp\/v2\/media?parent=662"}],"wp:term":[{"taxonomy":"product_brand","embeddable":true,"href":"https:\/\/frissesropogos.hu\/de\/wp-json\/wp\/v2\/product_brand?post=662"},{"taxonomy":"product_cat","embeddable":true,"href":"https:\/\/frissesropogos.hu\/de\/wp-json\/wp\/v2\/product_cat?post=662"},{"taxonomy":"product_tag","embeddable":true,"href":"https:\/\/frissesropogos.hu\/de\/wp-json\/wp\/v2\/product_tag?post=662"}],"curies":[{"name":"wp","href":"https:\/\/api.w.org\/{rel}","templated":true}]}}