{"id":660,"date":"2020-10-20T20:15:24","date_gmt":"2020-10-20T18:15:24","guid":{"rendered":"https:\/\/bakerman.hu\/?post_type=product&#038;p=660"},"modified":"2025-05-27T14:56:41","modified_gmt":"2025-05-27T12:56:41","slug":"pantastico-8-magvas-toast-szeletek-szeletelt-kenyer","status":"publish","type":"product","link":"https:\/\/frissesropogos.hu\/de\/termekek\/pantastico-termekcsalad\/toast-szeletek\/olasz-baluetto-tipusu-toast-szeletek\/pantastico-8-magvas-toast-szeletek-szeletelt-kenyer\/","title":{"rendered":"Pantastico 8 Samen Toastscheiben 400g"},"content":{"rendered":"","protected":false},"excerpt":{"rendered":"<p>Az eg\u00e9szs\u00e9gtudatos t\u00e1pl\u00e1lkoz\u00e1s kedvel\u0151inek remek v\u00e1laszt\u00e1s a 8 magvas toast keny\u00e9r, amely v\u00e1logatott, min\u0151s\u00e9gi\u00a0 alapanyagokkal j\u00e1rul hozz\u00e1 az eg\u00e9szs\u00e9ges \u00e9tkez\u00e9s biztos\u00edt\u00e1s\u00e1hoz, mint p\u00e9ld\u00e1ul a zabpehely, \u00e1rpa, rozs \u00e9s t\u00f6nk\u00f6ly. GMO mentes \u00e9s nem tartalmaz mesters\u00e9ges sz\u00ednez\u00e9ket.<\/p>","protected":false},"featured_media":2411,"template":"","meta":{"om_disable_all_campaigns":false,"_monsterinsights_skip_tracking":false,"_monsterinsights_sitenote_active":false,"_monsterinsights_sitenote_note":"","_monsterinsights_sitenote_category":0},"product_brand":[],"product_cat":[312,319,311],"product_tag":[],"class_list":{"0":"post-660","1":"product","2":"type-product","3":"status-publish","4":"has-post-thumbnail","6":"product_cat-toast-szeletek","7":"product_cat-olasz-baluetto-tipusu-toast-szeletek","8":"product_cat-pantastico-termekcsalad","9":"description-off","11":"first","12":"instock","13":"shipping-taxable","14":"product-type-simple"},"aioseo_notices":[],"_links":{"self":[{"href":"https:\/\/frissesropogos.hu\/de\/wp-json\/wp\/v2\/product\/660","targetHints":{"allow":["GET"]}}],"collection":[{"href":"https:\/\/frissesropogos.hu\/de\/wp-json\/wp\/v2\/product"}],"about":[{"href":"https:\/\/frissesropogos.hu\/de\/wp-json\/wp\/v2\/types\/product"}],"version-history":[{"count":3,"href":"https:\/\/frissesropogos.hu\/de\/wp-json\/wp\/v2\/product\/660\/revisions"}],"predecessor-version":[{"id":5687,"href":"https:\/\/frissesropogos.hu\/de\/wp-json\/wp\/v2\/product\/660\/revisions\/5687"}],"wp:featuredmedia":[{"embeddable":true,"href":"https:\/\/frissesropogos.hu\/de\/wp-json\/wp\/v2\/media\/2411"}],"wp:attachment":[{"href":"https:\/\/frissesropogos.hu\/de\/wp-json\/wp\/v2\/media?parent=660"}],"wp:term":[{"taxonomy":"product_brand","embeddable":true,"href":"https:\/\/frissesropogos.hu\/de\/wp-json\/wp\/v2\/product_brand?post=660"},{"taxonomy":"product_cat","embeddable":true,"href":"https:\/\/frissesropogos.hu\/de\/wp-json\/wp\/v2\/product_cat?post=660"},{"taxonomy":"product_tag","embeddable":true,"href":"https:\/\/frissesropogos.hu\/de\/wp-json\/wp\/v2\/product_tag?post=660"}],"curies":[{"name":"wp","href":"https:\/\/api.w.org\/{rel}","templated":true}]}}