{"id":3635,"date":"2023-01-23T15:46:18","date_gmt":"2023-01-23T13:46:18","guid":{"rendered":"https:\/\/fandrpartner.hu\/?post_type=product&#038;p=3635"},"modified":"2025-05-27T14:40:44","modified_gmt":"2025-05-27T12:40:44","slug":"pantastico-retro-puffancs-buci-hamburger","status":"publish","type":"product","link":"https:\/\/frissesropogos.hu\/de\/termekek\/pantastico-termekcsalad\/hamburger-alapok\/puffancs\/pantastico-retro-puffancs-buci-hamburger\/","title":{"rendered":"Pantastico Retro Windbeutel"},"content":{"rendered":"<div id=\"page\" class=\"closed-mobile-header\" aria-hidden=\"true\">\n<div id=\"main\" class=\"sidebar-none sidebar-divider-off\">\n<div class=\"wf-wrap\">\n<div class=\"wf-container-main\">\n<div id=\"content\" class=\"content\" role=\"main\">\n<div id=\"product-3635\" class=\"no-link description-off product type-product post-3635 status-publish first instock product_cat-pantastico-retro-puffancs product_tag-pantastico product_tag-pantastico-retro-puffancs has-post-thumbnail shipping-taxable product-type-simple\">\n<div class=\"summary entry-summary\">\n<p style=\"text-align: left;\"><strong>A term\u00e9k sz\u00f3j\u00e1t, szez\u00e1mmagot \u00e9s di\u00f3f\u00e9l\u00e9ket is felhaszn\u00e1l\u00f3 \u00fczemben k\u00e9sz\u00fclt!<\/strong><\/p>\n<p style=\"text-align: left;\"><span class=\"JsGRdQ\">Nosztalgikus \u00edzeket id\u00e9z\u0151 Retro hamburger puffancs, melynek kellemes \u00e9desk\u00e9s puha t\u00e9szt\u00e1ja j\u00f3 alapot szolg\u00e1l a k\u00fcl\u00f6nf\u00e9le felt\u00e9teknek.<\/span><\/p>\n<p style=\"text-align: left;\"><span class=\"JsGRdQ\">Nett\u00f3 t\u00f6meg: 2 x 150 g<\/span><\/p>\n<p style=\"text-align: left;\"><span class=\"JsGRdQ\">Garant\u00e1lt szavatoss\u00e1gi id\u0151: 12 nap<\/span><\/p>\n<p class=\"_04xlpA direction-ltr align-justify para-style-body\" style=\"text-align: left;\"><span class=\"JsGRdQ\">GMO-mentes<\/span><\/p>\n<p class=\"_04xlpA direction-ltr align-start para-style-body\" style=\"text-align: left;\"><span class=\"JsGRdQ\">P\u00e1lmaolaj-mentes<\/span><\/p>\n<p class=\"_04xlpA direction-ltr align-start para-style-body\" style=\"text-align: left;\"><span class=\"JsGRdQ\">Mesters\u00e9ges \u00e9des\u00edt\u0151szert nem tartalmaz.<\/span><\/p>\n<p style=\"text-align: left;\"><strong>Min\u0151s\u00e9g\u00e9t meg\u0151rzi:<\/strong>\u00a0a csomagol\u00e1son jelzett id\u0151pontig (nap\/h\u00f3nap\/\u00e9v).<br \/>\n<strong>T\u00e1rol\u00e1s:<\/strong>\u00a0sz\u00e1raz, h\u0171v\u00f6s, napf\u00e9nyt\u0151l v\u00e9dett helyen! Javasoljuk, hogy a csomagol\u00e1st kibont\u00e1s ut\u00e1n z\u00e1rja mindig vissza.<strong><br \/>\nGy\u00e1rtja:<\/strong>\u00a0F&amp;R Partner Kft., 2040 Buda\u00f6rs, Rakt\u00e1r u. 1.<\/p>\n<\/div>\n<section class=\"related products\"><\/section>\n<\/div>\n<\/div>\n<\/div>\n<\/div>\n<\/div>\n<footer id=\"footer\" class=\"footer solid-bg\">\n<div id=\"bottom-bar\" class=\"logo-left\" role=\"contentinfo\">\n<div class=\"wf-wrap\">\n<div class=\"wf-container-bottom\">\n<div class=\"wf-float-right\">\n<div class=\"mini-nav\" style=\"text-align: left;\"><\/div>\n<\/div>\n<\/div>\n<\/div>\n<\/div>\n<\/footer>\n<\/div>\n<div id=\"pum-3457\" class=\"pum pum-overlay pum-theme-1153 pum-theme-content-only popmake-overlay pum-overlay-disabled auto_open click_open pum-active\" role=\"dialog\" data-popmake=\"{&quot;id&quot;:3457,&quot;slug&quot;:&quot;mm&quot;,&quot;theme_id&quot;:1153,&quot;cookies&quot;:[{&quot;event&quot;:&quot;on_popup_close&quot;,&quot;settings&quot;:{&quot;name&quot;:&quot;pum-3457&quot;,&quot;key&quot;:&quot;&quot;,&quot;session&quot;:null,&quot;path&quot;:true,&quot;time&quot;:&quot;1 day&quot;}}],&quot;triggers&quot;:[{&quot;type&quot;:&quot;auto_open&quot;,&quot;settings&quot;:{&quot;cookie_name&quot;:[&quot;pum-3457&quot;],&quot;delay&quot;:&quot;500&quot;}},{&quot;type&quot;:&quot;click_open&quot;,&quot;settings&quot;:{&quot;extra_selectors&quot;:&quot;&quot;,&quot;cookie_name&quot;:null}}],&quot;mobile_disabled&quot;:null,&quot;tablet_disabled&quot;:null,&quot;meta&quot;:{&quot;display&quot;:{&quot;stackable&quot;:&quot;1&quot;,&quot;overlay_disabled&quot;:&quot;1&quot;,&quot;scrollable_content&quot;:false,&quot;disable_reposition&quot;:false,&quot;size&quot;:&quot;custom&quot;,&quot;responsive_min_width&quot;:&quot;0px&quot;,&quot;responsive_min_width_unit&quot;:false,&quot;responsive_max_width&quot;:&quot;100px&quot;,&quot;responsive_max_width_unit&quot;:false,&quot;custom_width&quot;:&quot;400px&quot;,&quot;custom_width_unit&quot;:false,&quot;custom_height&quot;:&quot;380px&quot;,&quot;custom_height_unit&quot;:false,&quot;custom_height_auto&quot;:&quot;1&quot;,&quot;location&quot;:&quot;right bottom&quot;,&quot;position_from_trigger&quot;:false,&quot;position_top&quot;:&quot;100&quot;,&quot;position_left&quot;:&quot;2&quot;,&quot;position_bottom&quot;:&quot;10&quot;,&quot;position_right&quot;:&quot;10&quot;,&quot;position_fixed&quot;:&quot;1&quot;,&quot;animation_type&quot;:&quot;slide&quot;,&quot;animation_speed&quot;:&quot;350&quot;,&quot;animation_origin&quot;:&quot;bottom&quot;,&quot;overlay_zindex&quot;:false,&quot;zindex&quot;:&quot;1999999999&quot;},&quot;close&quot;:{&quot;text&quot;:&quot;&quot;,&quot;button_delay&quot;:&quot;0&quot;,&quot;overlay_click&quot;:false,&quot;esc_press&quot;:false,&quot;f4_press&quot;:false},&quot;click_open&quot;:[]},&quot;conditions&quot;:[[true]]}\" aria-hidden=\"false\">\n<div id=\"popmake-3457\" class=\"pum-container popmake theme-1153 size-custom pum-position-fixed active fixed custom-position\">\n<div class=\"pum-content popmake-content\" tabindex=\"0\">\n<p>&nbsp;<\/p>\n<\/div>\n<\/div>\n<\/div>\n","protected":false},"excerpt":{"rendered":"<h1 class=\"product_title entry-title\" style=\"text-align: left;\"><span style=\"font-size: 14px; font-weight: normal;\">\u00d6sszetev\u0151k:<\/span><strong style=\"font-size: 14px;\">\u00a0b\u00fazaliszt<\/strong><span style=\"font-size: 14px; font-weight: normal;\">, iv\u00f3v\u00edz, s\u00fct\u0151ipari k\u00e9sz\u00edtm\u00e9ny [cukor, n\u00f6v\u00e9nyi zs\u00edr (p\u00e1lma), sov\u00e1ny\u00a0<\/span><strong style=\"font-size: 14px;\">tejpor<\/strong><span style=\"font-size: 14px; font-weight: normal;\">, \u00e9tkez\u00e9si s\u00f3,\u00a0<\/span><strong style=\"font-size: 14px;\">tejsav\u00f3por<\/strong><span style=\"font-size: 14px; font-weight: normal;\">, teljes<\/span><strong style=\"font-size: 14px;\">\u00a0toj\u00e1spor<\/strong><span style=\"font-size: 14px; font-weight: normal;\">, emulge\u00e1l\u00f3szerek (zs\u00edrsavak mono- \u00e9s digliceridjei, zs\u00edrsavak mono- \u00e9s digliceridjeinek mono- \u00e9s diacetil-bork\u0151sav-\u00e9szterei, n\u00e1trium-sztearoil-2-laktil\u00e1t), por\u00edtott kov\u00e1sz (<\/span><strong style=\"font-size: 14px;\">b\u00fazaliszt<\/strong><span style=\"font-size: 14px; font-weight: normal;\">, iv\u00f3v\u00edz, starterkult\u00fara), tart\u00f3s\u00edt\u00f3szerek (kalcium-propion\u00e1t, szorbinsav),\u00a0<\/span><strong style=\"font-size: 14px;\">sz\u00f3jaliszt<\/strong><span style=\"font-size: 14px; font-weight: normal;\">, aroma, krist\u00e1lyvanilin, sz\u00ednez\u00e9k (karotinok), csom\u00f3sod\u00e1st g\u00e1tl\u00f3 anyag (kalcium-szulf\u00e1t), lisztkezel\u0151szer (aszkorbinsav)], \u00e9leszt\u0151, fel\u00fcleti f\u00e9ny [<\/span><strong style=\"font-size: 14px;\">tejfeh\u00e9rje<\/strong><span style=\"font-size: 14px; font-weight: normal;\">\u00a0por,\u00a0<\/span><strong style=\"font-size: 14px;\">tejfeh\u00e9rj\u00e9k<\/strong><span style=\"font-size: 14px; font-weight: normal;\">, dextr\u00f3z, emulge\u00e1l\u00f3szer (n\u00e1trium-foszf\u00e1tok), zs\u00edros\u00a0<\/span><strong style=\"font-size: 14px;\">tejpor<\/strong><span style=\"font-size: 14px; font-weight: normal;\">, sz\u00ednez\u00e9k (karotinok)].<\/span><\/h1>\n","protected":false},"featured_media":3106,"template":"","meta":{"om_disable_all_campaigns":false,"_monsterinsights_skip_tracking":false,"_monsterinsights_sitenote_active":false,"_monsterinsights_sitenote_note":"","_monsterinsights_sitenote_category":0},"product_brand":[],"product_cat":[311,325,314],"product_tag":[249,275],"class_list":{"0":"post-3635","1":"product","2":"type-product","3":"status-publish","4":"has-post-thumbnail","6":"product_cat-pantastico-termekcsalad","7":"product_cat-puffancs","8":"product_cat-hamburger-alapok","9":"product_tag-pantastico","10":"product_tag-pantastico-retro-puffancs","11":"description-off","13":"first","14":"instock","15":"shipping-taxable","16":"product-type-simple"},"aioseo_notices":[],"_links":{"self":[{"href":"https:\/\/frissesropogos.hu\/de\/wp-json\/wp\/v2\/product\/3635","targetHints":{"allow":["GET"]}}],"collection":[{"href":"https:\/\/frissesropogos.hu\/de\/wp-json\/wp\/v2\/product"}],"about":[{"href":"https:\/\/frissesropogos.hu\/de\/wp-json\/wp\/v2\/types\/product"}],"version-history":[{"count":2,"href":"https:\/\/frissesropogos.hu\/de\/wp-json\/wp\/v2\/product\/3635\/revisions"}],"predecessor-version":[{"id":5662,"href":"https:\/\/frissesropogos.hu\/de\/wp-json\/wp\/v2\/product\/3635\/revisions\/5662"}],"wp:featuredmedia":[{"embeddable":true,"href":"https:\/\/frissesropogos.hu\/de\/wp-json\/wp\/v2\/media\/3106"}],"wp:attachment":[{"href":"https:\/\/frissesropogos.hu\/de\/wp-json\/wp\/v2\/media?parent=3635"}],"wp:term":[{"taxonomy":"product_brand","embeddable":true,"href":"https:\/\/frissesropogos.hu\/de\/wp-json\/wp\/v2\/product_brand?post=3635"},{"taxonomy":"product_cat","embeddable":true,"href":"https:\/\/frissesropogos.hu\/de\/wp-json\/wp\/v2\/product_cat?post=3635"},{"taxonomy":"product_tag","embeddable":true,"href":"https:\/\/frissesropogos.hu\/de\/wp-json\/wp\/v2\/product_tag?post=3635"}],"curies":[{"name":"wp","href":"https:\/\/api.w.org\/{rel}","templated":true}]}}