{"id":3399,"date":"2022-10-05T16:28:46","date_gmt":"2022-10-05T14:28:46","guid":{"rendered":"https:\/\/fandrpartner.hu\/?post_type=product&#038;p=3399"},"modified":"2025-05-27T14:40:59","modified_gmt":"2025-05-27T12:40:59","slug":"pantastico-panko-morzsa","status":"publish","type":"product","link":"https:\/\/frissesropogos.hu\/de\/termekek\/pantastico-termekcsalad\/panir\/morzsa\/pantastico-panko-morzsa\/","title":{"rendered":"Pantastico Panko-Kr\u00fcmel 300g"},"content":{"rendered":"<p>Zutaten: Weizenmehl, Trinkwasser, Speisesalz, Hefe.<\/p>\n<p>Das Produkt wird in einem Betrieb unter Verwendung von Milch, Eiern, Soja, Sesamsamen und N\u00fcssen hergestellt!<\/p>\n<p>&nbsp;<\/p>\n<p>Lagerung: an einem trockenen Ort, vor Sonnenlicht gesch\u00fctzt!<\/p>","protected":false},"excerpt":{"rendered":"<p>A panko morzsa egy b\u00fazalisztb\u0151l k\u00e9sz\u00fclt, nagy szemcs\u00e9s, szinte pehelyszer\u0171 morzsa term\u00e9k. Kev\u00e9sb\u00e9 nedvsz\u00edv\u00f3, mint a hagyom\u00e1nyos pan\u00edrmorzs\u00e1k, ez\u00e1ltal kevesebb olajat k\u00e9pes mag\u00e1ba sz\u00edvni, \u00edgy k\u00f6nnyebb, ropog\u00f3sabb pan\u00edrozott \u00e9telek k\u00e9sz\u00edthet\u0151ek bel\u0151le.<\/p>","protected":false},"featured_media":3401,"template":"","meta":{"om_disable_all_campaigns":false,"_monsterinsights_skip_tracking":false,"_monsterinsights_sitenote_active":false,"_monsterinsights_sitenote_note":"","_monsterinsights_sitenote_category":0},"product_brand":[],"product_cat":[331,311,318],"product_tag":[],"class_list":{"0":"post-3399","1":"product","2":"type-product","3":"status-publish","4":"has-post-thumbnail","6":"product_cat-morzsa","7":"product_cat-pantastico-termekcsalad","8":"product_cat-panir","9":"description-off","11":"first","12":"instock","13":"shipping-taxable","14":"product-type-simple"},"aioseo_notices":[],"_links":{"self":[{"href":"https:\/\/frissesropogos.hu\/de\/wp-json\/wp\/v2\/product\/3399","targetHints":{"allow":["GET"]}}],"collection":[{"href":"https:\/\/frissesropogos.hu\/de\/wp-json\/wp\/v2\/product"}],"about":[{"href":"https:\/\/frissesropogos.hu\/de\/wp-json\/wp\/v2\/types\/product"}],"version-history":[{"count":3,"href":"https:\/\/frissesropogos.hu\/de\/wp-json\/wp\/v2\/product\/3399\/revisions"}],"predecessor-version":[{"id":5663,"href":"https:\/\/frissesropogos.hu\/de\/wp-json\/wp\/v2\/product\/3399\/revisions\/5663"}],"wp:featuredmedia":[{"embeddable":true,"href":"https:\/\/frissesropogos.hu\/de\/wp-json\/wp\/v2\/media\/3401"}],"wp:attachment":[{"href":"https:\/\/frissesropogos.hu\/de\/wp-json\/wp\/v2\/media?parent=3399"}],"wp:term":[{"taxonomy":"product_brand","embeddable":true,"href":"https:\/\/frissesropogos.hu\/de\/wp-json\/wp\/v2\/product_brand?post=3399"},{"taxonomy":"product_cat","embeddable":true,"href":"https:\/\/frissesropogos.hu\/de\/wp-json\/wp\/v2\/product_cat?post=3399"},{"taxonomy":"product_tag","embeddable":true,"href":"https:\/\/frissesropogos.hu\/de\/wp-json\/wp\/v2\/product_tag?post=3399"}],"curies":[{"name":"wp","href":"https:\/\/api.w.org\/{rel}","templated":true}]}}