{"id":3248,"date":"2022-08-22T15:22:37","date_gmt":"2022-08-22T13:22:37","guid":{"rendered":"https:\/\/fandrpartner.hu\/?post_type=product&#038;p=3248"},"modified":"2025-05-27T14:41:17","modified_gmt":"2025-05-27T12:41:17","slug":"pantastico-panirmorzsa-750g","status":"publish","type":"product","link":"https:\/\/frissesropogos.hu\/de\/termekek\/pantastico-termekcsalad\/panir\/morzsa\/pantastico-panirmorzsa-750g\/","title":{"rendered":"Pantastico Paniermehl 750 g"},"content":{"rendered":"<p><strong>Das Produkt wird in einem Betrieb unter Verwendung von Milch, Eiern, Soja, Sesamsamen und N\u00fcssen hergestellt! <\/strong><\/p>\n<p>&nbsp;<\/p>\n<p><strong>Es beh\u00e4lt seine Qualit\u00e4t:<\/strong> bis zu dem auf der Verpackung angegebenen Datum (Tag\/Monat\/Jahr).<\/p>\n<p><strong>Lagerung:<\/strong> an einem trockenen, k\u00fchlen und vor Sonnenlicht gesch\u00fctzten Ort! Wir empfehlen Ihnen, die Verpackung nach dem \u00d6ffnen immer wieder zu verschlie\u00dfen.<strong><br \/>\n<\/strong><\/p>\n<p><strong>Hersteller:<\/strong> F&amp;R Partner Kft., 2040 Buda\u00f6rs, Rakt\u00e1r u. 1.<\/p>","protected":false},"excerpt":{"rendered":"<p>\u00d6sszetev\u0151k: <strong>b\u00fazaliszt<\/strong>, iv\u00f3v\u00edz, \u00e9tkez\u00e9si s\u00f3, \u00e9leszt\u0151<\/p>","protected":false},"featured_media":3249,"template":"","meta":{"om_disable_all_campaigns":false,"_monsterinsights_skip_tracking":false,"_monsterinsights_sitenote_active":false,"_monsterinsights_sitenote_note":"","_monsterinsights_sitenote_category":0},"product_brand":[],"product_cat":[331,311,318],"product_tag":[],"class_list":{"0":"post-3248","1":"product","2":"type-product","3":"status-publish","4":"has-post-thumbnail","6":"product_cat-morzsa","7":"product_cat-pantastico-termekcsalad","8":"product_cat-panir","9":"description-off","11":"first","12":"instock","13":"shipping-taxable","14":"product-type-simple"},"aioseo_notices":[],"_links":{"self":[{"href":"https:\/\/frissesropogos.hu\/de\/wp-json\/wp\/v2\/product\/3248","targetHints":{"allow":["GET"]}}],"collection":[{"href":"https:\/\/frissesropogos.hu\/de\/wp-json\/wp\/v2\/product"}],"about":[{"href":"https:\/\/frissesropogos.hu\/de\/wp-json\/wp\/v2\/types\/product"}],"version-history":[{"count":2,"href":"https:\/\/frissesropogos.hu\/de\/wp-json\/wp\/v2\/product\/3248\/revisions"}],"predecessor-version":[{"id":5664,"href":"https:\/\/frissesropogos.hu\/de\/wp-json\/wp\/v2\/product\/3248\/revisions\/5664"}],"wp:featuredmedia":[{"embeddable":true,"href":"https:\/\/frissesropogos.hu\/de\/wp-json\/wp\/v2\/media\/3249"}],"wp:attachment":[{"href":"https:\/\/frissesropogos.hu\/de\/wp-json\/wp\/v2\/media?parent=3248"}],"wp:term":[{"taxonomy":"product_brand","embeddable":true,"href":"https:\/\/frissesropogos.hu\/de\/wp-json\/wp\/v2\/product_brand?post=3248"},{"taxonomy":"product_cat","embeddable":true,"href":"https:\/\/frissesropogos.hu\/de\/wp-json\/wp\/v2\/product_cat?post=3248"},{"taxonomy":"product_tag","embeddable":true,"href":"https:\/\/frissesropogos.hu\/de\/wp-json\/wp\/v2\/product_tag?post=3248"}],"curies":[{"name":"wp","href":"https:\/\/api.w.org\/{rel}","templated":true}]}}