{"id":3224,"date":"2022-08-15T13:11:02","date_gmt":"2022-08-15T11:11:02","guid":{"rendered":"https:\/\/fandrpartner.hu\/?post_type=product&#038;p=3224"},"modified":"2025-05-27T14:42:42","modified_gmt":"2025-05-27T12:42:42","slug":"amerikai-toast-teljes-kiorlesu","status":"publish","type":"product","link":"https:\/\/frissesropogos.hu\/de\/termekek\/pantastico-termekcsalad\/toast-szeletek\/amerikai-tipusu-toast-szeletek\/amerikai-toast-teljes-kiorlesu\/","title":{"rendered":"Pantastico Amerikanische Vollkorntoastscheiben 375g"},"content":{"rendered":"<p>Das Produkt kann Spuren von Eiern, Sesamsamen und N\u00fcssen enthalten.<\/p>\n<p>GVO-frei<\/p>\n<p>Frei von Palm\u00f6l<\/p>\n<p>Enth\u00e4lt keine k\u00fcnstlichen S\u00fc\u00dfstoffe<\/p>\n<p>Garantiertes Verfallsdatum: 45 Tage<\/p>\n<p>Lagerung: an einem trockenen, k\u00fchlen Ort, vor Sonnenlicht gesch\u00fctzt!<\/p>\n<p>Vertrieben von F&amp;R Partner Kft. 2040 Buda\u00f6rs, Rakt\u00e1r utca1.<\/p>","protected":false},"excerpt":{"rendered":"<p>\u00d6sszetev\u0151k: b\u00fazaliszt 58%, glut\u00e9n, v\u00edz, s\u00f6r\u00e9leszt\u0151, napraforg\u00f3olaj (1,5%), s\u00f3, dextr\u00f3z, emulge\u00e1l\u00f3szerek (mono- \u00e9s diglicerid zs\u00edrsav), sz\u00f3jaliszt, tart\u00f3s\u00edt\u00f3szer (szorbinsav), aroma.<\/p>","protected":false},"featured_media":4983,"template":"","meta":{"om_disable_all_campaigns":false,"_monsterinsights_skip_tracking":false,"_monsterinsights_sitenote_active":false,"_monsterinsights_sitenote_note":"","_monsterinsights_sitenote_category":0},"product_brand":[],"product_cat":[312,311,320],"product_tag":[],"class_list":{"0":"post-3224","1":"product","2":"type-product","3":"status-publish","4":"has-post-thumbnail","6":"product_cat-toast-szeletek","7":"product_cat-pantastico-termekcsalad","8":"product_cat-amerikai-tipusu-toast-szeletek","9":"description-off","11":"first","12":"instock","13":"shipping-taxable","14":"product-type-simple"},"aioseo_notices":[],"_links":{"self":[{"href":"https:\/\/frissesropogos.hu\/de\/wp-json\/wp\/v2\/product\/3224","targetHints":{"allow":["GET"]}}],"collection":[{"href":"https:\/\/frissesropogos.hu\/de\/wp-json\/wp\/v2\/product"}],"about":[{"href":"https:\/\/frissesropogos.hu\/de\/wp-json\/wp\/v2\/types\/product"}],"version-history":[{"count":4,"href":"https:\/\/frissesropogos.hu\/de\/wp-json\/wp\/v2\/product\/3224\/revisions"}],"predecessor-version":[{"id":5666,"href":"https:\/\/frissesropogos.hu\/de\/wp-json\/wp\/v2\/product\/3224\/revisions\/5666"}],"wp:featuredmedia":[{"embeddable":true,"href":"https:\/\/frissesropogos.hu\/de\/wp-json\/wp\/v2\/media\/4983"}],"wp:attachment":[{"href":"https:\/\/frissesropogos.hu\/de\/wp-json\/wp\/v2\/media?parent=3224"}],"wp:term":[{"taxonomy":"product_brand","embeddable":true,"href":"https:\/\/frissesropogos.hu\/de\/wp-json\/wp\/v2\/product_brand?post=3224"},{"taxonomy":"product_cat","embeddable":true,"href":"https:\/\/frissesropogos.hu\/de\/wp-json\/wp\/v2\/product_cat?post=3224"},{"taxonomy":"product_tag","embeddable":true,"href":"https:\/\/frissesropogos.hu\/de\/wp-json\/wp\/v2\/product_tag?post=3224"}],"curies":[{"name":"wp","href":"https:\/\/api.w.org\/{rel}","templated":true}]}}