{"id":3217,"date":"2022-08-15T12:23:22","date_gmt":"2022-08-15T10:23:22","guid":{"rendered":"https:\/\/fandrpartner.hu\/?post_type=product&#038;p=3217"},"modified":"2025-05-26T14:15:38","modified_gmt":"2025-05-26T12:15:38","slug":"pinsa-pizza-alap-2","status":"publish","type":"product","link":"https:\/\/frissesropogos.hu\/de\/termekek\/pantastico-termekcsalad\/pizza-teszta\/pinsa\/pinsa-pizza-alap-2\/","title":{"rendered":"Pantastico Vollkorn Pinsa"},"content":{"rendered":"<p><strong>Halbfertiger Pizzaboden mit Vollkornmehl und nativem Oliven\u00f6l extra (3,2%).<\/strong><\/p>\n<p>&nbsp;<\/p>\n<p><strong>Das Produkt kann Spuren von Soja und Senf enthalten!<\/strong><\/p>\n<p>&nbsp;<\/p>\n<p><strong>Es beh\u00e4lt seine Qualit\u00e4t:<\/strong> bis zu dem auf der Verpackung angegebenen Datum (Tag\/Monat\/Jahr).<br \/>\nTrocken, k\u00fchl und vor Sonnenlicht gesch\u00fctzt lagern! Wir empfehlen Ihnen, die Verpackung nach dem \u00d6ffnen immer wieder zu verschlie\u00dfen.<\/p>\n<p><strong>Empfohlene Verwendung:<\/strong> Nach Belieben belegen und im Ofen bei 200 \u00b0C etwa 5-6 Minuten backen.<strong><br \/>\n<\/strong><\/p>\n<p><strong>Verteilen:<\/strong> F&amp;R Partner Kft., 2040 Buda\u00f6rs, Rakt\u00e1r u. 1.<\/p>\n<p>E-Mail: <a href=\"\/de\/&\/#x6d;a&#x69;&#108;&#x74;&#111;&#x3a;&#x69;n&#x66;&#111;&#x40;&#107;&#x65;&#110;y&#x65;&#114;&#x65;&#109;&#x2e;&#104;u\">info@kenyerem.hu<\/a><\/p>","protected":false},"excerpt":{"rendered":"<p><strong>\u00d6sszetev\u0151k:<\/strong><\/p>\n<p>teljes ki\u0151rl\u00e9s\u0171 <strong>b\u00fazaliszt<\/strong> (49%), iv\u00f3v\u00edz, extra sz\u0171z ol\u00edvaolaj (3,2%), \u00e9tkez\u00e9si s\u00f3, kov\u00e1sz (1,6%) [iv\u00f3v\u00edz<strong>, b\u00fazaliszt<\/strong>], \u00e9leszt\u0151, mal\u00e1t\u00e1zott <strong>\u00e1rpaliszt<\/strong>. Etil-alkohollal kezelt, v\u00e9d\u0151g\u00e1zas csomagol\u00e1s\u00fa term\u00e9k.<\/p>\n","protected":false},"featured_media":5626,"template":"","meta":{"om_disable_all_campaigns":false,"_monsterinsights_skip_tracking":false,"_monsterinsights_sitenote_active":false,"_monsterinsights_sitenote_note":"","_monsterinsights_sitenote_category":0},"product_brand":[],"product_cat":[321,311,313],"product_tag":[],"class_list":{"0":"post-3217","1":"product","2":"type-product","3":"status-publish","4":"has-post-thumbnail","6":"product_cat-pinsa","7":"product_cat-pantastico-termekcsalad","8":"product_cat-pizza-teszta","9":"description-off","11":"first","12":"instock","13":"shipping-taxable","14":"product-type-simple"},"aioseo_notices":[],"_links":{"self":[{"href":"https:\/\/frissesropogos.hu\/de\/wp-json\/wp\/v2\/product\/3217","targetHints":{"allow":["GET"]}}],"collection":[{"href":"https:\/\/frissesropogos.hu\/de\/wp-json\/wp\/v2\/product"}],"about":[{"href":"https:\/\/frissesropogos.hu\/de\/wp-json\/wp\/v2\/types\/product"}],"version-history":[{"count":2,"href":"https:\/\/frissesropogos.hu\/de\/wp-json\/wp\/v2\/product\/3217\/revisions"}],"predecessor-version":[{"id":5627,"href":"https:\/\/frissesropogos.hu\/de\/wp-json\/wp\/v2\/product\/3217\/revisions\/5627"}],"wp:featuredmedia":[{"embeddable":true,"href":"https:\/\/frissesropogos.hu\/de\/wp-json\/wp\/v2\/media\/5626"}],"wp:attachment":[{"href":"https:\/\/frissesropogos.hu\/de\/wp-json\/wp\/v2\/media?parent=3217"}],"wp:term":[{"taxonomy":"product_brand","embeddable":true,"href":"https:\/\/frissesropogos.hu\/de\/wp-json\/wp\/v2\/product_brand?post=3217"},{"taxonomy":"product_cat","embeddable":true,"href":"https:\/\/frissesropogos.hu\/de\/wp-json\/wp\/v2\/product_cat?post=3217"},{"taxonomy":"product_tag","embeddable":true,"href":"https:\/\/frissesropogos.hu\/de\/wp-json\/wp\/v2\/product_tag?post=3217"}],"curies":[{"name":"wp","href":"https:\/\/api.w.org\/{rel}","templated":true}]}}