{"id":3206,"date":"2022-08-15T11:21:39","date_gmt":"2022-08-15T09:21:39","guid":{"rendered":"https:\/\/fandrpartner.hu\/?post_type=product&#038;p=3206"},"modified":"2025-05-26T14:12:48","modified_gmt":"2025-05-26T12:12:48","slug":"pinsa-pizza-alap","status":"publish","type":"product","link":"https:\/\/frissesropogos.hu\/de\/termekek\/pantastico-termekcsalad\/pizza-teszta\/pinsa\/pinsa-pizza-alap\/","title":{"rendered":"Pantastico Pinsa"},"content":{"rendered":"<p><strong>Halbfertige Pinsa-Nudeln aus Weizenmehl Typ 0 und Weizenmehl mit Zusatz von nativem Oliven\u00f6l extra (3,5%)<\/strong><\/p>\n<p>&nbsp;<\/p>\n<p><strong>Das Produkt kann Spuren von Soja und Senf enthalten!<\/strong><\/p>\n<p>&nbsp;<\/p>\n<p><strong>Es beh\u00e4lt seine Qualit\u00e4t:<\/strong> bis zu dem auf der Verpackung angegebenen Datum (Tag\/Monat\/Jahr).<br \/>\nTrocken, k\u00fchl und vor Sonnenlicht gesch\u00fctzt lagern! Wir empfehlen Ihnen, die Verpackung nach dem \u00d6ffnen immer wieder zu verschlie\u00dfen.<\/p>\n<p><strong>Empfohlene Verwendung:<\/strong> Nach Belieben belegen und im Ofen bei 200 \u00b0C etwa 5-6 Minuten backen.<strong><br \/>\n<\/strong><\/p>\n<p><strong>Verteilen:<\/strong> F&amp;R Partner Kft., 2040 Buda\u00f6rs, Rakt\u00e1r u. 1.<\/p>\n<p>E-Mail: <a href=\"mailto:info&#64;&#107;&#101;&#110;&#121;&#101;&#114;&#101;&#109;&#46;&#104;&#117;\">info@kenyerem.hu<\/a><\/p>","protected":false},"excerpt":{"rendered":"<p>\u00d6sszetev\u0151k: <strong>b\u00fazaliszt<\/strong> (47%), iv\u00f3v\u00edz, <strong>durumb\u00fazadara<\/strong>, kov\u00e1sz (4,2%) [iv\u00f3v\u00edz, <strong>b\u00fazaliszt<\/strong>], extra sz\u0171z ol\u00edvaolaj (3,5%), \u00e9tkez\u00e9si s\u00f3, \u00e9leszt\u0151, mal\u00e1t\u00e1zott <strong>\u00e1rpaliszt.<\/strong> Etil-alkohollal kezelt, v\u00e9d\u0151g\u00e1zas csomagol\u00e1s\u00fa term\u00e9k.<\/p>\n","protected":false},"featured_media":5621,"template":"","meta":{"om_disable_all_campaigns":false,"_monsterinsights_skip_tracking":false,"_monsterinsights_sitenote_active":false,"_monsterinsights_sitenote_note":"","_monsterinsights_sitenote_category":0},"product_brand":[],"product_cat":[321,311,313],"product_tag":[],"class_list":{"0":"post-3206","1":"product","2":"type-product","3":"status-publish","4":"has-post-thumbnail","6":"product_cat-pinsa","7":"product_cat-pantastico-termekcsalad","8":"product_cat-pizza-teszta","9":"description-off","11":"first","12":"instock","13":"shipping-taxable","14":"product-type-simple"},"aioseo_notices":[],"_links":{"self":[{"href":"https:\/\/frissesropogos.hu\/de\/wp-json\/wp\/v2\/product\/3206","targetHints":{"allow":["GET"]}}],"collection":[{"href":"https:\/\/frissesropogos.hu\/de\/wp-json\/wp\/v2\/product"}],"about":[{"href":"https:\/\/frissesropogos.hu\/de\/wp-json\/wp\/v2\/types\/product"}],"version-history":[{"count":5,"href":"https:\/\/frissesropogos.hu\/de\/wp-json\/wp\/v2\/product\/3206\/revisions"}],"predecessor-version":[{"id":5622,"href":"https:\/\/frissesropogos.hu\/de\/wp-json\/wp\/v2\/product\/3206\/revisions\/5622"}],"wp:featuredmedia":[{"embeddable":true,"href":"https:\/\/frissesropogos.hu\/de\/wp-json\/wp\/v2\/media\/5621"}],"wp:attachment":[{"href":"https:\/\/frissesropogos.hu\/de\/wp-json\/wp\/v2\/media?parent=3206"}],"wp:term":[{"taxonomy":"product_brand","embeddable":true,"href":"https:\/\/frissesropogos.hu\/de\/wp-json\/wp\/v2\/product_brand?post=3206"},{"taxonomy":"product_cat","embeddable":true,"href":"https:\/\/frissesropogos.hu\/de\/wp-json\/wp\/v2\/product_cat?post=3206"},{"taxonomy":"product_tag","embeddable":true,"href":"https:\/\/frissesropogos.hu\/de\/wp-json\/wp\/v2\/product_tag?post=3206"}],"curies":[{"name":"wp","href":"https:\/\/api.w.org\/{rel}","templated":true}]}}