{"id":2559,"date":"2021-09-28T10:56:51","date_gmt":"2021-09-28T08:56:51","guid":{"rendered":"https:\/\/fandrpartner.hu\/?post_type=product&#038;p=2559"},"modified":"2025-05-27T14:31:22","modified_gmt":"2025-05-27T12:31:22","slug":"pantastico-hamburgerzsemle-szezammaggal-6-db","status":"publish","type":"product","link":"https:\/\/frissesropogos.hu\/de\/termekek\/pantastico-termekcsalad\/hamburger-alapok\/hamburger-zsemle\/pantastico-hamburgerzsemle-szezammaggal-6-db\/","title":{"rendered":"Pantastico Classic Burgerbr\u00f6tchen (Sesam) 6 St\u00fcck - 300g"},"content":{"rendered":"<p>Nettogewicht: 6 x 50 g. Die Packung enth\u00e4lt 6 Portionen Sesam-Hamburgerbr\u00f6tchen.<\/p>\n<p>&nbsp;<\/p>\n<p>GVO-frei<\/p>\n<p>Frei von Palm\u00f6l<\/p>\n<p>Enth\u00e4lt keine k\u00fcnstlichen S\u00fc\u00dfstoffe.<\/p>\n<p>Lagerung: an einem trockenen, k\u00fchlen Ort, vor Sonnenlicht gesch\u00fctzt!<\/p>\n<p>Nach dem \u00d6ffnen die restlichen Br\u00f6tchen verschlie\u00dfen und innerhalb von maximal 48 Stunden verzehren!<\/p>","protected":false},"excerpt":{"rendered":"<p>Igazi amerikai hamburgerzsemle szez\u00e1mmaggal. Kisebb m\u00e9ret\u00e9nek k\u00f6sz\u00f6nhet\u0151en t\u00f6bb felt\u00e9ttel is kipr\u00f3b\u00e1lhat\u00f3. 6 darab szez\u00e1mmagos hamburgerzsemle tal\u00e1lhat\u00f3 egy csomagol\u00e1sban.<\/p>","protected":false},"featured_media":2560,"template":"","meta":{"om_disable_all_campaigns":false,"_monsterinsights_skip_tracking":false,"_monsterinsights_sitenote_active":false,"_monsterinsights_sitenote_note":"","_monsterinsights_sitenote_category":0},"product_brand":[],"product_cat":[324,311,314],"product_tag":[],"class_list":{"0":"post-2559","1":"product","2":"type-product","3":"status-publish","4":"has-post-thumbnail","6":"product_cat-hamburger-zsemle","7":"product_cat-pantastico-termekcsalad","8":"product_cat-hamburger-alapok","9":"description-off","11":"first","12":"instock","13":"shipping-taxable","14":"product-type-simple"},"aioseo_notices":[],"_links":{"self":[{"href":"https:\/\/frissesropogos.hu\/de\/wp-json\/wp\/v2\/product\/2559","targetHints":{"allow":["GET"]}}],"collection":[{"href":"https:\/\/frissesropogos.hu\/de\/wp-json\/wp\/v2\/product"}],"about":[{"href":"https:\/\/frissesropogos.hu\/de\/wp-json\/wp\/v2\/types\/product"}],"version-history":[{"count":2,"href":"https:\/\/frissesropogos.hu\/de\/wp-json\/wp\/v2\/product\/2559\/revisions"}],"predecessor-version":[{"id":5653,"href":"https:\/\/frissesropogos.hu\/de\/wp-json\/wp\/v2\/product\/2559\/revisions\/5653"}],"wp:featuredmedia":[{"embeddable":true,"href":"https:\/\/frissesropogos.hu\/de\/wp-json\/wp\/v2\/media\/2560"}],"wp:attachment":[{"href":"https:\/\/frissesropogos.hu\/de\/wp-json\/wp\/v2\/media?parent=2559"}],"wp:term":[{"taxonomy":"product_brand","embeddable":true,"href":"https:\/\/frissesropogos.hu\/de\/wp-json\/wp\/v2\/product_brand?post=2559"},{"taxonomy":"product_cat","embeddable":true,"href":"https:\/\/frissesropogos.hu\/de\/wp-json\/wp\/v2\/product_cat?post=2559"},{"taxonomy":"product_tag","embeddable":true,"href":"https:\/\/frissesropogos.hu\/de\/wp-json\/wp\/v2\/product_tag?post=2559"}],"curies":[{"name":"wp","href":"https:\/\/api.w.org\/{rel}","templated":true}]}}