{"id":2543,"date":"2021-09-15T16:06:33","date_gmt":"2021-09-15T14:06:33","guid":{"rendered":"https:\/\/fandrpartner.hu\/?post_type=product&#038;p=2543"},"modified":"2025-05-27T14:31:33","modified_gmt":"2025-05-27T12:31:33","slug":"pantastico-teljeskiorlesu-hamburgerzsemle-4","status":"publish","type":"product","link":"https:\/\/frissesropogos.hu\/de\/termekek\/pantastico-termekcsalad\/hamburger-alapok\/hamburger-zsemle\/pantastico-teljeskiorlesu-hamburgerzsemle-4\/","title":{"rendered":"Pantastico-Vollkorn-Burgerbr\u00f6tchen"},"content":{"rendered":"<p>Die Packung enth\u00e4lt 4 Vollkorn-Hamburgerbr\u00f6tchen.<\/p>","protected":false},"excerpt":{"rendered":"<p>Die Packung enth\u00e4lt 4 Vollkorn-Hamburgerbr\u00f6tchen.<\/p>","protected":false},"featured_media":2950,"template":"","meta":{"om_disable_all_campaigns":false,"_monsterinsights_skip_tracking":false,"_monsterinsights_sitenote_active":false,"_monsterinsights_sitenote_note":"","_monsterinsights_sitenote_category":0},"product_brand":[],"product_cat":[324,311,314],"product_tag":[255,256,249,254],"class_list":{"0":"post-2543","1":"product","2":"type-product","3":"status-publish","4":"has-post-thumbnail","6":"product_cat-hamburger-zsemle","7":"product_cat-pantastico-termekcsalad","8":"product_cat-hamburger-alapok","9":"product_tag-hamburgerzsemle","10":"product_tag-pantastico-teljes-kiorlesu-hamburgerzsemle","11":"product_tag-pantastico","12":"product_tag-teljes-kiorlesu","13":"description-off","15":"first","16":"instock","17":"shipping-taxable","18":"product-type-simple"},"aioseo_notices":[],"_links":{"self":[{"href":"https:\/\/frissesropogos.hu\/de\/wp-json\/wp\/v2\/product\/2543","targetHints":{"allow":["GET"]}}],"collection":[{"href":"https:\/\/frissesropogos.hu\/de\/wp-json\/wp\/v2\/product"}],"about":[{"href":"https:\/\/frissesropogos.hu\/de\/wp-json\/wp\/v2\/types\/product"}],"version-history":[{"count":2,"href":"https:\/\/frissesropogos.hu\/de\/wp-json\/wp\/v2\/product\/2543\/revisions"}],"predecessor-version":[{"id":5654,"href":"https:\/\/frissesropogos.hu\/de\/wp-json\/wp\/v2\/product\/2543\/revisions\/5654"}],"wp:featuredmedia":[{"embeddable":true,"href":"https:\/\/frissesropogos.hu\/de\/wp-json\/wp\/v2\/media\/2950"}],"wp:attachment":[{"href":"https:\/\/frissesropogos.hu\/de\/wp-json\/wp\/v2\/media?parent=2543"}],"wp:term":[{"taxonomy":"product_brand","embeddable":true,"href":"https:\/\/frissesropogos.hu\/de\/wp-json\/wp\/v2\/product_brand?post=2543"},{"taxonomy":"product_cat","embeddable":true,"href":"https:\/\/frissesropogos.hu\/de\/wp-json\/wp\/v2\/product_cat?post=2543"},{"taxonomy":"product_tag","embeddable":true,"href":"https:\/\/frissesropogos.hu\/de\/wp-json\/wp\/v2\/product_tag?post=2543"}],"curies":[{"name":"wp","href":"https:\/\/api.w.org\/{rel}","templated":true}]}}