{"id":2277,"date":"2021-03-03T13:43:32","date_gmt":"2021-03-03T11:43:32","guid":{"rendered":"https:\/\/fandrpartner.hu\/?post_type=product&#038;p=2277"},"modified":"2025-05-27T14:38:30","modified_gmt":"2025-05-27T12:38:30","slug":"hamarosan-francia-hot-dog-feher","status":"publish","type":"product","link":"https:\/\/frissesropogos.hu\/de\/termekek\/pantastico-termekcsalad\/hot-dog-alapok\/francia-tipusu-hot-dog-kifli\/hamarosan-francia-hot-dog-feher\/","title":{"rendered":"Pantastico Franz\u00f6sisch Typ gebohrt Hot Dog Br\u00f6tchen 3 St\u00fcck wei\u00df 180g"},"content":{"rendered":"","protected":false},"excerpt":{"rendered":"","protected":false},"featured_media":5658,"template":"","meta":{"om_disable_all_campaigns":false,"_monsterinsights_skip_tracking":false,"_monsterinsights_sitenote_active":false,"_monsterinsights_sitenote_note":"","_monsterinsights_sitenote_category":0},"product_brand":[],"product_cat":[311,327,315],"product_tag":[],"class_list":{"0":"post-2277","1":"product","2":"type-product","3":"status-publish","4":"has-post-thumbnail","6":"product_cat-pantastico-termekcsalad","7":"product_cat-francia-tipusu-hot-dog-kifli","8":"product_cat-hot-dog-alapok","9":"description-off","11":"first","12":"instock","13":"shipping-taxable","14":"product-type-simple"},"aioseo_notices":[],"_links":{"self":[{"href":"https:\/\/frissesropogos.hu\/de\/wp-json\/wp\/v2\/product\/2277","targetHints":{"allow":["GET"]}}],"collection":[{"href":"https:\/\/frissesropogos.hu\/de\/wp-json\/wp\/v2\/product"}],"about":[{"href":"https:\/\/frissesropogos.hu\/de\/wp-json\/wp\/v2\/types\/product"}],"version-history":[{"count":2,"href":"https:\/\/frissesropogos.hu\/de\/wp-json\/wp\/v2\/product\/2277\/revisions"}],"predecessor-version":[{"id":5656,"href":"https:\/\/frissesropogos.hu\/de\/wp-json\/wp\/v2\/product\/2277\/revisions\/5656"}],"wp:featuredmedia":[{"embeddable":true,"href":"https:\/\/frissesropogos.hu\/de\/wp-json\/wp\/v2\/media\/5658"}],"wp:attachment":[{"href":"https:\/\/frissesropogos.hu\/de\/wp-json\/wp\/v2\/media?parent=2277"}],"wp:term":[{"taxonomy":"product_brand","embeddable":true,"href":"https:\/\/frissesropogos.hu\/de\/wp-json\/wp\/v2\/product_brand?post=2277"},{"taxonomy":"product_cat","embeddable":true,"href":"https:\/\/frissesropogos.hu\/de\/wp-json\/wp\/v2\/product_cat?post=2277"},{"taxonomy":"product_tag","embeddable":true,"href":"https:\/\/frissesropogos.hu\/de\/wp-json\/wp\/v2\/product_tag?post=2277"}],"curies":[{"name":"wp","href":"https:\/\/api.w.org\/{rel}","templated":true}]}}