{"id":633,"date":"2020-10-20T09:40:21","date_gmt":"2020-10-20T07:40:21","guid":{"rendered":"https:\/\/bakerman.hu\/?page_id=633"},"modified":"2025-05-27T15:40:46","modified_gmt":"2025-05-27T13:40:46","slug":"impresszum","status":"publish","type":"page","link":"https:\/\/frissesropogos.hu\/de\/impresszum\/","title":{"rendered":"Impressum"},"content":{"rendered":"<p><strong>Angetrieben durch<\/strong>F&amp;R Partner Kft.<\/p>\n<p><strong>Hauptsitz<\/strong>2040 Buda\u00f6rs, Rakt\u00e1r u. 1.<\/p>\n<p><strong>Kundenbetreuung<\/strong>:\u00a0<a href=\"\/de\/&\/#x6d;&#97;&#105;l&#x74;&#x6f;&#58;m&#x61;&#x72;&#107;e&#x74;&#x69;&#110;g&#x40;&#x6b;&#101;n&#x79;&#x65;&#114;e&#x6d;&#x2e;&#104;&#117;\">marketing@kenyerem.hu<\/a><\/p>\n<p><strong>Registrierungsnummer des Unternehmens<\/strong>: 13-09-140583<\/p>\n<p><strong>Meldebeh\u00f6rde<\/strong>Gerichtshof des Bezirksgerichts Budapest<\/p>\n<p><strong>Steuernummer<\/strong>: 22948122-2-13<\/p>\n<p><strong>Hosting<\/strong>Ar\u00e9na 99 GmbH, 9751 V\u00e9p, Batthy\u00e1ny u. 16., info@arenadigital.hu<\/p>","protected":false},"excerpt":{"rendered":"<p>\u00dczemeltet\u0151: F&amp;R Partner Kft. Sz\u00e9khely: 2040 Buda\u00f6rs, Rakt\u00e1r u. 1. \u00dcgyf\u00e9lszolg\u00e1lat:\u00a0&#x6d;&#x61;&#114;k&#x65;&#x74;&#105;&#110;g&#x40;&#x6b;&#101;&#110;y&#x65;&#x72;&#101;m&#46;&#x68;&#x75; C\u00e9gjegyz\u00e9ksz\u00e1m: 13-09-140583 Nyilv\u00e1ntart\u00f3 hat\u00f3s\u00e1g: Budapest K\u00f6rny\u00e9ki T\u00f6rv\u00e9nysz\u00e9k C\u00e9gb\u00edr\u00f3s\u00e1ga Ad\u00f3sz\u00e1m: 22948122-2-13 T\u00e1rhelyszolg\u00e1ltat\u00f3: Ar\u00e9na 99 Kft., 9751 V\u00e9p, Batthy\u00e1ny u. 16., &#x69;n&#x66;&#111;&#64;&#x61;&#114;&#x65;&#110;a&#x64;&#105;&#x67;&#105;t&#x61;&#108;&#x2e;&#x68;u<\/p>","protected":false},"author":1,"featured_media":0,"parent":0,"menu_order":0,"comment_status":"closed","ping_status":"closed","template":"","meta":{"om_disable_all_campaigns":false,"_monsterinsights_skip_tracking":false,"_monsterinsights_sitenote_active":false,"_monsterinsights_sitenote_note":"","_monsterinsights_sitenote_category":0,"footnotes":""},"class_list":["post-633","page","type-page","status-publish","hentry","description-off"],"aioseo_notices":[],"_links":{"self":[{"href":"https:\/\/frissesropogos.hu\/de\/wp-json\/wp\/v2\/pages\/633","targetHints":{"allow":["GET"]}}],"collection":[{"href":"https:\/\/frissesropogos.hu\/de\/wp-json\/wp\/v2\/pages"}],"about":[{"href":"https:\/\/frissesropogos.hu\/de\/wp-json\/wp\/v2\/types\/page"}],"author":[{"embeddable":true,"href":"https:\/\/frissesropogos.hu\/de\/wp-json\/wp\/v2\/users\/1"}],"replies":[{"embeddable":true,"href":"https:\/\/frissesropogos.hu\/de\/wp-json\/wp\/v2\/comments?post=633"}],"version-history":[{"count":1,"href":"https:\/\/frissesropogos.hu\/de\/wp-json\/wp\/v2\/pages\/633\/revisions"}],"predecessor-version":[{"id":5690,"href":"https:\/\/frissesropogos.hu\/de\/wp-json\/wp\/v2\/pages\/633\/revisions\/5690"}],"wp:attachment":[{"href":"https:\/\/frissesropogos.hu\/de\/wp-json\/wp\/v2\/media?parent=633"}],"curies":[{"name":"wp","href":"https:\/\/api.w.org\/{rel}","templated":true}]}}