{"id":4740,"date":"2024-01-10T10:09:43","date_gmt":"2024-01-10T08:09:43","guid":{"rendered":"https:\/\/dev.fandrpartner.hu\/?page_id=4740"},"modified":"2024-01-10T10:11:30","modified_gmt":"2024-01-10T08:11:30","slug":"ginop-8-3-5-18-b","status":"publish","type":"page","link":"https:\/\/frissesropogos.hu\/de\/ginop-8-3-5-18-b\/","title":{"rendered":"GINOP-8.3.5-18\/B"},"content":{"rendered":"<div data-elementor-type=\"wp-page\" data-elementor-id=\"4740\" class=\"elementor elementor-4740\" data-elementor-post-type=\"page\">\n\t\t\t\t<div class=\"elementor-element elementor-element-abe9ede e-flex e-con-boxed e-con e-parent\" data-id=\"abe9ede\" data-element_type=\"container\">\n\t\t\t\t\t<div class=\"e-con-inner\">\n\t\t\t\t<div class=\"elementor-element elementor-element-522b91e elementor-widget elementor-widget-text-editor\" data-id=\"522b91e\" data-element_type=\"widget\" data-widget_type=\"text-editor.default\">\n\t\t\t\t<div class=\"elementor-widget-container\">\n\t\t\t\t\t\t\t\t\t<p><strong>Name des Schuldners<\/strong>F&amp;R Partner Kft.<\/p><p><strong>Kreditziel<\/strong>Aktienfinanzierung,<\/p><p><strong>Nummer des Darlehensprogramms<\/strong>GINOP-8.3.5-18\/B, Darlehensbetrag: 149 000 000 HUF.<\/p><p><strong>Kennung des Kreditprogramms<\/strong>Kreditprogramm GINOP-8.3.5-18\/B<\/p>\t\t\t\t\t\t\t\t<\/div>\n\t\t\t\t<\/div>\n\t\t\t\t\t<\/div>\n\t\t\t\t<\/div>\n\t\t<div class=\"elementor-element elementor-element-5bbae74 e-flex e-con-boxed e-con e-parent\" data-id=\"5bbae74\" data-element_type=\"container\">\n\t\t\t\t\t<div class=\"e-con-inner\">\n\t\t\t\t<div class=\"elementor-element elementor-element-b6c409e elementor-widget elementor-widget-image\" data-id=\"b6c409e\" data-element_type=\"widget\" data-widget_type=\"image.default\">\n\t\t\t\t<div class=\"elementor-widget-container\">\n\t\t\t\t\t\t\t\t\t\t\t\t\t\t\t\t<a href=\"https:\/\/frissesropogos.hu\/wp-content\/uploads\/2024\/01\/Ginop-palyazat-uj-jo.png\" data-elementor-open-lightbox=\"yes\" data-e-action-hash=\"#elementor-action%3Aaction%3Dlightbox%26settings%3DeyJpZCI6NDc0MiwidXJsIjoiaHR0cHM6XC9cL2ZyaXNzZXNyb3BvZ29zLmh1XC93cC1jb250ZW50XC91cGxvYWRzXC8yMDI0XC8wMVwvR2lub3AtcGFseWF6YXQtdWotam8ucG5nIn0%3D\">\n\t\t\t\t\t\t\t<img fetchpriority=\"high\" decoding=\"async\" width=\"768\" height=\"681\" src=\"https:\/\/frissesropogos.hu\/wp-content\/uploads\/2024\/01\/Ginop-palyazat-uj-jo-768x681.png\" class=\"attachment-medium_large size-medium_large wp-image-4742\" alt=\"\" srcset=\"https:\/\/frissesropogos.hu\/wp-content\/uploads\/2024\/01\/Ginop-palyazat-uj-jo-768x681.png 768w, https:\/\/frissesropogos.hu\/wp-content\/uploads\/2024\/01\/Ginop-palyazat-uj-jo-800x709.png 800w, https:\/\/frissesropogos.hu\/wp-content\/uploads\/2024\/01\/Ginop-palyazat-uj-jo-300x266.png 300w, https:\/\/frissesropogos.hu\/wp-content\/uploads\/2024\/01\/Ginop-palyazat-uj-jo.png 866w\" sizes=\"(max-width: 768px) 100vw, 768px\" \/>\t\t\t\t\t\t\t\t<\/a>\n\t\t\t\t\t\t\t\t\t\t\t\t\t\t\t<\/div>\n\t\t\t\t<\/div>\n\t\t\t\t\t<\/div>\n\t\t\t\t<\/div>\n\t\t\t\t<\/div>","protected":false},"excerpt":{"rendered":"<p>Ad\u00f3s neve: F&amp;R Partner Kft. Hitelc\u00e9l: k\u00e9szletfinansz\u00edroz\u00e1s, Hitel programsz\u00e1ma: GINOP-8.3.5-18\/B, hitel\u00f6sszeg: 149 000 000 Ft. Hitelprogram azonos\u00edt\u00f3 jele: GINOP-8.3.5-18\/B k\u00f3dsz\u00e1m\u00fa Hitelprogram<\/p>","protected":false},"author":1,"featured_media":0,"parent":0,"menu_order":0,"comment_status":"closed","ping_status":"closed","template":"","meta":{"om_disable_all_campaigns":false,"_monsterinsights_skip_tracking":false,"_monsterinsights_sitenote_active":false,"_monsterinsights_sitenote_note":"","_monsterinsights_sitenote_category":0,"footnotes":""},"class_list":["post-4740","page","type-page","status-publish","hentry"],"aioseo_notices":[],"_links":{"self":[{"href":"https:\/\/frissesropogos.hu\/de\/wp-json\/wp\/v2\/pages\/4740","targetHints":{"allow":["GET"]}}],"collection":[{"href":"https:\/\/frissesropogos.hu\/de\/wp-json\/wp\/v2\/pages"}],"about":[{"href":"https:\/\/frissesropogos.hu\/de\/wp-json\/wp\/v2\/types\/page"}],"author":[{"embeddable":true,"href":"https:\/\/frissesropogos.hu\/de\/wp-json\/wp\/v2\/users\/1"}],"replies":[{"embeddable":true,"href":"https:\/\/frissesropogos.hu\/de\/wp-json\/wp\/v2\/comments?post=4740"}],"version-history":[{"count":0,"href":"https:\/\/frissesropogos.hu\/de\/wp-json\/wp\/v2\/pages\/4740\/revisions"}],"wp:attachment":[{"href":"https:\/\/frissesropogos.hu\/de\/wp-json\/wp\/v2\/media?parent=4740"}],"curies":[{"name":"wp","href":"https:\/\/api.w.org\/{rel}","templated":true}]}}