{"id":4735,"date":"2024-01-10T10:08:45","date_gmt":"2024-01-10T08:08:45","guid":{"rendered":"https:\/\/dev.fandrpartner.hu\/?page_id=4735"},"modified":"2024-01-10T10:09:21","modified_gmt":"2024-01-10T08:09:21","slug":"ginop_plusz-3-2-1-21-palyazat","status":"publish","type":"page","link":"https:\/\/frissesropogos.hu\/de\/ginop_plusz-3-2-1-21-palyazat\/","title":{"rendered":"ANWENDUNG GINOP_PLUSZ-3.2.1-21"},"content":{"rendered":"<div data-elementor-type=\"wp-page\" data-elementor-id=\"4735\" class=\"elementor elementor-4735\" data-elementor-post-type=\"page\">\n\t\t\t\t<div class=\"elementor-element elementor-element-18f4c25 e-flex e-con-boxed e-con e-parent\" data-id=\"18f4c25\" data-element_type=\"container\">\n\t\t\t\t\t<div class=\"e-con-inner\">\n\t\t\t\t<div class=\"elementor-element elementor-element-611e17c elementor-widget elementor-widget-text-editor\" data-id=\"611e17c\" data-element_type=\"widget\" data-widget_type=\"text-editor.default\">\n\t\t\t\t<div class=\"elementor-widget-container\">\n\t\t\t\t\t\t\t\t\t<p><b>Bewerben bei<\/b>GINOP_Plusz-3.2.1-21 \"Verbesserung der Anpassungsf\u00e4higkeit und Produktivit\u00e4t von Arbeitnehmern und Unternehmen durch die Entwicklung von Arbeitskr\u00e4ften\"<\/p>\n<p><b>Antragsteller<\/b>F&amp;R Partner Kft., 2040 Buda\u00f6rs, Rakt\u00e1r u. 1.<\/p>\n<p><b>Betrag der gew\u00e4hrten nicht r\u00fcckzahlbaren Beihilfe<\/b>: 10.500.000 Fu\u00df<\/p>\n<p><\/p>\n<p>Die F&amp;R Partner GmbH.wurde vom Regierungsamt im Rahmen des Arbeitsmarktprogramms GINOP_Plusz-3.2.1-21 \"Verbesserung der Anpassungsf\u00e4higkeit und Produktivit\u00e4t von Arbeitnehmern und Unternehmen durch die Entwicklung der Arbeitskr\u00e4fte\" beauftragt, das aus dem Europ\u00e4ischen Sozialfonds+ und dem ungarischen Haushalt im Rahmen des Gesetzes \u00fcber die Arbeitsvermittlung und -unterst\u00fctzung und die Arbeitsaufsicht 2020 kofinanziert wird. CXXXV von 2021 und der Regierungsverordnung 100\/2021 (II\/27) vom 27. Februar 2021 \u00fcber Dienstleistungen und Subventionen zur F\u00f6rderung der Besch\u00e4ftigung, auf der Grundlage des unabh\u00e4ngigen Antrags des Arbeitgebers, der vom Regierungsamt des Arbeitgebers unter dem Aktenzeichen PEM\/01\/013743-4\/2023 registriert wurde und am 28. Juli 2023 beim Regierungsamt eingegangen ist.<\/p>\n<p><\/p>\t\t\t\t\t\t\t\t<\/div>\n\t\t\t\t<\/div>\n\t\t\t\t\t<\/div>\n\t\t\t\t<\/div>\n\t\t\t\t<\/div>","protected":false},"excerpt":{"rendered":"<p>P\u00e1ly\u00e1zat: GINOP_Plusz-3.2.1-21 \u201eA munkav\u00e1llal\u00f3k \u00e9s v\u00e1llalatok alkalmazkod\u00f3k\u00e9pess\u00e9g\u00e9nek \u00e9s termel\u00e9kenys\u00e9g\u00e9nek jav\u00edt\u00e1sa a munkaer\u0151 fejleszt\u00e9s\u00e9n kereszt\u00fcl\u201d P\u00e1ly\u00e1z\u00f3: F&amp;R Partner Kft., 2040 Buda\u00f6rs, Rakt\u00e1r u. 1. Elnyert vissza nem t\u00e9r\u00edtend\u0151 t\u00e1mogat\u00e1s \u00f6sszege: 10.500.000 Ft Az F&amp;R Partner Kft.-t a korm\u00e1nyhivatal a GINOP_Plusz-3.2.1-21 \u201eA munkav\u00e1llal\u00f3k \u00e9s v\u00e1llalatok alkalmazkod\u00f3k\u00e9pess\u00e9g\u00e9nek \u00e9s termel\u00e9kenys\u00e9g\u00e9nek jav\u00edt\u00e1sa a munkaer\u0151 fejleszt\u00e9s\u00e9n kereszt\u00fcl\u201d elnevez\u00e9s\u0171 munkaer\u0151piaci programban az&hellip;<\/p>","protected":false},"author":1,"featured_media":0,"parent":0,"menu_order":0,"comment_status":"closed","ping_status":"closed","template":"","meta":{"om_disable_all_campaigns":false,"_monsterinsights_skip_tracking":false,"_monsterinsights_sitenote_active":false,"_monsterinsights_sitenote_note":"","_monsterinsights_sitenote_category":0,"footnotes":""},"class_list":["post-4735","page","type-page","status-publish","hentry"],"aioseo_notices":[],"_links":{"self":[{"href":"https:\/\/frissesropogos.hu\/de\/wp-json\/wp\/v2\/pages\/4735","targetHints":{"allow":["GET"]}}],"collection":[{"href":"https:\/\/frissesropogos.hu\/de\/wp-json\/wp\/v2\/pages"}],"about":[{"href":"https:\/\/frissesropogos.hu\/de\/wp-json\/wp\/v2\/types\/page"}],"author":[{"embeddable":true,"href":"https:\/\/frissesropogos.hu\/de\/wp-json\/wp\/v2\/users\/1"}],"replies":[{"embeddable":true,"href":"https:\/\/frissesropogos.hu\/de\/wp-json\/wp\/v2\/comments?post=4735"}],"version-history":[{"count":0,"href":"https:\/\/frissesropogos.hu\/de\/wp-json\/wp\/v2\/pages\/4735\/revisions"}],"wp:attachment":[{"href":"https:\/\/frissesropogos.hu\/de\/wp-json\/wp\/v2\/media?parent=4735"}],"curies":[{"name":"wp","href":"https:\/\/api.w.org\/{rel}","templated":true}]}}