{"id":4282,"date":"2024-01-08T14:34:12","date_gmt":"2024-01-08T12:34:12","guid":{"rendered":"https:\/\/dev.fandrpartner.hu\/?page_id=4282"},"modified":"2024-07-10T09:52:57","modified_gmt":"2024-07-10T07:52:57","slug":"hireink","status":"publish","type":"page","link":"https:\/\/frissesropogos.hu\/de\/hireink\/","title":{"rendered":"Unsere Nachrichten"},"content":{"rendered":"<div data-elementor-type=\"wp-page\" data-elementor-id=\"4282\" class=\"elementor elementor-4282\" data-elementor-post-type=\"page\">\n\t\t\t\t<div class=\"elementor-element elementor-element-beb3537 e-flex e-con-boxed e-con e-parent\" data-id=\"beb3537\" data-element_type=\"container\">\n\t\t\t\t\t<div class=\"e-con-inner\">\n\t\t\t\t<div class=\"elementor-element elementor-element-35176f3 elementor-grid-3 elementor-grid-tablet-2 elementor-grid-mobile-1 elementor-posts--thumbnail-top elementor-card-shadow-yes elementor-posts__hover-gradient elementor-widget elementor-widget-posts\" data-id=\"35176f3\" data-element_type=\"widget\" data-settings=\"{&quot;pagination_type&quot;:&quot;load_more_infinite_scroll&quot;,&quot;cards_columns&quot;:&quot;3&quot;,&quot;cards_columns_tablet&quot;:&quot;2&quot;,&quot;cards_columns_mobile&quot;:&quot;1&quot;,&quot;cards_row_gap&quot;:{&quot;unit&quot;:&quot;px&quot;,&quot;size&quot;:35,&quot;sizes&quot;:[]},&quot;cards_row_gap_tablet&quot;:{&quot;unit&quot;:&quot;px&quot;,&quot;size&quot;:&quot;&quot;,&quot;sizes&quot;:[]},&quot;cards_row_gap_mobile&quot;:{&quot;unit&quot;:&quot;px&quot;,&quot;size&quot;:&quot;&quot;,&quot;sizes&quot;:[]},&quot;load_more_spinner&quot;:{&quot;value&quot;:&quot;fas fa-spinner&quot;,&quot;library&quot;:&quot;fa-solid&quot;}}\" data-widget_type=\"posts.cards\">\n\t\t\t\t<div class=\"elementor-widget-container\">\n\t\t\t\t\t\t\t<div class=\"elementor-posts-container elementor-posts elementor-posts--skin-cards elementor-grid\">\n\t\t\t\t<article class=\"elementor-post elementor-grid-item post-5534 post type-post status-publish format-standard has-post-thumbnail hentry category-hireink-blog tag-fr-partner tag-superbrands tag-pantastico category-47 description-off\">\n\t\t\t<div class=\"elementor-post__card\">\n\t\t\t\t<a class=\"elementor-post__thumbnail__link\" href=\"https:\/\/frissesropogos.hu\/de\/pantastico-ujra-a-csucson-a-superbrands-es-business-superbrands-dij-nyertese\/\" tabindex=\"-1\" ><div class=\"elementor-post__thumbnail\"><img fetchpriority=\"high\" decoding=\"async\" width=\"768\" height=\"885\" src=\"https:\/\/frissesropogos.hu\/wp-content\/uploads\/2025\/04\/ZSOLT-Superbrands-scaled-e1745326639608-768x885.jpg\" class=\"attachment-medium_large size-medium_large wp-image-5535\" alt=\"\" srcset=\"https:\/\/frissesropogos.hu\/wp-content\/uploads\/2025\/04\/ZSOLT-Superbrands-scaled-e1745326639608-768x885.jpg 768w, https:\/\/frissesropogos.hu\/wp-content\/uploads\/2025\/04\/ZSOLT-Superbrands-scaled-e1745326639608-260x300.jpg 260w, https:\/\/frissesropogos.hu\/wp-content\/uploads\/2025\/04\/ZSOLT-Superbrands-scaled-e1745326639608-889x1024.jpg 889w, https:\/\/frissesropogos.hu\/wp-content\/uploads\/2025\/04\/ZSOLT-Superbrands-scaled-e1745326639608-1334x1536.jpg 1334w, https:\/\/frissesropogos.hu\/wp-content\/uploads\/2025\/04\/ZSOLT-Superbrands-scaled-e1745326639608-1778x2048.jpg 1778w, https:\/\/frissesropogos.hu\/wp-content\/uploads\/2025\/04\/ZSOLT-Superbrands-scaled-e1745326639608-10x12.jpg 10w, https:\/\/frissesropogos.hu\/wp-content\/uploads\/2025\/04\/ZSOLT-Superbrands-scaled-e1745326639608-800x921.jpg 800w\" sizes=\"(max-width: 768px) 100vw, 768px\" \/><\/div><\/a>\n\t\t\t\t<div class=\"elementor-post__text\">\n\t\t\t\t<h3 class=\"elementor-post__title\">\n\t\t\t<a href=\"https:\/\/frissesropogos.hu\/de\/pantastico-ujra-a-csucson-a-superbrands-es-business-superbrands-dij-nyertese\/\" >\n\t\t\t\tPantastico! erneut an der Spitze: Gewinner der Auszeichnungen Superbrands und Business Superbrands\t\t\t<\/a>\n\t\t<\/h3>\n\t\t\t\t<div class=\"elementor-post__excerpt\">\n\t\t\t<p>F&amp;R Partner Ltd. kann zu Recht stolz darauf sein, dass sein Backwarensortiment Pantastico! in diesem Jahr bereits zum zweiten Mal die Auszeichnungen Superbrands und Business Superbrands erhalten hat.<\/p>\n\t\t<\/div>\n\t\t\n\t\t<a class=\"elementor-post__read-more\" href=\"https:\/\/frissesropogos.hu\/de\/pantastico-ujra-a-csucson-a-superbrands-es-business-superbrands-dij-nyertese\/\" aria-label=\"Read more about Pantastico! \u00fajra a cs\u00facson: a Superbrands \u00e9s Business Superbrands d\u00edj nyertese\" tabindex=\"-1\" >\n\t\t\tMehr lesen \"\t\t<\/a>\n\n\t\t\t\t<\/div>\n\t\t\t\t\t<\/div>\n\t\t<\/article>\n\t\t\t\t<article class=\"elementor-post elementor-grid-item post-5291 post type-post status-publish format-standard has-post-thumbnail hentry category-hireink-blog category-47 description-off\">\n\t\t\t<div class=\"elementor-post__card\">\n\t\t\t\t<a class=\"elementor-post__thumbnail__link\" href=\"https:\/\/frissesropogos.hu\/de\/uj-raktarepuletet-adtak-at-kislangon\/\" tabindex=\"-1\" ><div class=\"elementor-post__thumbnail\"><img decoding=\"async\" width=\"768\" height=\"506\" src=\"https:\/\/frissesropogos.hu\/wp-content\/uploads\/2025\/01\/2-768x506.jpg\" class=\"attachment-medium_large size-medium_large wp-image-5293\" alt=\"\" srcset=\"https:\/\/frissesropogos.hu\/wp-content\/uploads\/2025\/01\/2-768x506.jpg 768w, https:\/\/frissesropogos.hu\/wp-content\/uploads\/2025\/01\/2-300x197.jpg 300w, https:\/\/frissesropogos.hu\/wp-content\/uploads\/2025\/01\/2-18x12.jpg 18w, https:\/\/frissesropogos.hu\/wp-content\/uploads\/2025\/01\/2.jpg 799w\" sizes=\"(max-width: 768px) 100vw, 768px\" \/><\/div><\/a>\n\t\t\t\t<div class=\"elementor-post__text\">\n\t\t\t\t<h3 class=\"elementor-post__title\">\n\t\t\t<a href=\"https:\/\/frissesropogos.hu\/de\/uj-raktarepuletet-adtak-at-kislangon\/\" >\n\t\t\t\tNeues Lagergeb\u00e4ude in Kisl\u00e1ng eingeweiht\t\t\t<\/a>\n\t\t<\/h3>\n\t\t\t\t<div class=\"elementor-post__excerpt\">\n\t\t\t<p>FEOL-Artikel Ein gro\u00dfes Projekt zur Kapazit\u00e4tserweiterung wurde k\u00fcrzlich in Kisl\u00e1ng durchgef\u00fchrt, wo am Dienstag ein neues Lager eingeweiht wurde. In Kisl\u00e1ng<\/p>\n\t\t<\/div>\n\t\t\n\t\t<a class=\"elementor-post__read-more\" href=\"https:\/\/frissesropogos.hu\/de\/uj-raktarepuletet-adtak-at-kislangon\/\" aria-label=\"Read more about \u00daj rakt\u00e1r\u00e9p\u00fcletet adtak \u00e1t Kisl\u00e1ngon\" tabindex=\"-1\" >\n\t\t\tMehr lesen \"\t\t<\/a>\n\n\t\t\t\t<\/div>\n\t\t\t\t\t<\/div>\n\t\t<\/article>\n\t\t\t\t<article class=\"elementor-post elementor-grid-item post-5285 post type-post status-publish format-standard has-post-thumbnail hentry category-hireink-blog category-47 description-off\">\n\t\t\t<div class=\"elementor-post__card\">\n\t\t\t\t<a class=\"elementor-post__thumbnail__link\" href=\"https:\/\/frissesropogos.hu\/de\/kislangi-telephely-fejlesztes\/\" tabindex=\"-1\" ><div class=\"elementor-post__thumbnail\"><img decoding=\"async\" width=\"768\" height=\"644\" src=\"https:\/\/frissesropogos.hu\/wp-content\/uploads\/2024\/12\/kislang-768x644.jpg\" class=\"attachment-medium_large size-medium_large wp-image-5286\" alt=\"\" srcset=\"https:\/\/frissesropogos.hu\/wp-content\/uploads\/2024\/12\/kislang-768x644.jpg 768w, https:\/\/frissesropogos.hu\/wp-content\/uploads\/2024\/12\/kislang-800x671.jpg 800w, https:\/\/frissesropogos.hu\/wp-content\/uploads\/2024\/12\/kislang-300x252.jpg 300w, https:\/\/frissesropogos.hu\/wp-content\/uploads\/2024\/12\/kislang-1024x859.jpg 1024w, https:\/\/frissesropogos.hu\/wp-content\/uploads\/2024\/12\/kislang-14x12.jpg 14w, https:\/\/frissesropogos.hu\/wp-content\/uploads\/2024\/12\/kislang.jpg 1080w\" sizes=\"(max-width: 768px) 100vw, 768px\" \/><\/div><\/a>\n\t\t\t\t<div class=\"elementor-post__text\">\n\t\t\t\t<h3 class=\"elementor-post__title\">\n\t\t\t<a href=\"https:\/\/frissesropogos.hu\/de\/kislangi-telephely-fejlesztes\/\" >\n\t\t\t\tEntwicklung des Standorts Kisl\u00e1ngi\t\t\t<\/a>\n\t\t<\/h3>\n\t\t\t\t<div class=\"elementor-post__excerpt\">\n\t\t\t<p>Am 23.12.2024 haben wir ein Projekt zur Kapazit\u00e4tserweiterung an unserem Standort in Kisl\u00e1ng erfolgreich abgeschlossen, dessen Hauptziel es war, den erh\u00f6hten Lagerbedarf im Zusammenhang mit der Ausweitung unserer Handelsaktivit\u00e4ten zu decken. A 3,288<\/p>\n\t\t<\/div>\n\t\t\n\t\t<a class=\"elementor-post__read-more\" href=\"https:\/\/frissesropogos.hu\/de\/kislangi-telephely-fejlesztes\/\" aria-label=\"Read more about Kisl\u00e1ngi telephely fejleszt\u00e9s\" tabindex=\"-1\" >\n\t\t\tMehr lesen \"\t\t<\/a>\n\n\t\t\t\t<\/div>\n\t\t\t\t\t<\/div>\n\t\t<\/article>\n\t\t\t\t<article class=\"elementor-post elementor-grid-item post-5283 post type-post status-publish format-standard has-post-thumbnail hentry category-hireink-blog category-47 description-off\">\n\t\t\t<div class=\"elementor-post__card\">\n\t\t\t\t<a class=\"elementor-post__thumbnail__link\" href=\"https:\/\/frissesropogos.hu\/de\/gesztenyes-bejgli\/\" tabindex=\"-1\" ><div class=\"elementor-post__thumbnail\"><img loading=\"lazy\" decoding=\"async\" width=\"768\" height=\"614\" src=\"https:\/\/frissesropogos.hu\/wp-content\/uploads\/2021\/12\/gesztenyes-bejgli-husvet-768x614.jpg\" class=\"attachment-medium_large size-medium_large wp-image-2711\" alt=\"\" srcset=\"https:\/\/frissesropogos.hu\/wp-content\/uploads\/2021\/12\/gesztenyes-bejgli-husvet-768x614.jpg 768w, https:\/\/frissesropogos.hu\/wp-content\/uploads\/2021\/12\/gesztenyes-bejgli-husvet-scaled-800x640.jpg 800w, https:\/\/frissesropogos.hu\/wp-content\/uploads\/2021\/12\/gesztenyes-bejgli-husvet-300x240.jpg 300w, https:\/\/frissesropogos.hu\/wp-content\/uploads\/2021\/12\/gesztenyes-bejgli-husvet-1024x819.jpg 1024w, https:\/\/frissesropogos.hu\/wp-content\/uploads\/2021\/12\/gesztenyes-bejgli-husvet-1536x1228.jpg 1536w, https:\/\/frissesropogos.hu\/wp-content\/uploads\/2021\/12\/gesztenyes-bejgli-husvet-2048x1637.jpg 2048w, https:\/\/frissesropogos.hu\/wp-content\/uploads\/2021\/12\/gesztenyes-bejgli-husvet-scaled-550x440.jpg 550w, https:\/\/frissesropogos.hu\/wp-content\/uploads\/2021\/12\/gesztenyes-bejgli-husvet-scaled.jpg 1351w\" sizes=\"(max-width: 768px) 100vw, 768px\" \/><\/div><\/a>\n\t\t\t\t<div class=\"elementor-post__text\">\n\t\t\t\t<h3 class=\"elementor-post__title\">\n\t\t\t<a href=\"https:\/\/frissesropogos.hu\/de\/gesztenyes-bejgli\/\" >\n\t\t\t\tKastanie bejgli\t\t\t<\/a>\n\t\t<\/h3>\n\t\t\t\t<div class=\"elementor-post__excerpt\">\n\t\t\t<p>Rosskastanien sind nicht nur k\u00f6stlich, sie haben auch viele positive Auswirkungen auf die Gesundheit. Hier sind einige ihrer Vorteile: 1. n\u00e4hrstoffreiche Vitamine: Sie sind reich an Vitamin C und enthalten B-Vitamine<\/p>\n\t\t<\/div>\n\t\t\n\t\t<a class=\"elementor-post__read-more\" href=\"https:\/\/frissesropogos.hu\/de\/gesztenyes-bejgli\/\" aria-label=\"Read more about Geszteny\u00e9s bejgli\" tabindex=\"-1\" >\n\t\t\tMehr lesen \"\t\t<\/a>\n\n\t\t\t\t<\/div>\n\t\t\t\t\t<\/div>\n\t\t<\/article>\n\t\t\t\t<article class=\"elementor-post elementor-grid-item post-5277 post type-post status-publish format-standard has-post-thumbnail hentry category-hireink-blog category-47 description-off\">\n\t\t\t<div class=\"elementor-post__card\">\n\t\t\t\t<a class=\"elementor-post__thumbnail__link\" href=\"https:\/\/frissesropogos.hu\/de\/bejgli-a-magyar-sutemeny\/\" tabindex=\"-1\" ><div class=\"elementor-post__thumbnail\"><img loading=\"lazy\" decoding=\"async\" width=\"768\" height=\"576\" src=\"https:\/\/frissesropogos.hu\/wp-content\/uploads\/2024\/12\/makos-768x576.jpg\" class=\"attachment-medium_large size-medium_large wp-image-5278\" alt=\"\" srcset=\"https:\/\/frissesropogos.hu\/wp-content\/uploads\/2024\/12\/makos-768x576.jpg 768w, https:\/\/frissesropogos.hu\/wp-content\/uploads\/2024\/12\/makos-800x600.jpg 800w, https:\/\/frissesropogos.hu\/wp-content\/uploads\/2024\/12\/makos-300x225.jpg 300w, https:\/\/frissesropogos.hu\/wp-content\/uploads\/2024\/12\/makos-1024x768.jpg 1024w, https:\/\/frissesropogos.hu\/wp-content\/uploads\/2024\/12\/makos-16x12.jpg 16w, https:\/\/frissesropogos.hu\/wp-content\/uploads\/2024\/12\/makos.jpg 1440w\" sizes=\"(max-width: 768px) 100vw, 768px\" \/><\/div><\/a>\n\t\t\t\t<div class=\"elementor-post__text\">\n\t\t\t\t<h3 class=\"elementor-post__title\">\n\t\t\t<a href=\"https:\/\/frissesropogos.hu\/de\/bejgli-a-magyar-sutemeny\/\" >\n\t\t\t\tBejgli, der ungarische Kuchen?\t\t\t<\/a>\n\t\t<\/h3>\n\t\t\t\t<div class=\"elementor-post__excerpt\">\n\t\t\t<p>Das Bejgli, eines der beliebtesten Desserts auf ungarischen Weihnachtstischen, wird mit einer traditionellen Nuss- oder Mohnf\u00fcllung hergestellt. Aber ist das Bejgli auch au\u00dferhalb Ungarns beliebt? Das wollen wir herausfinden,<\/p>\n\t\t<\/div>\n\t\t\n\t\t<a class=\"elementor-post__read-more\" href=\"https:\/\/frissesropogos.hu\/de\/bejgli-a-magyar-sutemeny\/\" aria-label=\"Read more about Bejgli, a magyar s\u00fctem\u00e9ny?\" tabindex=\"-1\" >\n\t\t\tMehr lesen \"\t\t<\/a>\n\n\t\t\t\t<\/div>\n\t\t\t\t\t<\/div>\n\t\t<\/article>\n\t\t\t\t<article class=\"elementor-post elementor-grid-item post-5272 post type-post status-publish format-standard has-post-thumbnail hentry category-hireink-blog category-47 description-off\">\n\t\t\t<div class=\"elementor-post__card\">\n\t\t\t\t<a class=\"elementor-post__thumbnail__link\" href=\"https:\/\/frissesropogos.hu\/de\/superbrands-gala-dijazott-a-pantastico-brands-es-az-fr-partner-kft\/\" tabindex=\"-1\" ><div class=\"elementor-post__thumbnail\"><img loading=\"lazy\" decoding=\"async\" width=\"768\" height=\"512\" src=\"https:\/\/frissesropogos.hu\/wp-content\/uploads\/2024\/12\/superbrands-gala-768x512.jpg\" class=\"attachment-medium_large size-medium_large wp-image-5274\" alt=\"\" srcset=\"https:\/\/frissesropogos.hu\/wp-content\/uploads\/2024\/12\/superbrands-gala-768x512.jpg 768w, https:\/\/frissesropogos.hu\/wp-content\/uploads\/2024\/12\/superbrands-gala-800x534.jpg 800w, https:\/\/frissesropogos.hu\/wp-content\/uploads\/2024\/12\/superbrands-gala-300x200.jpg 300w, https:\/\/frissesropogos.hu\/wp-content\/uploads\/2024\/12\/superbrands-gala-1024x683.jpg 1024w, https:\/\/frissesropogos.hu\/wp-content\/uploads\/2024\/12\/superbrands-gala-18x12.jpg 18w, https:\/\/frissesropogos.hu\/wp-content\/uploads\/2024\/12\/superbrands-gala.jpg 1499w\" sizes=\"(max-width: 768px) 100vw, 768px\" \/><\/div><\/a>\n\t\t\t\t<div class=\"elementor-post__text\">\n\t\t\t\t<h3 class=\"elementor-post__title\">\n\t\t\t<a href=\"https:\/\/frissesropogos.hu\/de\/superbrands-gala-dijazott-a-pantastico-brands-es-az-fr-partner-kft\/\" >\n\t\t\t\tSuperbrands Gala - Pantastico Marken und F&amp;R Partner Kft. gewinnen Auszeichnungen!\t\t\t<\/a>\n\t\t<\/h3>\n\t\t\t\t<div class=\"elementor-post__excerpt\">\n\t\t\t<p>Jedes Jahr werden im Rahmen des Superbrands-Programms mit Hilfe eines komplexen Auswahlsystems Tausende von Marken bewertet und die leistungsst\u00e4rksten ausgew\u00e4hlt, die dann in der Verbraucherkategorie ausgezeichnet werden.<\/p>\n\t\t<\/div>\n\t\t\n\t\t<a class=\"elementor-post__read-more\" href=\"https:\/\/frissesropogos.hu\/de\/superbrands-gala-dijazott-a-pantastico-brands-es-az-fr-partner-kft\/\" aria-label=\"Read more about Superbrands g\u00e1la \u2013 d\u00edjazott a Pantastico brands \u00e9s az F&amp;R Partner Kft!\" tabindex=\"-1\" >\n\t\t\tMehr lesen \"\t\t<\/a>\n\n\t\t\t\t<\/div>\n\t\t\t\t\t<\/div>\n\t\t<\/article>\n\t\t\t\t<\/div>\n\t\t\t\t\t<span class=\"e-load-more-spinner\">\n\t\t\t\t<svg aria-hidden=\"true\" class=\"e-font-icon-svg e-fas-spinner\" viewbox=\"0 0 512 512\" xmlns=\"http:\/\/www.w3.org\/2000\/svg\"><path d=\"M304 48c0 26.51-21.49 48-48 48s-48-21.49-48-48 21.49-48 48-48 48 21.49 48 48zm-48 368c-26.51 0-48 21.49-48 48s21.49 48 48 48 48-21.49 48-48-21.49-48-48-48zm208-208c-26.51 0-48 21.49-48 48s21.49 48 48 48 48-21.49 48-48-21.49-48-48-48zM96 256c0-26.51-21.49-48-48-48S0 229.49 0 256s21.49 48 48 48 48-21.49 48-48zm12.922 99.078c-26.51 0-48 21.49-48 48s21.49 48 48 48 48-21.49 48-48c0-26.509-21.491-48-48-48zm294.156 0c-26.51 0-48 21.49-48 48s21.49 48 48 48 48-21.49 48-48c0-26.509-21.49-48-48-48zM108.922 60.922c-26.51 0-48 21.49-48 48s21.49 48 48 48 48-21.49 48-48-21.491-48-48-48z\"><\/path><\/svg>\t\t\t<\/span>\n\t\t\n\t\t\t\t<div class=\"e-load-more-anchor\" data-page=\"1\" data-max-page=\"7\" data-next-page=\"https:\/\/frissesropogos.hu\/de\/wp-json\/wp\/v2\/pages\/4282\/page\/2\/\"><\/div>\n\t\t\t\t<div class=\"e-load-more-message\"><\/div>\n\t\t\t\t\t\t<\/div>\n\t\t\t\t<\/div>\n\t\t\t\t\t<\/div>\n\t\t\t\t<\/div>\n\t\t\t\t<\/div>","protected":false},"excerpt":{"rendered":"","protected":false},"author":1,"featured_media":2105,"parent":0,"menu_order":0,"comment_status":"closed","ping_status":"closed","template":"","meta":{"om_disable_all_campaigns":false,"_monsterinsights_skip_tracking":false,"_monsterinsights_sitenote_active":false,"_monsterinsights_sitenote_note":"","_monsterinsights_sitenote_category":0,"footnotes":""},"class_list":["post-4282","page","type-page","status-publish","has-post-thumbnail","hentry","category-47","description-off"],"aioseo_notices":[],"_links":{"self":[{"href":"https:\/\/frissesropogos.hu\/de\/wp-json\/wp\/v2\/pages\/4282","targetHints":{"allow":["GET"]}}],"collection":[{"href":"https:\/\/frissesropogos.hu\/de\/wp-json\/wp\/v2\/pages"}],"about":[{"href":"https:\/\/frissesropogos.hu\/de\/wp-json\/wp\/v2\/types\/page"}],"author":[{"embeddable":true,"href":"https:\/\/frissesropogos.hu\/de\/wp-json\/wp\/v2\/users\/1"}],"replies":[{"embeddable":true,"href":"https:\/\/frissesropogos.hu\/de\/wp-json\/wp\/v2\/comments?post=4282"}],"version-history":[{"count":4,"href":"https:\/\/frissesropogos.hu\/de\/wp-json\/wp\/v2\/pages\/4282\/revisions"}],"predecessor-version":[{"id":5206,"href":"https:\/\/frissesropogos.hu\/de\/wp-json\/wp\/v2\/pages\/4282\/revisions\/5206"}],"wp:featuredmedia":[{"embeddable":true,"href":"https:\/\/frissesropogos.hu\/de\/wp-json\/wp\/v2\/media\/2105"}],"wp:attachment":[{"href":"https:\/\/frissesropogos.hu\/de\/wp-json\/wp\/v2\/media?parent=4282"}],"curies":[{"name":"wp","href":"https:\/\/api.w.org\/{rel}","templated":true}]}}