{"id":33,"date":"2020-03-11T19:47:29","date_gmt":"2020-03-11T19:47:29","guid":{"rendered":"https:\/\/fandrpartner.hu\/?page_id=33"},"modified":"2024-01-09T13:46:52","modified_gmt":"2024-01-09T11:46:52","slug":"ginop-1-2-1-16-2017-00901","status":"publish","type":"page","link":"https:\/\/frissesropogos.hu\/de\/ginop-1-2-1-16-2017-00901\/","title":{"rendered":"GINOP-1.2.1-16-2017-00901"},"content":{"rendered":"<div data-elementor-type=\"wp-page\" data-elementor-id=\"33\" class=\"elementor elementor-33\" data-elementor-post-type=\"page\">\n\t\t\t\t<div class=\"elementor-element elementor-element-40456245 e-flex e-con-boxed e-con e-parent\" data-id=\"40456245\" data-element_type=\"container\">\n\t\t\t\t\t<div class=\"e-con-inner\">\n\t\t\t\t<div class=\"elementor-element elementor-element-6a31a878 elementor-widget elementor-widget-text-editor\" data-id=\"6a31a878\" data-element_type=\"widget\" data-widget_type=\"text-editor.default\">\n\t\t\t\t<div class=\"elementor-widget-container\">\n\t\t\t\t\t\t\t\t\t<p><strong>Name des Beg\u00fcnstigten<\/strong>F&amp;R Partner Backen und Handel Ltd.<br \/><strong>Titel des Projekts<\/strong>Erweiterung der Produktionskapazit\u00e4ten von F&amp;R Partner S\u00fct\u0151ipari \u00e9s Kereskedelmi Kft. durch die Errichtung eines neuen Standorts und eine innovative Produktionstechnologie in Sz\u00e9kesfeh\u00e9rv\u00e1r<br \/><strong>Die H\u00f6he der vertraglich vereinbarten Beihilfe:<\/strong> 39.951.567 Ft<br \/><strong>Beihilfesatz (in %):<\/strong> 45 %<\/p><p><strong>Pr\u00e4sentation der Projektinhalte:<\/strong><\/p><p>Die Hauptt\u00e4tigkeit von F&amp;R Partner Ltd. ist die Herstellung von Backwaren, und ihr Umsatz stammt vollst\u00e4ndig aus dieser T\u00e4tigkeit.<br \/>Auf der Grundlage einer vorl\u00e4ufigen Marktuntersuchung wurde der Unternehmensleitung klar, dass die Nachfrage nach glutenfreien Produkten erheblich gestiegen ist. Auf dieser Grundlage wurde beschlossen, die Produktpalette des Unternehmens um ein v\u00f6llig neues Produkt, glutenfreies Paniermehl, zu erweitern, das im Rahmen dieses Projekts eingekauft werden soll.<br \/>Da glutenfreie Produkte streng getrennt vom Ort der Verwendung von normalem Weizenmehl hergestellt werden m\u00fcssen, w\u00fcrde das Unternehmen glutenfreie Produkte nur am Standort Sz\u00e9kesfeh\u00e9rv\u00e1r produzieren.<br \/>Mit Hilfe der zu erwerbenden Anlagen wird das Unternehmen an seinem Standort in Sz\u00e9kesfeh\u00e9rv\u00e1r ein v\u00f6llig eigenst\u00e4ndiges Produktionsprozesssystem aufbauen.<br \/>Auch im Bereich des Produktionsmanagements und der Programmierung wird das Unternehmen ein neues Niveau erreichen, da die Verpflichtung zur Einf\u00fchrung von IPAR 4.0 f\u00fcr niedrige Lagerbest\u00e4nde an Rohstoffen und Waren sorgen und die Vorlaufzeiten verk\u00fcrzen wird.<br \/>Im Rahmen dieses Projekts werden die folgenden Ger\u00e4te und Software angeschafft:<\/p><ul><li>Produktionslinie f\u00fcr glutenfreies Paniermehl<\/li><li>Mehlsystem f\u00fcr Innenr\u00e4ume<\/li><li>Palettenwickelmaschine<\/li><li>Verpackungsmaschine<\/li><li>Produktionsmanagement, Produktionsprogrammierungssystem<\/li><\/ul><p><strong>Geplanter Termin f\u00fcr die Fertigstellung des Projekts<\/strong>: 2019.05.31<br \/><strong>Die Projektidentifikationsnummer:<\/strong> GINOP-1.2.1-16-2017-00901<\/p>\t\t\t\t\t\t\t\t<\/div>\n\t\t\t\t<\/div>\n\t\t\t\t\t<\/div>\n\t\t\t\t<\/div>\n\t\t\t\t<\/div>","protected":false},"excerpt":{"rendered":"<p>Kedvezm\u00e9nyezett neve: F&amp;R Partner S\u00fct\u0151ipari \u00e9s Kereskedelmi Kft.A projekt c\u00edme: Az F&amp;R Partner S\u00fct\u0151ipari \u00e9s Kereskedelmi Kft. termel\u00e9si kapacit\u00e1s\u00e1nak b\u0151v\u00edt\u00e9se \u00faj telephely l\u00e9trehoz\u00e1s\u00e1val \u00e9s termel\u00e9s-technol\u00f3giai innov\u00e1ci\u00f3val Sz\u00e9kesfeh\u00e9rv\u00e1ronA szerz\u0151d\u00f6tt t\u00e1mogat\u00e1s \u00f6sszege: 39.951.567 FtA t\u00e1mogat\u00e1s m\u00e9rt\u00e9ke (%-ban): 45 % A projekt tartalm\u00e1nak bemutat\u00e1sa: Az F&amp;R Partner Kft. f\u0151tev\u00e9kenys\u00e9ge p\u00e9k\u00e1ru gy\u00e1rt\u00e1sa, \u00e1rbev\u00e9tele teljes eg\u00e9sz\u00e9ben ebb\u0151l a tev\u00e9kenys\u00e9gb\u0151l sz\u00e1rmazik.El\u0151zetes&hellip;<\/p>","protected":false},"author":1,"featured_media":0,"parent":0,"menu_order":0,"comment_status":"closed","ping_status":"closed","template":"","meta":{"om_disable_all_campaigns":false,"_monsterinsights_skip_tracking":false,"_monsterinsights_sitenote_active":false,"_monsterinsights_sitenote_note":"","_monsterinsights_sitenote_category":0,"footnotes":""},"class_list":["post-33","page","type-page","status-publish","hentry"],"aioseo_notices":[],"_links":{"self":[{"href":"https:\/\/frissesropogos.hu\/de\/wp-json\/wp\/v2\/pages\/33","targetHints":{"allow":["GET"]}}],"collection":[{"href":"https:\/\/frissesropogos.hu\/de\/wp-json\/wp\/v2\/pages"}],"about":[{"href":"https:\/\/frissesropogos.hu\/de\/wp-json\/wp\/v2\/types\/page"}],"author":[{"embeddable":true,"href":"https:\/\/frissesropogos.hu\/de\/wp-json\/wp\/v2\/users\/1"}],"replies":[{"embeddable":true,"href":"https:\/\/frissesropogos.hu\/de\/wp-json\/wp\/v2\/comments?post=33"}],"version-history":[{"count":0,"href":"https:\/\/frissesropogos.hu\/de\/wp-json\/wp\/v2\/pages\/33\/revisions"}],"wp:attachment":[{"href":"https:\/\/frissesropogos.hu\/de\/wp-json\/wp\/v2\/media?parent=33"}],"curies":[{"name":"wp","href":"https:\/\/api.w.org\/{rel}","templated":true}]}}