{"id":2927,"date":"2022-02-24T11:19:22","date_gmt":"2022-02-24T09:19:22","guid":{"rendered":"https:\/\/fandrpartner.hu\/?page_id=2927"},"modified":"2024-01-09T13:03:41","modified_gmt":"2024-01-09T11:03:41","slug":"az-fr-partner-kft-technologiai-fejlesztesei-a-koronavirus-gazdasagi-hatasainak-enyhitese-es-munkavallaloi-letszamanak-megtartasa-erdekeben","status":"publish","type":"page","link":"https:\/\/frissesropogos.hu\/de\/az-fr-partner-kft-technologiai-fejlesztesei-a-koronavirus-gazdasagi-hatasainak-enyhitese-es-munkavallaloi-letszamanak-megtartasa-erdekeben\/","title":{"rendered":"Die technologischen Verbesserungen von F&amp;R Partner Ltd. zur Abmilderung der wirtschaftlichen Auswirkungen des Coronavirus und zur Erhaltung der Arbeitskr\u00e4fte"},"content":{"rendered":"<div data-elementor-type=\"wp-page\" data-elementor-id=\"2927\" class=\"elementor elementor-2927\" data-elementor-post-type=\"page\">\n\t\t\t\t<div class=\"elementor-element elementor-element-18701cdc e-flex e-con-boxed e-con e-parent\" data-id=\"18701cdc\" data-element_type=\"container\">\n\t\t\t\t\t<div class=\"e-con-inner\">\n\t\t\t\t<div class=\"elementor-element elementor-element-25614590 elementor-widget elementor-widget-text-editor\" data-id=\"25614590\" data-element_type=\"widget\" data-widget_type=\"text-editor.default\">\n\t\t\t\t<div class=\"elementor-widget-container\">\n\t\t\t\t\t\t\t\t\t<ul>\n \t<li>Das vorgeschlagene Projekt tr\u00e4gt den Titel: Technologische Verbesserungen bei F&amp;R Partner Ltd. zur Abmilderung der wirtschaftlichen Auswirkungen des Coronavirus und zur Erhaltung der Arbeitskr\u00e4fte.<\/li>\n \t<li>Name des Beg\u00fcnstigten: F&amp;R Partner S\u00fct\u0151ipari \u00e9s Kereskedelmi Kft.<\/li>\n \t<li>H\u00f6he der vertraglich vereinbarten Beihilfe: 55 924 428 HUF<\/li>\n \t<li>Beihilfesatz (in %): 67,5 %<\/li>\n \t<li>Pr\u00e4sentation der Projektinhalte:\n<ul>\n \t<li>F&amp;R Partner Ltd. f\u00fchrt ein technologisches Upgrade in Bezug auf sein Kerngesch\u00e4ft durch, indem es ein automatisches Liniensystem zum Verpacken und Schneiden von Hamburger- und Hot-Dog-Br\u00f6tchen kauft.<\/li>\n<\/ul>\n<\/li>\n \t<li>Datum der Fertigstellung des Projekts: 31.12.2021.<\/li>\n<\/ul>\nProjektkennnummer: VEKOP-1.2.6-20-2020-00503<img fetchpriority=\"high\" decoding=\"async\" class=\"size-medium wp-image-2930 alignright\" src=\"https:\/\/frissesropogos.hu\/wp-content\/uploads\/2022\/02\/infoblokk_kedv_final_CMYK_ERFA-300x207.jpg\" alt=\"\" width=\"300\" height=\"207\" srcset=\"https:\/\/frissesropogos.hu\/wp-content\/uploads\/2022\/02\/infoblokk_kedv_final_CMYK_ERFA-300x207.jpg 300w, https:\/\/frissesropogos.hu\/wp-content\/uploads\/2022\/02\/infoblokk_kedv_final_CMYK_ERFA-800x553.jpg 800w, https:\/\/frissesropogos.hu\/wp-content\/uploads\/2022\/02\/infoblokk_kedv_final_CMYK_ERFA-1024x708.jpg 1024w, https:\/\/frissesropogos.hu\/wp-content\/uploads\/2022\/02\/infoblokk_kedv_final_CMYK_ERFA-768x531.jpg 768w, https:\/\/frissesropogos.hu\/wp-content\/uploads\/2022\/02\/infoblokk_kedv_final_CMYK_ERFA-550x380.jpg 550w, https:\/\/frissesropogos.hu\/wp-content\/uploads\/2022\/02\/infoblokk_kedv_final_CMYK_ERFA.jpg 1453w\" sizes=\"(max-width: 300px) 100vw, 300px\" \/>\t\t\t\t\t\t\t\t<\/div>\n\t\t\t\t<\/div>\n\t\t\t\t\t<\/div>\n\t\t\t\t<\/div>\n\t\t\t\t<\/div>","protected":false},"excerpt":{"rendered":"<p>A p\u00e1ly\u00e1zott projekt c\u00edme: Az F&amp;R Partner Kft. technol\u00f3giai fejleszt\u00e9sei a koronav\u00edrus gazdas\u00e1gi hat\u00e1sainak enyh\u00edt\u00e9se \u00e9s munkav\u00e1llal\u00f3i l\u00e9tsz\u00e1m\u00e1nak megtart\u00e1sa \u00e9rdek\u00e9ben. A kedvezm\u00e9nyezett neve: F&amp;R Partner S\u00fct\u0151ipari \u00e9s Kereskedelmi Kft. A szerz\u0151d\u00f6tt t\u00e1mogat\u00e1s \u00f6sszege: 55 924 428 Ft A t\u00e1mogat\u00e1s m\u00e9rt\u00e9ke (%-ban): 67,5 % A projekt tartalm\u00e1nak bemutat\u00e1sa: Az F&amp;R Partner Kft. a f\u0151tev\u00e9kenys\u00e9g\u00e9hez kapcsol\u00f3d\u00f3 technol\u00f3gia&hellip;<\/p>","protected":false},"author":5,"featured_media":0,"parent":0,"menu_order":0,"comment_status":"closed","ping_status":"closed","template":"","meta":{"om_disable_all_campaigns":false,"_monsterinsights_skip_tracking":false,"_monsterinsights_sitenote_active":false,"_monsterinsights_sitenote_note":"","_monsterinsights_sitenote_category":0,"footnotes":""},"class_list":["post-2927","page","type-page","status-publish","hentry"],"aioseo_notices":[],"_links":{"self":[{"href":"https:\/\/frissesropogos.hu\/de\/wp-json\/wp\/v2\/pages\/2927","targetHints":{"allow":["GET"]}}],"collection":[{"href":"https:\/\/frissesropogos.hu\/de\/wp-json\/wp\/v2\/pages"}],"about":[{"href":"https:\/\/frissesropogos.hu\/de\/wp-json\/wp\/v2\/types\/page"}],"author":[{"embeddable":true,"href":"https:\/\/frissesropogos.hu\/de\/wp-json\/wp\/v2\/users\/5"}],"replies":[{"embeddable":true,"href":"https:\/\/frissesropogos.hu\/de\/wp-json\/wp\/v2\/comments?post=2927"}],"version-history":[{"count":0,"href":"https:\/\/frissesropogos.hu\/de\/wp-json\/wp\/v2\/pages\/2927\/revisions"}],"wp:attachment":[{"href":"https:\/\/frissesropogos.hu\/de\/wp-json\/wp\/v2\/media?parent=2927"}],"curies":[{"name":"wp","href":"https:\/\/api.w.org\/{rel}","templated":true}]}}