{"id":2520,"date":"2021-09-11T08:20:00","date_gmt":"2021-09-11T06:20:00","guid":{"rendered":"https:\/\/fandrpartner.hu\/?page_id=2520"},"modified":"2024-01-09T13:28:38","modified_gmt":"2024-01-09T11:28:38","slug":"ertek-es-minoseg-nagydij","status":"publish","type":"page","link":"https:\/\/frissesropogos.hu\/de\/ertek-es-minoseg-nagydij\/","title":{"rendered":"Wert und Qualit\u00e4t Grand Prix"},"content":{"rendered":"<div data-elementor-type=\"wp-page\" data-elementor-id=\"2520\" class=\"elementor elementor-2520\" data-elementor-post-type=\"page\">\n\t\t\t\t<div class=\"elementor-element elementor-element-1ce2badf e-flex e-con-boxed e-con e-parent\" data-id=\"1ce2badf\" data-element_type=\"container\">\n\t\t\t\t\t<div class=\"e-con-inner\">\n\t\t\t\t<div class=\"elementor-element elementor-element-5225d4f elementor-widget elementor-widget-text-editor\" data-id=\"5225d4f\" data-element_type=\"widget\" data-widget_type=\"text-editor.default\">\n\t\t\t\t<div class=\"elementor-widget-container\">\n\t\t\t\t\t\t\t\t\t<ul><li><strong>Die Toastbrote von Pantastico! sind die Gewinner des Gro\u00dfen Preises f\u00fcr Wert und Qualit\u00e4t!<\/strong><\/li><\/ul><p>\u00a0<span style=\"text-align: var(--text-align); background-color: rgba(255, 255, 255, 0); color: var(--the7-base-color); letter-spacing: var(--the7-base-letter-spacing); text-transform: var(--the7-base-text-transform); word-spacing: normal;\">F&amp;R Partner hat einmal mehr sein Engagement f\u00fcr die Herstellung von Qualit\u00e4tsbackwaren unter Beweis gestellt. Die Produktlinie, die bereits in den vom Ungarischen Verband f\u00fcr Preisforschung durchgef\u00fchrten Verbrauchertests f\u00fcr landesweit vertriebene verpackte Toastbrote hervorragend abgeschnitten hat, hat nun die vielleicht prestigetr\u00e4chtigste nationale Auszeichnung erhalten! Vier unserer verpackten Pantastico! Toastbrote wurden f\u00fcr den Gro\u00dfen Preis f\u00fcr Wert und Qualit\u00e4t eingereicht, der ihnen f\u00fcr ihre hervorragende Qualit\u00e4t verliehen wurde. Die Preisverleihung fand am 9. September 2021 in der Gro\u00dfen Halle des Parlaments statt, was ein gutes Zeichen f\u00fcr das Prestige der Auszeichnung ist. Die Auszeichnung ist nicht nur eine Best\u00e4tigung f\u00fcr die hervorragende Qualit\u00e4t unserer Produkte, sondern auch eine Orientierungshilfe f\u00fcr die Kunden, da das Logo des Value and Quality Grand Prix auf der Verpackung abgebildet ist. Die folgenden Produkte wurden mit diesem prestigetr\u00e4chtigen Preis ausgezeichnet:<\/span><\/p><ul><li>\u00a0<span style=\"text-align: var(--text-align); background-color: rgba(255, 255, 255, 0); color: var(--the7-base-color); letter-spacing: var(--the7-base-letter-spacing); text-transform: var(--the7-base-text-transform); word-spacing: normal;\">Pantastico! wei\u00dfe Toastbrotscheiben 400 g<\/span><\/li><li>Pantastico! Vollkorn-Vollkorntoast-Scheiben 400 g<\/li><li>Pantastico! Hartweizentoast in Scheiben 400 g<\/li><li>Pantastico! 8 entkernte Toastbrotscheiben 400 g<\/li><\/ul><p><img fetchpriority=\"high\" decoding=\"async\" class=\"wp-image-2531 size-medium alignright\" src=\"https:\/\/frissesropogos.hu\/wp-content\/uploads\/2021\/09\/Ne\u0301vtelen-terv-1-copy-300x300.jpg\" alt=\"\" width=\"300\" height=\"300\" srcset=\"https:\/\/frissesropogos.hu\/wp-content\/uploads\/2021\/09\/Ne\u0301vtelen-terv-1-copy-300x300.jpg 300w, https:\/\/frissesropogos.hu\/wp-content\/uploads\/2021\/09\/Ne\u0301vtelen-terv-1-copy-200x200.jpg 200w, https:\/\/frissesropogos.hu\/wp-content\/uploads\/2021\/09\/Ne\u0301vtelen-terv-1-copy-800x800.jpg 800w, https:\/\/frissesropogos.hu\/wp-content\/uploads\/2021\/09\/Ne\u0301vtelen-terv-1-copy-150x150.jpg 150w, https:\/\/frissesropogos.hu\/wp-content\/uploads\/2021\/09\/Ne\u0301vtelen-terv-1-copy-768x768.jpg 768w, https:\/\/frissesropogos.hu\/wp-content\/uploads\/2021\/09\/Ne\u0301vtelen-terv-1-copy-350x350.jpg 350w, https:\/\/frissesropogos.hu\/wp-content\/uploads\/2021\/09\/Ne\u0301vtelen-terv-1-copy-550x550.jpg 550w, https:\/\/frissesropogos.hu\/wp-content\/uploads\/2021\/09\/Ne\u0301vtelen-terv-1-copy.jpg 1000w\" sizes=\"(max-width: 300px) 100vw, 300px\" \/><\/p><p>\u00a0<\/p><p>Das Pantastico!-Sortiment wird st\u00e4ndig erweitert, und neben den derzeit ausgezeichneten Toastscheiben werden wir im n\u00e4chsten Jahr mehrere weitere Produkte im Rahmen des Grand-Prix-Wettbewerbs Value and Quality auf den Markt bringen. Wir k\u00f6nnen sicher sein, dass unsere qualitativ hochwertigen, hausgemachten<\/p><p>exzellenten Rohstoffen werden die Auszeichnungen der Kunden einmal mehr den Verdienst des Engagements und der Aufmerksamkeit unserer Kollegen unter Beweis stellen. Vielen Dank f\u00fcr den Grand Prix f\u00fcr Wert und Qualit\u00e4t!<\/p>\t\t\t\t\t\t\t\t<\/div>\n\t\t\t\t<\/div>\n\t\t\t\t\t<\/div>\n\t\t\t\t<\/div>\n\t\t\t\t<\/div>","protected":false},"excerpt":{"rendered":"<p>A Pantastico! toast kenyerek \u00c9rt\u00e9k \u00e9s Min\u0151s\u00e9g Nagyd\u00edjasok! \u00a0Az F&amp;R Partner ism\u00e9t bebizony\u00edtotta, hogy elk\u00f6telezett a min\u0151s\u00e9gi s\u00fct\u0151ipari term\u00e9kek el\u0151\u00e1ll\u00edt\u00e1s\u00e1ban. A m\u00e1r kor\u00e1bban fogyaszt\u00f3i term\u00e9kteszteken kiv\u00e1l\u00f3an\u00a0szerepelt term\u00e9kcsal\u00e1d, amelyet az orsz\u00e1gosan forgalmazott csomagolt toast kenyereken v\u00e9gzett a Magyar \u00c1r-\u00c9rt\u00e9k Ar\u00e1ny Kutat\u00f3 Egyes\u00fclet, most tal\u00e1n a legrangosabb hazai elismer\u00e9st nyerte el! N\u00e9gy csomagolt Pantastico! toast kenyer\u00fcnk nevezett&hellip;<\/p>","protected":false},"author":1,"featured_media":0,"parent":0,"menu_order":0,"comment_status":"closed","ping_status":"closed","template":"","meta":{"om_disable_all_campaigns":false,"_monsterinsights_skip_tracking":false,"_monsterinsights_sitenote_active":false,"_monsterinsights_sitenote_note":"","_monsterinsights_sitenote_category":0,"footnotes":""},"class_list":["post-2520","page","type-page","status-publish","hentry"],"aioseo_notices":[],"_links":{"self":[{"href":"https:\/\/frissesropogos.hu\/de\/wp-json\/wp\/v2\/pages\/2520","targetHints":{"allow":["GET"]}}],"collection":[{"href":"https:\/\/frissesropogos.hu\/de\/wp-json\/wp\/v2\/pages"}],"about":[{"href":"https:\/\/frissesropogos.hu\/de\/wp-json\/wp\/v2\/types\/page"}],"author":[{"embeddable":true,"href":"https:\/\/frissesropogos.hu\/de\/wp-json\/wp\/v2\/users\/1"}],"replies":[{"embeddable":true,"href":"https:\/\/frissesropogos.hu\/de\/wp-json\/wp\/v2\/comments?post=2520"}],"version-history":[{"count":0,"href":"https:\/\/frissesropogos.hu\/de\/wp-json\/wp\/v2\/pages\/2520\/revisions"}],"wp:attachment":[{"href":"https:\/\/frissesropogos.hu\/de\/wp-json\/wp\/v2\/media?parent=2520"}],"curies":[{"name":"wp","href":"https:\/\/api.w.org\/{rel}","templated":true}]}}