{"id":2459,"date":"2021-08-02T11:58:22","date_gmt":"2021-08-02T09:58:22","guid":{"rendered":"https:\/\/fandrpartner.hu\/?page_id=2459"},"modified":"2025-03-24T13:34:38","modified_gmt":"2025-03-24T11:34:38","slug":"sajtokozlemeny-2021","status":"publish","type":"page","link":"https:\/\/frissesropogos.hu\/de\/sajtokozlemeny-2021\/","title":{"rendered":"Pressemitteilung 2021"},"content":{"rendered":"<div data-elementor-type=\"wp-page\" data-elementor-id=\"2459\" class=\"elementor elementor-2459\" data-elementor-post-type=\"page\">\n\t\t\t\t<div class=\"elementor-element elementor-element-4b24ed47 e-flex e-con-boxed e-con e-parent\" data-id=\"4b24ed47\" data-element_type=\"container\">\n\t\t\t\t\t<div class=\"e-con-inner\">\n\t\t\t\t<div class=\"elementor-element elementor-element-6f29cee elementor-widget elementor-widget-text-editor\" data-id=\"6f29cee\" data-element_type=\"widget\" data-widget_type=\"text-editor.default\">\n\t\t\t\t<div class=\"elementor-widget-container\">\n\t\t\t\t\t\t\t\t\t<p><strong>Pressemitteilung zum Start des Projekts<\/strong><\/p><p><strong>Noch l\u00e4nger haltbare Toastscheiben ohne Konservierungsstoffe<\/strong><\/p><p><span style=\"text-align: var(--text-align); background-color: rgba(255, 255, 255, 0); color: var(--the7-base-color); letter-spacing: var(--the7-base-letter-spacing); text-transform: var(--the7-base-text-transform); word-spacing: normal;\">Am 21.09.2020 reichte unsere Organisation, F&amp;R Partner Ltd., einen Antrag im Rahmen des vom Nationalen Amt f\u00fcr Forschung, Entwicklung und Innovation ausgeschriebenen Programms zur Unterst\u00fctzung von marktgesteuerten Forschungs-, Entwicklungs- und Innovationsprojekten (2020-1.1.2-PIACI KFI) ein.<\/span><\/p><p>Nach der Bewertung unseres Antrags auf Finanzierung hat das Ministerium f\u00fcr Innovation und Technologie unseren Projektvorschlag als f\u00f6rderungsw\u00fcrdig in H\u00f6he von 178 021 666 HUF mit einer F\u00f6rderungsintensit\u00e4t von 59,14% gem\u00e4\u00df der Entscheidung vom 01.12.2020 eingestuft. Die Gesamtkosten des Projekts belaufen sich auf 301 036 020 HUF.<\/p><p>Das Projekt lautet 2020-1.1.2-PIACI-KFI-2020-00127, <em>Entwicklung von Rezepturen, Produktionstechnologie und Qualit\u00e4tssicherungssystemen f\u00fcr eine Familie von Backwaren mit langer Haltbarkeit (mindestens 180 Tage) <\/em>wird mit Hilfe des Zuschusses \u00fcber einen geplanten Zeitraum von 3 Jahren umgesetzt.<\/p><p><span style=\"text-align: var(--text-align); background-color: rgba(255, 255, 255, 0); color: var(--the7-base-color); letter-spacing: var(--the7-base-letter-spacing); text-transform: var(--the7-base-text-transform); word-spacing: normal;\">Leider haben die letzten anderthalb Jahre gezeigt, wie wichtig haltbare Lebensmittel in einer problematischen Zeit sein k\u00f6nnen - einer COVID-Epidemie. W\u00e4hrend der ersten Welle waren die lange haltbaren Produkte in k\u00fcrzester Zeit aus den Regalen der Gesch\u00e4fte verschwunden. Brot - DAS LEBENSMITTEL! - ist eines unserer Grundnahrungsmittel, ein Teil unserer t\u00e4glichen Mahlzeiten. Viele Menschen haben versucht, Brot zu Hause zu backen, mit unterschiedlichem Erfolg, aber das kann in einer hektischen Welt keine L\u00f6sung sein.<\/span><\/p><p><span style=\"text-align: var(--text-align); background-color: rgba(255, 255, 255, 0); color: var(--the7-base-color); letter-spacing: var(--the7-base-letter-spacing); text-transform: var(--the7-base-text-transform); word-spacing: normal;\">Unser Unternehmen, die F&amp;R Partner GmbH, vertreibt seit mehreren Jahren vorverpackte, haltbare Backwaren, unter denen das Pantastico\u00ae-Sortiment an Toastbrot hervorsticht. Dieses Produkt wird derzeit mit einem Verfallsdatum von 60 Tagen verkauft, und selbst das reicht nicht immer aus. Fachwissen und Erfahrung im Produktionsprozess zeigen deutlich, dass wir das Haltbarkeitsdatum auf 180 Tage - ein halbes Jahr - erh\u00f6hen k\u00f6nnen, indem wir neue, hochbehandelte, keimfreie Rohstoffe verwenden.<\/span><\/p><p><span style=\"text-align: var(--text-align); background-color: rgba(255, 255, 255, 0); color: var(--the7-base-color); letter-spacing: var(--the7-base-letter-spacing); text-transform: var(--the7-base-text-transform); word-spacing: normal;\">Das Ergebnis der Entwicklung wird Brot mit langer Haltbarkeit sein, das den Bed\u00fcrfnissen gesundheitsbewusster Verbraucher entspricht. Der gr\u00f6\u00dfte Vorteil der Produkte, die als Ergebnis dieser Innovation auf den Markt kommen werden, ist, dass sie keine Konservierungs- oder Zusatzstoffe enthalten.<\/span><\/p><p>Die in der Ausschreibung vorgesehene Entwicklungszeit betr\u00e4gt 3 Jahre, in denen das Brotsortiment um weitere einzigartige Produkte f\u00fcr spezifische Bed\u00fcrfnisse erweitert werden kann. Die R\u00fcckmeldungen unserer Marktpartner best\u00e4tigen, dass unsere Qualit\u00e4t ihren Erwartungen perfekt entspricht, so dass wir zuversichtlich sind, dass auch die neuen Produkte gut ankommen werden.<\/p><p><strong style=\"text-align: var(--text-align); background-color: rgba(255, 255, 255, 0); color: var(--the7-base-color); letter-spacing: var(--the7-base-letter-spacing); text-transform: var(--the7-base-text-transform); word-spacing: normal;\">Weitere Informationen:<\/strong><\/p><p>F&amp;R Partner Ltd.<\/p><p>kfi2020frpartner@gmail.com<\/p>\t\t\t\t\t\t\t\t<\/div>\n\t\t\t\t<\/div>\n\t\t\t\t\t<\/div>\n\t\t\t\t<\/div>\n\t\t\t\t<\/div>","protected":false},"excerpt":{"rendered":"<p>Sajt\u00f3k\u00f6zlem\u00e9ny a projekt megkezd\u00e9s\u00e9r\u0151l M\u00e9g hosszabban eltarthat\u00f3 toast szeletek tart\u00f3s\u00edt\u00f3szer-mentesen Szervezet\u00fcnk, az F&amp;R Partner Kft. 2020.09.21-\u00e9n p\u00e1ly\u00e1zatot ny\u00fajtott be a Nemzeti Kutat\u00e1si, Fejleszt\u00e9si \u00e9s Innov\u00e1ci\u00f3s Hivatal \u00e1ltal meghirdetett Piacvez\u00e9relt kutat\u00e1s-fejlesz\u00e9si \u00e9s innov\u00e1ci\u00f3s projektek t\u00e1mogat\u00e1sa (2020-1.1.2-PIACI KFI) c\u00edm\u0171 p\u00e1ly\u00e1zati konstrukci\u00f3 keret\u00e9ben. A t\u00e1mogat\u00e1si k\u00e9relm\u00fcnk elb\u00edr\u00e1l\u00e1s\u00e1t k\u00f6vet\u0151en az Innov\u00e1ci\u00f3s \u00e9s Technol\u00f3giai Miniszt\u00e9rium a 2020.12.01. napj\u00e1n kelt d\u00f6nt\u00e9s&hellip;<\/p>","protected":false},"author":1,"featured_media":0,"parent":0,"menu_order":0,"comment_status":"closed","ping_status":"closed","template":"","meta":{"om_disable_all_campaigns":false,"_monsterinsights_skip_tracking":false,"_monsterinsights_sitenote_active":false,"_monsterinsights_sitenote_note":"","_monsterinsights_sitenote_category":0,"footnotes":""},"class_list":["post-2459","page","type-page","status-publish","hentry"],"aioseo_notices":[],"_links":{"self":[{"href":"https:\/\/frissesropogos.hu\/de\/wp-json\/wp\/v2\/pages\/2459","targetHints":{"allow":["GET"]}}],"collection":[{"href":"https:\/\/frissesropogos.hu\/de\/wp-json\/wp\/v2\/pages"}],"about":[{"href":"https:\/\/frissesropogos.hu\/de\/wp-json\/wp\/v2\/types\/page"}],"author":[{"embeddable":true,"href":"https:\/\/frissesropogos.hu\/de\/wp-json\/wp\/v2\/users\/1"}],"replies":[{"embeddable":true,"href":"https:\/\/frissesropogos.hu\/de\/wp-json\/wp\/v2\/comments?post=2459"}],"version-history":[{"count":3,"href":"https:\/\/frissesropogos.hu\/de\/wp-json\/wp\/v2\/pages\/2459\/revisions"}],"predecessor-version":[{"id":5348,"href":"https:\/\/frissesropogos.hu\/de\/wp-json\/wp\/v2\/pages\/2459\/revisions\/5348"}],"wp:attachment":[{"href":"https:\/\/frissesropogos.hu\/de\/wp-json\/wp\/v2\/media?parent=2459"}],"curies":[{"name":"wp","href":"https:\/\/api.w.org\/{rel}","templated":true}]}}