{"id":2429,"date":"2021-06-23T18:57:31","date_gmt":"2021-06-23T16:57:31","guid":{"rendered":"https:\/\/fandrpartner.hu\/?page_id=2429"},"modified":"2021-06-23T18:57:31","modified_gmt":"2021-06-23T16:57:31","slug":"sutoipar-az-egeszsegtudatossag-jegyeben-nasizz","status":"publish","type":"page","link":"https:\/\/frissesropogos.hu\/de\/sutoipar-az-egeszsegtudatossag-jegyeben-nasizz\/","title":{"rendered":"Backen f\u00fcr die Gesundheit - NASIZZ!"},"content":{"rendered":"<p>Immer h\u00e4ufiger sehen wir in den Nachrichten und lesen in der Presse \u00fcber die Probleme der Fettleibigkeit in der ungarischen Bev\u00f6lkerung. Auch w\u00e4hrend der COVID-Epidemie war der Risikofaktor f\u00fcr \u00dcbergewichtige leider h\u00f6her, so dass es wichtig ist, dass die Lebensmittelindustrie in irgendeiner Form auf dieses Problem reagiert. Im Falle der Backwarenindustrie und ihrer Produkte ist die Verantwortung sogar noch ausgepr\u00e4gter, da Produkte mit einem hohen glyk\u00e4mischen Index - Wei\u00dfmehl, Zucker - das Risiko bergen, schnell zu \u00dcbergewicht zu f\u00fchren. Nat\u00fcrlich ist die Aufnahme von Kohlenhydraten eine Voraussetzung f\u00fcr eine gesunde Ern\u00e4hrung, aber die Form, in der sie konsumiert werden, ist bei weitem nicht der einzige Faktor! Es ist bekannt, dass Brot und Backwaren aus Vollkornmehl eine bessere physiologische Wirkung haben, aber diese Mehle lassen sich nur schwer in Produkte mit s\u00fc\u00dfem Geschmack einbauen. Der Ballaststoffanteil in der ungarischen K\u00fcche ist im Allgemeinen gering, was sich jedoch g\u00fcnstig auf den glyk\u00e4mischen Index auswirken k\u00f6nnte, d. h. auf die langsame Aufnahme.<\/p>\n<p>F&amp;R Partner Ltd - Baking Industry - hat es sich zum Ziel gesetzt, ein Produkt zu entwickeln, das die Richtlinien f\u00fcr eine gesunde Ern\u00e4hrung durch die Verwendung geeigneter und einzigartiger Zutaten unterst\u00fctzt. Geben wir es zu, jeder liebt s\u00fc\u00dfe Backwaren, ob zum Fr\u00fchst\u00fcck, als Zwischenmahlzeit oder als schnelle Kalorienerg\u00e4nzung! Viele der derzeit auf dem Markt befindlichen Produkte werden aus Wei\u00dfmehl mit einem hohen Zuckergehalt hergestellt, so dass der Insulinspiegel unmittelbar nach dem Verzehr in die H\u00f6he schie\u00dft, und wir kennen bereits die negativen Auswirkungen dieser Entwicklung. Sie brauchen ein Produkt, das langsam absorbiert wird und Sie nicht zwei oder drei Stunden sp\u00e4ter hungrig zur\u00fcckl\u00e4sst. F&amp;R Partner Ltd. hat den Rohstoff gefunden, um ein System auf der Basis von modifizierter St\u00e4rke zu entwickeln, das die Erwartungen der Verbraucher in jeder Hinsicht erf\u00fcllt, d. h. die Kunden m\u00fcssen nicht auf die gewohnten Aromen, Geschm\u00e4cker und Formen verzichten und k\u00f6nnen Ballaststoffe in ihren Alltag \"einschmuggeln\". Au\u00dferdem sollte das Produkt in der Menge \"ausreichend\" sein f\u00fcr einen leckeren Snack zwischen den Hauptmahlzeiten, was bei NASIZZ bekanntlich maximal gew\u00e4hrleistet ist. 100 g des Produkts enthalten 50 %-F\u00fcllungen, ausgew\u00e4hlt aus den typischsten und beliebtesten Geschmacksrichtungen: Walnuss, Mohn, Kirsche, Apfel, Kastanie, H\u00fcttenk\u00e4se. Dank der bereits erw\u00e4hnten modifizierten St\u00e4rkefasern, von denen 6,5 g pro 100 g enthalten sind, hat NASIZZ einen niedrigen glyk\u00e4mischen Index und das S\u00e4ttigungsgef\u00fchl ist lang anhaltend.<\/p>\n<h3>Die Innovationsentwicklung des Produkts wurde durch das Programm 2018-1.1.1-MKI - Unterst\u00fctzung von Innovationsaktivit\u00e4ten von Kleinst- und Kleinunternehmen unterst\u00fctzt, <strong>94.440.808 HUF in Form eines nicht r\u00fcckzahlbaren Zuschusses. Und das Produkt ist \"geboren\", NASIZZ wird bald in den Gesch\u00e4ften zu finden sein! Wir hoffen, einen Beitrag zu einer ges\u00fcnderen Ern\u00e4hrung der ungarischen Bev\u00f6lkerung zu leisten und dabei den Geschmack zu bewahren, den wir lieben und an den wir gew\u00f6hnt sind! Der gew\u00e4hlte Produktname ist auch ein Slogan - NASIZZ - in diesem Fall sollten wir kein schlechtes Gewissen haben, wenn wir diese k\u00f6stliche Leckerei essen. <\/strong><\/h3>\n<p>F&amp;R Partner Ltd. wird ein inl\u00e4ndisches Patentverfahren beim Nationalen Amt f\u00fcr geistiges Eigentum f\u00fcr die neu zu entwickelnde NASIZZ-Produktlinie einleiten.<\/p>\n<p>Web: <a href=\"http:\/\/www.nasizz.hu\">www.nasizz.hu<\/a><\/p>\n<p>Hersteller: <a href=\"http:\/\/www.fandrpartner.hu\">www.fandrpartner.hu<\/a><\/p>","protected":false},"excerpt":{"rendered":"<p>Egyre gyakrabban l\u00e1thatjuk h\u00edrekben, olvashatjuk k\u00fcl\u00f6nb\u00f6z\u0151 sajt\u00f3term\u00e9kekben, hogy a magyar lakoss\u00e1g elh\u00edz\u00e1sa milyen probl\u00e9m\u00e1kat jelent. A COVID j\u00e1rv\u00e1ny sor\u00e1n is sajn\u00e1latosan a t\u00fals\u00falyosak eset\u00e9ben volt nagyobb a kock\u00e1zati t\u00e9nyez\u0151, ez\u00e9rt elengedhetetlen, hogy az \u00e9lelmiszeripar valamilyen v\u00e1laszt adjon erre a probl\u00e9m\u00e1ra. A s\u00fct\u0151ipar \u00e9s term\u00e9kei eset\u00e9ben m\u00e9g kiemeltebb a felel\u0151ss\u00e9g, hiszen a magas glik\u00e9mi\u00e1s index\u0171 \u2013&hellip;<\/p>","protected":false},"author":1,"featured_media":0,"parent":0,"menu_order":0,"comment_status":"closed","ping_status":"closed","template":"","meta":{"om_disable_all_campaigns":false,"_monsterinsights_skip_tracking":false,"_monsterinsights_sitenote_active":false,"_monsterinsights_sitenote_note":"","_monsterinsights_sitenote_category":0,"footnotes":""},"class_list":["post-2429","page","type-page","status-publish","hentry","description-off"],"aioseo_notices":[],"_links":{"self":[{"href":"https:\/\/frissesropogos.hu\/de\/wp-json\/wp\/v2\/pages\/2429","targetHints":{"allow":["GET"]}}],"collection":[{"href":"https:\/\/frissesropogos.hu\/de\/wp-json\/wp\/v2\/pages"}],"about":[{"href":"https:\/\/frissesropogos.hu\/de\/wp-json\/wp\/v2\/types\/page"}],"author":[{"embeddable":true,"href":"https:\/\/frissesropogos.hu\/de\/wp-json\/wp\/v2\/users\/1"}],"replies":[{"embeddable":true,"href":"https:\/\/frissesropogos.hu\/de\/wp-json\/wp\/v2\/comments?post=2429"}],"version-history":[{"count":0,"href":"https:\/\/frissesropogos.hu\/de\/wp-json\/wp\/v2\/pages\/2429\/revisions"}],"wp:attachment":[{"href":"https:\/\/frissesropogos.hu\/de\/wp-json\/wp\/v2\/media?parent=2429"}],"curies":[{"name":"wp","href":"https:\/\/api.w.org\/{rel}","templated":true}]}}