{"id":217,"date":"2020-04-28T10:52:40","date_gmt":"2020-04-28T08:52:40","guid":{"rendered":"https:\/\/fandrpartner.hu\/?page_id=217"},"modified":"2021-12-09T13:57:09","modified_gmt":"2021-12-09T11:57:09","slug":"mediamegjelenesek","status":"publish","type":"page","link":"https:\/\/frissesropogos.hu\/de\/mediamegjelenesek\/","title":{"rendered":"Medienberichterstattung"},"content":{"rendered":"<p>[vc_row][vc_column][vc_column_text]<\/p>\n<p><strong>Id\u00e9n is d\u00edjazott a Pantastico di\u00f3s bejgli!<\/strong><\/p>\n<div class=\"\" data-block=\"true\" data-editor=\"7buem\" data-offset-key=\"cci8r-0-0\">\n<div class=\"_1mf _1mj\" data-offset-key=\"cci8r-0-0\"><span data-offset-key=\"cci8r-0-0\">Ism\u00e9t rangos d\u00edjat nyert a Pantastico di\u00f3s bejglink, ugyanis a Maradok a p\u00e9nzemn\u00e9l blog di\u00f3s bejgli vaktesztj\u00e9n id\u00e9n m\u00e1sodik helyezett lett. <\/span><span data-offset-key=\"cci8r-0-0\">A teszt r\u00e9sztvev\u0151i a k\u00f6vetkez\u0151ket \u00e1llap\u00edtott\u00e1k meg: \u201eMorzs\u00e1s a t\u00e9szta, m\u00e1rv\u00e1nyos a teteje. Enyhe di\u00f3s \u00e9s s\u00fclt t\u00e9szta illat, pici fah\u00e9jjal. \u00cdz\u00e9ben is di\u00f3s, fah\u00e9jas \u00edzt \u00e9rezt\u00fcnk, megfelel\u0151 \u00e9dess\u00e9g intenzit\u00e1ssal.\u201d<\/span><\/div>\n<\/div>\n<div class=\"\" data-block=\"true\" data-editor=\"7buem\" data-offset-key=\"9cup-0-0\">\n<div class=\"_1mf _1mj\" data-offset-key=\"9cup-0-0\"><span data-offset-key=\"9cup-0-0\">\u00a0<\/span><\/div>\n<\/div>\n<div class=\"\" data-block=\"true\" data-editor=\"7buem\" data-offset-key=\"bq6s4-0-0\">\n<div class=\"_1mf _1mj\" data-offset-key=\"bq6s4-0-0\"><span data-offset-key=\"bq6s4-0-0\">Minden, mi j\u00f3, Pantastico!<\/span><\/div>\n<\/div>\n<div class=\"\" data-block=\"true\" data-editor=\"7buem\" data-offset-key=\"8b8uc-0-0\">\n<div class=\"_1mf _1mj\" data-offset-key=\"8b8uc-0-0\"><span data-offset-key=\"8b8uc-0-0\">\u00a0<\/span><\/div>\n<\/div>\n<div class=\"\" data-block=\"true\" data-editor=\"7buem\" data-offset-key=\"afcrp-0-0\">\n<div class=\"_1mf _1mj\" data-offset-key=\"afcrp-0-0\"><span data-offset-key=\"afcrp-0-0\">A teljes cikket itt tudj\u00e1tok elolvasni: <a href=\"https:\/\/maradokapenzemnel.blog.hu\/2021\/12\/07\/nagy_dios_bejgli_teszt\">https:\/\/maradokapenzemnel.blog.hu\/2021\/12\/07\/nagy_dios_bejgli_teszt<\/a><\/span><\/div>\n<div data-offset-key=\"afcrp-0-0\"><\/div>\n<\/div>\n<p><strong>2021-ben is a Pantastico toast az els\u0151!<\/strong><\/p>\n<div class=\"\" data-block=\"true\" data-editor=\"akk36\" data-offset-key=\"223ap-0-0\">\n<div class=\"_1mf _1mj\" data-offset-key=\"223ap-0-0\"><span data-offset-key=\"223ap-0-0\">Ism\u00e9t a Pantastico toast hozta el az els\u0151 helyet! Eml\u00e9keztek, hogy tavaly a mi toast kenyer\u00fcnk lett az els\u0151 a Maradok a p\u00e9nzemn\u00e9l blog szervezte Nagy toast keny\u00e9r teszten? Nos, ez id\u00e9n sincs m\u00e1sk\u00e9pp, ugyanis a Pantastico feh\u00e9r toast szeletek els\u0151 helyen v\u00e9gzett az orsz\u00e1gosan kaphat\u00f3 toast kenyerek vaktesztj\u00e9n. Az \u00f6r\u00f6m\u00fcnk nem \u00e1ll meg itt: a Pantastico durum toast szeletekkel a dobog\u00f3 m\u00e1sodik fok\u00e1ra is fel\u00e1llhattunk!\u00a0<\/span><\/div>\n<\/div>\n<div class=\"\" data-block=\"true\" data-editor=\"akk36\" data-offset-key=\"4q1ge-0-0\">\n<div class=\"_1mf _1mj\" data-offset-key=\"4q1ge-0-0\"><span data-offset-key=\"4q1ge-0-0\">\u00a0<\/span><\/div>\n<\/div>\n<div class=\"\" data-block=\"true\" data-editor=\"akk36\" data-offset-key=\"4unpc-0-0\">\n<div class=\"_1mf _1mj\" data-offset-key=\"4unpc-0-0\"><span data-offset-key=\"4unpc-0-0\">Minden, mi j\u00f3, Pantastico!<\/span><\/div>\n<\/div>\n<div class=\"\" data-block=\"true\" data-editor=\"akk36\" data-offset-key=\"dl7ch-0-0\">\n<div class=\"_1mf _1mj\" data-offset-key=\"dl7ch-0-0\"><span data-offset-key=\"dl7ch-0-0\">\u00a0<\/span><\/div>\n<\/div>\n<div class=\"\" data-block=\"true\" data-editor=\"akk36\" data-offset-key=\"9b1ti-0-0\">\n<div class=\"_1mf _1mj\" data-offset-key=\"9b1ti-0-0\"><span data-offset-key=\"9b1ti-0-0\">A teljes cikket itt tudj\u00e1tok elolvasni: <a href=\"https:\/\/maradokapenzemnel.blog.hu\/2021\/12\/03\/nagy_toast_kenyer_teszt_492?utm_source=kilepes&amp;utm_medium=link&amp;utm_term=2021_12_06&amp;utm_campaign=inda_kilepo\">https:\/\/maradokapenzemnel.blog.hu\/2021\/12\/03\/nagy_toast_kenyer_teszt_492?utm_source=kilepes&amp;utm_medium=link&amp;utm_term=2021_12_06&amp;utm_campaign=inda_kilepo<\/a><\/span><\/div>\n<div data-offset-key=\"9b1ti-0-0\"><\/div>\n<\/div>\n<p><strong>Rangos helyez\u00e9s a N\u00c9BIH tesztj\u00e9n<\/strong><\/p>\n<p>A N\u00e9bih Szupermenta program leg\u00fajabb tesztj\u00e9n a teljes ki\u0151rl\u00e9s\u0171 el\u0151recsomagolt kenyereket vett\u00e9k g\u00f3rcs\u0151 al\u00e1. Az ALDI-ban kaphat\u00f3 Aranykal\u00e1sz teljes ki\u0151rl\u00e9s\u0171 toast keny\u00e9r 4. helyen v\u00e9gzett, sz\u00e1mos nagynev\u0171 riv\u00e1list hagyva maga ut\u00e1n. B\u00fcszk\u00e9k vagyunk arra, hogy egy \u00e1ltalunk gy\u00e1rtott term\u00e9k ilyen j\u00f3 helyez\u00e9st hozott el egy n\u00edv\u00f3s teszten.<\/p>\n<p><a href=\"https:\/\/szupermenta.hu\/elorecsomagolt-teljes-kiorlesu-kenyereket-teszteltunk\/\" target=\"_blank\" rel=\"noopener noreferrer\">https:\/\/szupermenta.hu\/elorecsomagolt-teljes-kiorlesu-kenyereket-teszteltunk\/<\/a><\/p>\n<p><strong>Ism\u00e9t az els\u0151k lett\u00fcnk<\/strong><\/p>\n<div dir=\"auto\">Ez\u00fattal a Pantastico! Durum toast kenyer\u00fcnk emelkedett ki magasan vet\u00e9lyt\u00e1rsai k\u00f6z\u00fcl a Magyar \u00c1r-\u00c9rt\u00e9k Ar\u00e1ny Kutat\u00f3 Egyes\u00fclet \u00e1ltal szervezett orsz\u00e1gos toast keny\u00e9r vakteszten. A Pantastico! kenyerek siker\u00e9t az is igazolja, hogy az els\u0151 6 helyezett k\u00f6z\u00fcl 5 term\u00e9k Pantastico! A finom \u00edzek mellett pedig a kenyerek csomagol\u00e1sa is Eur\u00f3pa-szerte egyedi, hiszen dupla bor\u00edt\u00e1ssal l\u00e1ttuk el \u0151ket az \u00e9rint\u00e9smentess\u00e9g \u00e9s a higi\u00e9nia \u00e9rdek\u00e9ben!<\/div>\n<div dir=\"auto\"><\/div>\n<div dir=\"auto\"><a href=\"https:\/\/maradokapenzemnel.blog.hu\/2020\/09\/03\/nagy_toast_kenyer_teszt\" target=\"_blank\" rel=\"noopener noreferrer\">https:\/\/maradokapenzemnel.blog.hu\/2020\/09\/03\/nagy_toast_kenyer_teszt<\/a><\/div>\n<div dir=\"auto\"><\/div>\n<p>&nbsp;<\/p>\n<p style=\"font-weight: 400\"><strong>\u00daj \u00edzek, egyedi bejglik<\/strong><\/p>\n<p style=\"font-weight: 400\">2019-ben v\u00e1llalkoz\u00e1sunk mer\u00e9sz innov\u00e1ci\u00f3t val\u00f3s\u00edtott meg, mivel k\u00fcl\u00f6nleges \u00edz\u0171 bejglikkel l\u00e9pt\u00fcnk be a haza piacra. Az \u00edzek \u00e9s kin\u00e9zet vonatkoz\u00e1s\u00e1ban profi b\u00edr\u00e1l\u00f3k v\u00e9lem\u00e9ny\u00e9t k\u00e9rt\u00fck ki, amelynek nyom\u00e1n az al\u00e1bbi cikkben mutatt\u00e1k be term\u00e9keinket.<\/p>\n<p style=\"font-weight: 400\"><a href=\"https:\/\/maradokapenzemnel.blog.hu\/2019\/12\/12\/kulonleges_izu_bejglik_tesztje\" target=\"_blank\" rel=\"noopener noreferrer\">https:\/\/maradokapenzemnel.blog.hu\/2019\/12\/12\/kulonleges_izu_bejglik_tesztje<\/a><\/p>\n<p style=\"font-weight: 400\"><strong>Kar\u00e1csony var\u00e1zsa<\/strong><\/p>\n<p style=\"font-weight: 400\">Amiben a magyar kar\u00e1csonyi \u00fcnnepek sor\u00e1n nem lehet hi\u00e1ny, az az elmaradhatatlan bejgli, jellemz\u0151en k\u00e9t alap\u00edzben: di\u00f3s \u00e9s m\u00e1kos. Sok h\u00e1ziasszony a s\u00fct\u00e9s helyett m\u00e1r k\u00e9szen veszi meg ezt a finoms\u00e1got, \u00e9s bizony nem mindegy, hogy az milyen min\u0151s\u00e9g. T\u00e1rsas\u00e1gunk ism\u00e9t pozit\u00edv visszajelz\u00e9st kapott, hogy munk\u00e1nk \u00e9rdemeleges, mivel a hazai piac csomagolt di\u00f3s bejgli k\u00edn\u00e1lat\u00e1ban az akkredit\u00e1lt tesztek alapj\u00e1n az els\u0151 helyen v\u00e9gezt\u00fcnk! Hit\u00fcnket \u00e9s elk\u00f6telezetts\u00e9g\u00fcnket er\u0151s\u00edti, hogy ezt a min\u0151s\u00e9get tartani, lehet\u0151s\u00e9g szerint pedig m\u00e9g tov\u00e1bb er\u0151s\u00edteni \u00e9rdemes. K\u00f6sz\u00f6nj\u00fck v\u00e1s\u00e1rl\u00f3ink bizalm\u00e1t!<\/p>\n<p style=\"font-weight: 400\"><a href=\"https:\/\/maradokapenzemnel.blog.hu\/2019\/12\/12\/nagy_bejgli_teszt_melyik_a_legfinomabb_dios_bejgli_a_boltokban\" target=\"_blank\" rel=\"noopener noreferrer\">https:\/\/maradokapenzemnel.blog.hu\/2019\/12\/12\/nagy_bejgli_teszt_melyik_a_legfinomabb_dios_bejgli_a_boltokban<\/a><\/p>\n<p style=\"font-weight: 400\"><strong>H\u00fasv\u00e9ti s\u00f3s kal\u00e1cs<\/strong><\/p>\n<p style=\"font-weight: 400\">B\u00e1r a 2020-as \u00e9v nem kedvezett k\u00fcl\u00f6n\u00f6sebben a h\u00fasv\u00e9ti \u00fcnnepek felh\u0151tlen elt\u00f6lt\u00e9s\u00e9hez, de a sonka mell\u00e9 \u00edgy is elengedhetetlen volt a s\u00f3s kal\u00e1cs. Ebben a term\u00e9kk\u00f6rben is sok gy\u00e1rt\u00f3 versenyez a v\u00e1s\u00e1rl\u00f3k kegyei\u00e9rt, \u00e9s term\u00e9szetesen t\u00e1rsas\u00e1gunk is jelen van ebben a term\u00e9kk\u00f6rben. A \u201eMaradok a p\u00e9nzemn\u00e9l&#8221; tesztcsapat a kal\u00e1csokat is felm\u00e9rte, \u00e9s ism\u00e9t egy sikerr\u0151l sz\u00e1molhatunk be, mert term\u00e9k\u00fcnk \u00fajra az els\u0151 helyet szerezte meg! Koll\u00e9g\u00e1inkkal egy\u00fctt \u00f6r\u00fcl\u00fcnk ennek a sikernek, \u00e9s igyeksz\u00fcnk, hogy minden term\u00e9k\u00fcnk ilyen rangos elismer\u00e9sre tegyen szert!<\/p>\n<p style=\"font-weight: 400\"><a href=\"https:\/\/maradokapenzemnel.blog.hu\/2020\/04\/02\/husvet_2020_melyik_a_legfinomabb_csomagolt_kalacs\" target=\"_blank\" rel=\"noopener noreferrer\">https:\/\/maradokapenzemnel.blog.hu\/2020\/04\/02\/husvet_2020_melyik_a_legfinomabb_csomagolt_kalacs<\/a><\/p>\n<p>[\/vc_column_text][\/vc_column][\/vc_row]<\/p>\n","protected":false},"excerpt":{"rendered":"<p>[vc_row][vc_column][vc_column_text] Id\u00e9n is d\u00edjazott a Pantastico di\u00f3s bejgli! Ism\u00e9t rangos d\u00edjat nyert a Pantastico di\u00f3s bejglink, ugyanis a Maradok a p\u00e9nzemn\u00e9l blog di\u00f3s bejgli vaktesztj\u00e9n id\u00e9n m\u00e1sodik helyezett lett. A teszt r\u00e9sztvev\u0151i a k\u00f6vetkez\u0151ket \u00e1llap\u00edtott\u00e1k meg: \u201eMorzs\u00e1s a t\u00e9szta, m\u00e1rv\u00e1nyos a teteje. Enyhe di\u00f3s \u00e9s s\u00fclt t\u00e9szta illat, pici fah\u00e9jjal. \u00cdz\u00e9ben is di\u00f3s, fah\u00e9jas \u00edzt&hellip;<\/p>\n","protected":false},"author":1,"featured_media":0,"parent":0,"menu_order":0,"comment_status":"closed","ping_status":"closed","template":"","meta":{"om_disable_all_campaigns":false,"_monsterinsights_skip_tracking":false,"_monsterinsights_sitenote_active":false,"_monsterinsights_sitenote_note":"","_monsterinsights_sitenote_category":0,"footnotes":""},"class_list":["post-217","page","type-page","status-publish","hentry","description-off"],"aioseo_notices":[],"_links":{"self":[{"href":"https:\/\/frissesropogos.hu\/de\/wp-json\/wp\/v2\/pages\/217","targetHints":{"allow":["GET"]}}],"collection":[{"href":"https:\/\/frissesropogos.hu\/de\/wp-json\/wp\/v2\/pages"}],"about":[{"href":"https:\/\/frissesropogos.hu\/de\/wp-json\/wp\/v2\/types\/page"}],"author":[{"embeddable":true,"href":"https:\/\/frissesropogos.hu\/de\/wp-json\/wp\/v2\/users\/1"}],"replies":[{"embeddable":true,"href":"https:\/\/frissesropogos.hu\/de\/wp-json\/wp\/v2\/comments?post=217"}],"version-history":[{"count":0,"href":"https:\/\/frissesropogos.hu\/de\/wp-json\/wp\/v2\/pages\/217\/revisions"}],"wp:attachment":[{"href":"https:\/\/frissesropogos.hu\/de\/wp-json\/wp\/v2\/media?parent=217"}],"curies":[{"name":"wp","href":"https:\/\/api.w.org\/{rel}","templated":true}]}}