{"id":202,"date":"2020-04-21T17:09:53","date_gmt":"2020-04-21T15:09:53","guid":{"rendered":"https:\/\/fandrpartner.hu\/?page_id=202"},"modified":"2025-06-23T16:22:29","modified_gmt":"2025-06-23T14:22:29","slug":"palyazatok-tanusitvanyok","status":"publish","type":"page","link":"https:\/\/frissesropogos.hu\/de\/palyazatok-tanusitvanyok\/","title":{"rendered":"Antr\u00e4ge, Bescheinigungen"},"content":{"rendered":"<div data-elementor-type=\"wp-page\" data-elementor-id=\"202\" class=\"elementor elementor-202\" data-elementor-post-type=\"page\">\n\t\t\t\t<div class=\"elementor-element elementor-element-1c25a41 e-flex e-con-boxed e-con e-parent\" data-id=\"1c25a41\" data-element_type=\"container\">\n\t\t\t\t\t<div class=\"e-con-inner\">\n\t\t\t\t<div class=\"elementor-element elementor-element-89566e0 elementor-grid-3 elementor-grid-tablet-2 elementor-grid-mobile-1 elementor-posts--thumbnail-top elementor-card-shadow-yes elementor-posts__hover-gradient elementor-widget elementor-widget-posts\" data-id=\"89566e0\" data-element_type=\"widget\" data-settings=\"{&quot;pagination_type&quot;:&quot;load_more_infinite_scroll&quot;,&quot;cards_columns&quot;:&quot;3&quot;,&quot;cards_columns_tablet&quot;:&quot;2&quot;,&quot;cards_columns_mobile&quot;:&quot;1&quot;,&quot;cards_row_gap&quot;:{&quot;unit&quot;:&quot;px&quot;,&quot;size&quot;:35,&quot;sizes&quot;:[]},&quot;cards_row_gap_tablet&quot;:{&quot;unit&quot;:&quot;px&quot;,&quot;size&quot;:&quot;&quot;,&quot;sizes&quot;:[]},&quot;cards_row_gap_mobile&quot;:{&quot;unit&quot;:&quot;px&quot;,&quot;size&quot;:&quot;&quot;,&quot;sizes&quot;:[]},&quot;load_more_spinner&quot;:{&quot;value&quot;:&quot;fas fa-spinner&quot;,&quot;library&quot;:&quot;fa-solid&quot;}}\" data-widget_type=\"posts.cards\">\n\t\t\t\t<div class=\"elementor-widget-container\">\n\t\t\t\t\t\t\t<div class=\"elementor-posts-container elementor-posts elementor-posts--skin-cards elementor-grid\">\n\t\t\t\t<article class=\"elementor-post elementor-grid-item post-4740 page type-page status-publish hentry\">\n\t\t\t<div class=\"elementor-post__card\">\n\t\t\t\t<div class=\"elementor-post__text\">\n\t\t\t\t<h3 class=\"elementor-post__title\">\n\t\t\t<a href=\"https:\/\/frissesropogos.hu\/de\/ginop-8-3-5-18-b\/\" >\n\t\t\t\tGINOP-8.3.5-18\/B\t\t\t<\/a>\n\t\t<\/h3>\n\t\t\t\t<div class=\"elementor-post__excerpt\">\n\t\t\t<p>Name des Schuldners: F&amp;R Partner Kft. Zweck des Darlehens: Bestandsfinanzierung, Nummer des Darlehensprogramms: GINOP-8.3.5-18\/B, Darlehensbetrag: 149 000 000 HUF. Kennnummer des Darlehensprogramms: GINOP-8.3.5-18\/B<\/p>\n\t\t<\/div>\n\t\t\n\t\t<a class=\"elementor-post__read-more\" href=\"https:\/\/frissesropogos.hu\/de\/ginop-8-3-5-18-b\/\" aria-label=\"Read more about GINOP-8.3.5-18\/B\" tabindex=\"-1\" >\n\t\t\tMehr lesen \"\t\t<\/a>\n\n\t\t\t\t<\/div>\n\t\t\t\t\t<\/div>\n\t\t<\/article>\n\t\t\t\t<article class=\"elementor-post elementor-grid-item post-4735 page type-page status-publish hentry\">\n\t\t\t<div class=\"elementor-post__card\">\n\t\t\t\t<div class=\"elementor-post__text\">\n\t\t\t\t<h3 class=\"elementor-post__title\">\n\t\t\t<a href=\"https:\/\/frissesropogos.hu\/de\/ginop_plusz-3-2-1-21-palyazat\/\" >\n\t\t\t\tANWENDUNG GINOP_PLUSZ-3.2.1-21\t\t\t<\/a>\n\t\t<\/h3>\n\t\t\t\t<div class=\"elementor-post__excerpt\">\n\t\t\t<p>Ausschreibung: GINOP_Plusz-3.2.1-21 \"Verbesserung der Anpassungsf\u00e4higkeit und Produktivit\u00e4t von Arbeitnehmern und Unternehmen durch Personalentwicklung\" Bieter: F&amp;R Partner Kft., 2040 Buda\u00f6rs,<\/p>\n\t\t<\/div>\n\t\t\n\t\t<a class=\"elementor-post__read-more\" href=\"https:\/\/frissesropogos.hu\/de\/ginop_plusz-3-2-1-21-palyazat\/\" aria-label=\"Read more about GINOP_PLUSZ-3.2.1-21 P\u00c1LY\u00c1ZAT\" tabindex=\"-1\" >\n\t\t\tMehr lesen \"\t\t<\/a>\n\n\t\t\t\t<\/div>\n\t\t\t\t\t<\/div>\n\t\t<\/article>\n\t\t\t\t<article class=\"elementor-post elementor-grid-item post-3833 page type-page status-publish hentry\">\n\t\t\t<div class=\"elementor-post__card\">\n\t\t\t\t<div class=\"elementor-post__text\">\n\t\t\t\t<h3 class=\"elementor-post__title\">\n\t\t\t<a href=\"https:\/\/frissesropogos.hu\/de\/hosszu-minoseg-megorzesi-ideju-minimum-180-nap-pekaru-csalad-recepturainak-gyartastechnologiajanak-es-minosegbiztositasi-rendszerenek-fejlesztese\/\" >\n\t\t\t\t2020-PIACI-KFI\t\t\t<\/a>\n\t\t<\/h3>\n\t\t\t\t<div class=\"elementor-post__excerpt\">\n\t\t\t<p>Entwicklung von Rezepturen, Produktionstechnologien und Qualit\u00e4tssicherungssystemen f\u00fcr eine Familie von Backwaren mit langer Haltbarkeit (mindestens 180 Tage) Das Hauptziel des FuE-Projekts besteht darin,<\/p>\n\t\t<\/div>\n\t\t\n\t\t<a class=\"elementor-post__read-more\" href=\"https:\/\/frissesropogos.hu\/de\/hosszu-minoseg-megorzesi-ideju-minimum-180-nap-pekaru-csalad-recepturainak-gyartastechnologiajanak-es-minosegbiztositasi-rendszerenek-fejlesztese\/\" aria-label=\"Read more about 2020-PIACI-KFI\" tabindex=\"-1\" >\n\t\t\tMehr lesen \"\t\t<\/a>\n\n\t\t\t\t<\/div>\n\t\t\t\t\t<\/div>\n\t\t<\/article>\n\t\t\t\t<article class=\"elementor-post elementor-grid-item post-2927 page type-page status-publish hentry\">\n\t\t\t<div class=\"elementor-post__card\">\n\t\t\t\t<div class=\"elementor-post__text\">\n\t\t\t\t<h3 class=\"elementor-post__title\">\n\t\t\t<a href=\"https:\/\/frissesropogos.hu\/de\/az-fr-partner-kft-technologiai-fejlesztesei-a-koronavirus-gazdasagi-hatasainak-enyhitese-es-munkavallaloi-letszamanak-megtartasa-erdekeben\/\" >\n\t\t\t\tDie technologischen Verbesserungen von F&amp;R Partner Ltd. zur Abmilderung der wirtschaftlichen Auswirkungen des Coronavirus und zur Erhaltung der Arbeitskr\u00e4fte\t\t\t<\/a>\n\t\t<\/h3>\n\t\t\t\t<div class=\"elementor-post__excerpt\">\n\t\t\t<p>Das vorgeschlagene Projekt tr\u00e4gt den Titel: Technologische Verbesserungen bei F&amp;R Partner Ltd. zur Abmilderung der wirtschaftlichen Auswirkungen des Coronavirus und zur Erhaltung der Arbeitskr\u00e4fte.<\/p>\n\t\t<\/div>\n\t\t\n\t\t<a class=\"elementor-post__read-more\" href=\"https:\/\/frissesropogos.hu\/de\/az-fr-partner-kft-technologiai-fejlesztesei-a-koronavirus-gazdasagi-hatasainak-enyhitese-es-munkavallaloi-letszamanak-megtartasa-erdekeben\/\" aria-label=\"Read more about Az F&#038;R Partner Kft. technol\u00f3giai fejleszt\u00e9sei a koronav\u00edrus gazdas\u00e1gi hat\u00e1sainak enyh\u00edt\u00e9se \u00e9s munkav\u00e1llal\u00f3i l\u00e9tsz\u00e1m\u00e1nak megtart\u00e1sa \u00e9rdek\u00e9ben\" tabindex=\"-1\" >\n\t\t\tMehr lesen \"\t\t<\/a>\n\n\t\t\t\t<\/div>\n\t\t\t\t\t<\/div>\n\t\t<\/article>\n\t\t\t\t<article class=\"elementor-post elementor-grid-item post-2662 page type-page status-publish hentry\">\n\t\t\t<div class=\"elementor-post__card\">\n\t\t\t\t<div class=\"elementor-post__text\">\n\t\t\t\t<h3 class=\"elementor-post__title\">\n\t\t\t<a href=\"https:\/\/frissesropogos.hu\/de\/galgagabona-konzorcialis-kutatas-fejlesztesi-projekt\/\" >\n\t\t\t\t\"Forschungs- und Entwicklungsprojekt des Konsortiums \"GalgaGabona\t\t\t<\/a>\n\t\t<\/h3>\n\t\t\t\t<div class=\"elementor-post__excerpt\">\n\t\t\t<p>Name des Beg\u00fcnstigten: First Pesti Mill and Bakery Limited Company Konsortialf\u00fchrer: Technische und wirtschaftliche Universit\u00e4t Budapest, Konsortialmitglied: F&amp;R<\/p>\n\t\t<\/div>\n\t\t\n\t\t<a class=\"elementor-post__read-more\" href=\"https:\/\/frissesropogos.hu\/de\/galgagabona-konzorcialis-kutatas-fejlesztesi-projekt\/\" aria-label=\"Read more about \u201eGalgaGabona\u201d konzorci\u00e1lis kutat\u00e1s-fejleszt\u00e9si projekt\" tabindex=\"-1\" >\n\t\t\tMehr lesen \"\t\t<\/a>\n\n\t\t\t\t<\/div>\n\t\t\t\t\t<\/div>\n\t\t<\/article>\n\t\t\t\t<article class=\"elementor-post elementor-grid-item post-2520 page type-page status-publish hentry\">\n\t\t\t<div class=\"elementor-post__card\">\n\t\t\t\t<div class=\"elementor-post__text\">\n\t\t\t\t<h3 class=\"elementor-post__title\">\n\t\t\t<a href=\"https:\/\/frissesropogos.hu\/de\/ertek-es-minoseg-nagydij\/\" >\n\t\t\t\tWert und Qualit\u00e4t Grand Prix\t\t\t<\/a>\n\t\t<\/h3>\n\t\t\t\t<div class=\"elementor-post__excerpt\">\n\t\t\t<p>Die Toastbrote von Pantastico! sind Gewinner des Gro\u00dfen Preises f\u00fcr Wert und Qualit\u00e4t!  F&amp;R Partner hat einmal mehr sein Engagement f\u00fcr die Herstellung von Qualit\u00e4tsbackwaren unter Beweis gestellt.<\/p>\n\t\t<\/div>\n\t\t\n\t\t<a class=\"elementor-post__read-more\" href=\"https:\/\/frissesropogos.hu\/de\/ertek-es-minoseg-nagydij\/\" aria-label=\"Read more about \u00c9rt\u00e9k \u00e9s Min\u0151s\u00e9g Nagyd\u00edj\" tabindex=\"-1\" >\n\t\t\tMehr lesen \"\t\t<\/a>\n\n\t\t\t\t<\/div>\n\t\t\t\t\t<\/div>\n\t\t<\/article>\n\t\t\t\t<article class=\"elementor-post elementor-grid-item post-2459 page type-page status-publish hentry\">\n\t\t\t<div class=\"elementor-post__card\">\n\t\t\t\t<div class=\"elementor-post__text\">\n\t\t\t\t<h3 class=\"elementor-post__title\">\n\t\t\t<a href=\"https:\/\/frissesropogos.hu\/de\/sajtokozlemeny-2021\/\" >\n\t\t\t\tPressemitteilung 2021\t\t\t<\/a>\n\t\t<\/h3>\n\t\t\t\t<div class=\"elementor-post__excerpt\">\n\t\t\t<p>Pressemitteilung zum Start des Projekts L\u00e4ngere Haltbarkeit von Toastscheiben ohne Konservierungsstoffe Unsere Organisation, F&amp;R Partner Ltd. hat am 21.09.2020 eine Ausschreibung f\u00fcr die<\/p>\n\t\t<\/div>\n\t\t\n\t\t<a class=\"elementor-post__read-more\" href=\"https:\/\/frissesropogos.hu\/de\/sajtokozlemeny-2021\/\" aria-label=\"Read more about Sajt\u00f3k\u00f6zlem\u00e9ny 2021\" tabindex=\"-1\" >\n\t\t\tMehr lesen \"\t\t<\/a>\n\n\t\t\t\t<\/div>\n\t\t\t\t\t<\/div>\n\t\t<\/article>\n\t\t\t\t<article class=\"elementor-post elementor-grid-item post-1214 page type-page status-publish hentry\">\n\t\t\t<div class=\"elementor-post__card\">\n\t\t\t\t<div class=\"elementor-post__text\">\n\t\t\t\t<h3 class=\"elementor-post__title\">\n\t\t\t<a href=\"https:\/\/frissesropogos.hu\/de\/sajtokozlemeny\/\" >\n\t\t\t\tPressemitteilung 2018\t\t\t<\/a>\n\t\t<\/h3>\n\t\t\t\t<div class=\"elementor-post__excerpt\">\n\t\t\t<p>Entwicklung von gesundheitsbewussten Backwaren - und produktionstechnische Innovation bei F&amp;R Partner Kft. in Buda\u00f6rs F&amp;R Partner Bakery Trade Ltd.<\/p>\n\t\t<\/div>\n\t\t\n\t\t<a class=\"elementor-post__read-more\" href=\"https:\/\/frissesropogos.hu\/de\/sajtokozlemeny\/\" aria-label=\"Read more about Sajt\u00f3k\u00f6zlem\u00e9ny 2018\" tabindex=\"-1\" >\n\t\t\tMehr lesen \"\t\t<\/a>\n\n\t\t\t\t<\/div>\n\t\t\t\t\t<\/div>\n\t\t<\/article>\n\t\t\t\t<article class=\"elementor-post elementor-grid-item post-383 page type-page status-publish hentry\">\n\t\t\t<div class=\"elementor-post__card\">\n\t\t\t\t<div class=\"elementor-post__text\">\n\t\t\t\t<h3 class=\"elementor-post__title\">\n\t\t\t<a href=\"https:\/\/frissesropogos.hu\/de\/ifs-tanusitvanyok\/\" >\n\t\t\t\tIFS-Zertifikate\t\t\t<\/a>\n\t\t<\/h3>\n\t\t\t\t<div class=\"elementor-post__excerpt\">\n\t\t\t\t\t<\/div>\n\t\t\n\t\t<a class=\"elementor-post__read-more\" href=\"https:\/\/frissesropogos.hu\/de\/ifs-tanusitvanyok\/\" aria-label=\"Read more about IFS tan\u00fas\u00edtv\u00e1nyok\" tabindex=\"-1\" >\n\t\t\tMehr lesen \"\t\t<\/a>\n\n\t\t\t\t<\/div>\n\t\t\t\t\t<\/div>\n\t\t<\/article>\n\t\t\t\t<article class=\"elementor-post elementor-grid-item post-195 page type-page status-publish hentry\">\n\t\t\t<div class=\"elementor-post__card\">\n\t\t\t\t<div class=\"elementor-post__text\">\n\t\t\t\t<h3 class=\"elementor-post__title\">\n\t\t\t<a href=\"https:\/\/frissesropogos.hu\/de\/2018-1-1-1-mki\/\" >\n\t\t\t\t2018-1.1.1-MKI\t\t\t<\/a>\n\t\t<\/h3>\n\t\t\t\t<div class=\"elementor-post__excerpt\">\n\t\t\t<p>2018-1.1.1-MKI - F\u00d6RDERUNG VON INNOVATIONSAKTIVIT\u00c4TEN VON KLEINST- UND KLEINUNTERNEHMEN - ENTWICKLUNG VON GESUNDHEITSBEWUSSTEN BACKWAREN - UND HERSTELLUNG VON TECHNOLOGISCHEN INNOVATIONEN IM F&amp;R PARTNER<\/p>\n\t\t<\/div>\n\t\t\n\t\t<a class=\"elementor-post__read-more\" href=\"https:\/\/frissesropogos.hu\/de\/2018-1-1-1-mki\/\" aria-label=\"Read more about 2018-1.1.1-MKI\" tabindex=\"-1\" >\n\t\t\tMehr lesen \"\t\t<\/a>\n\n\t\t\t\t<\/div>\n\t\t\t\t\t<\/div>\n\t\t<\/article>\n\t\t\t\t<\/div>\n\t\t\t\t\t<span class=\"e-load-more-spinner\">\n\t\t\t\t<svg aria-hidden=\"true\" class=\"e-font-icon-svg e-fas-spinner\" viewbox=\"0 0 512 512\" xmlns=\"http:\/\/www.w3.org\/2000\/svg\"><path d=\"M304 48c0 26.51-21.49 48-48 48s-48-21.49-48-48 21.49-48 48-48 48 21.49 48 48zm-48 368c-26.51 0-48 21.49-48 48s21.49 48 48 48 48-21.49 48-48-21.49-48-48-48zm208-208c-26.51 0-48 21.49-48 48s21.49 48 48 48 48-21.49 48-48-21.49-48-48-48zM96 256c0-26.51-21.49-48-48-48S0 229.49 0 256s21.49 48 48 48 48-21.49 48-48zm12.922 99.078c-26.51 0-48 21.49-48 48s21.49 48 48 48 48-21.49 48-48c0-26.509-21.491-48-48-48zm294.156 0c-26.51 0-48 21.49-48 48s21.49 48 48 48 48-21.49 48-48c0-26.509-21.49-48-48-48zM108.922 60.922c-26.51 0-48 21.49-48 48s21.49 48 48 48 48-21.49 48-48-21.491-48-48-48z\"><\/path><\/svg>\t\t\t<\/span>\n\t\t\n\t\t\t\t<div class=\"e-load-more-anchor\" data-page=\"1\" data-max-page=\"2\" data-next-page=\"https:\/\/frissesropogos.hu\/de\/wp-json\/wp\/v2\/pages\/202\/page\/2\/\"><\/div>\n\t\t\t\t<div class=\"e-load-more-message\"><\/div>\n\t\t\t\t\t\t<\/div>\n\t\t\t\t<\/div>\n\t\t\t\t\t<\/div>\n\t\t\t\t<\/div>\n\t\t\t\t<\/div>","protected":false},"excerpt":{"rendered":"","protected":false},"author":1,"featured_media":3592,"parent":0,"menu_order":0,"comment_status":"closed","ping_status":"closed","template":"","meta":{"om_disable_all_campaigns":false,"_monsterinsights_skip_tracking":false,"_monsterinsights_sitenote_active":false,"_monsterinsights_sitenote_note":"","_monsterinsights_sitenote_category":0,"footnotes":""},"class_list":["post-202","page","type-page","status-publish","has-post-thumbnail","hentry"],"aioseo_notices":[],"_links":{"self":[{"href":"https:\/\/frissesropogos.hu\/de\/wp-json\/wp\/v2\/pages\/202","targetHints":{"allow":["GET"]}}],"collection":[{"href":"https:\/\/frissesropogos.hu\/de\/wp-json\/wp\/v2\/pages"}],"about":[{"href":"https:\/\/frissesropogos.hu\/de\/wp-json\/wp\/v2\/types\/page"}],"author":[{"embeddable":true,"href":"https:\/\/frissesropogos.hu\/de\/wp-json\/wp\/v2\/users\/1"}],"replies":[{"embeddable":true,"href":"https:\/\/frissesropogos.hu\/de\/wp-json\/wp\/v2\/comments?post=202"}],"version-history":[{"count":4,"href":"https:\/\/frissesropogos.hu\/de\/wp-json\/wp\/v2\/pages\/202\/revisions"}],"predecessor-version":[{"id":5797,"href":"https:\/\/frissesropogos.hu\/de\/wp-json\/wp\/v2\/pages\/202\/revisions\/5797"}],"wp:featuredmedia":[{"embeddable":true,"href":"https:\/\/frissesropogos.hu\/de\/wp-json\/wp\/v2\/media\/3592"}],"wp:attachment":[{"href":"https:\/\/frissesropogos.hu\/de\/wp-json\/wp\/v2\/media?parent=202"}],"curies":[{"name":"wp","href":"https:\/\/api.w.org\/{rel}","templated":true}]}}