{"id":193,"date":"2020-04-21T15:40:52","date_gmt":"2020-04-21T13:40:52","guid":{"rendered":"https:\/\/fandrpartner.hu\/?page_id=193"},"modified":"2024-01-09T13:43:42","modified_gmt":"2024-01-09T11:43:42","slug":"ginop-2-1-8-17-2017-01333","status":"publish","type":"page","link":"https:\/\/frissesropogos.hu\/de\/ginop-2-1-8-17-2017-01333\/","title":{"rendered":"GINOP-2.1.8-17-2017-01333"},"content":{"rendered":"<div data-elementor-type=\"wp-page\" data-elementor-id=\"193\" class=\"elementor elementor-193\" data-elementor-post-type=\"page\">\n\t\t\t\t<div class=\"elementor-element elementor-element-30713bc2 e-flex e-con-boxed e-con e-parent\" data-id=\"30713bc2\" data-element_type=\"container\">\n\t\t\t\t\t<div class=\"e-con-inner\">\n\t\t\t\t<div class=\"elementor-element elementor-element-edbf9c6 elementor-widget elementor-widget-text-editor\" data-id=\"edbf9c6\" data-element_type=\"widget\" data-widget_type=\"text-editor.default\">\n\t\t\t\t<div class=\"elementor-widget-container\">\n\t\t\t\t\t\t\t\t\t<p><strong>Name des Beg\u00fcnstigten<\/strong>F&amp;R Partner Backen und Handel Ltd.<\/p>\n<p><strong>Der Titel des Projekts lautet:<\/strong> Produkt- und produktionstechnische Innovation am Standort Sz\u00e9kesfeh\u00e9rv\u00e1r von F&amp;R S\u00fct\u0151ipari \u00e9s Kereskedelmi Partner Kft.<\/p>\n<p><strong>H\u00f6he der vertraglich vereinbarten Beihilfe<\/strong>: 11.530.075 Ft<\/p>\n<p><strong>Beihilfesatz (in %)<\/strong>: 50 %<\/p>\n<p><strong>Pr\u00e4sentation der Projektinhalte:<\/strong><\/p>\n<p>Die Hauptt\u00e4tigkeit von F&amp;R Partner Ltd. ist die Herstellung von Backwaren, und ihr Umsatz stammt vollst\u00e4ndig aus dieser T\u00e4tigkeit.<\/p>\n<p>Als Ergebnis des Projekts hat F&amp;R Partner Ltd. mit der Einf\u00fchrung von glutenfreien Bagels und glutenfreien Snacks eine Produktinnovation eingef\u00fchrt.<\/p>\n<p>Die Einf\u00fchrung der Produktion von glutenfreien Produkten wird dem Unternehmen helfen, seine politischen Ziele zu erreichen, n\u00e4mlich sein Angebot zu differenzieren, den Markt- und Produktionstrends zu folgen und seine Wettbewerbsf\u00e4higkeit zu st\u00e4rken. Die zu verwendenden Produkte werden den strengen Normen entsprechen, und die Herstellung qualitativ hochwertiger Produkte wird dem Unternehmen eine starke Position auf dem Markt verschaffen.<\/p>\n<p>F\u00fcr die Herstellung der Bejgli wurde im Rahmen des Projekts die Fritsch-Feinb\u00e4ckerei-Linie angeschafft. Die Anlage wird es dem Unternehmen erm\u00f6glichen, die unterschiedlichsten Verbraucherw\u00fcnsche zu erf\u00fcllen und auch in Zukunft Produkte zu spezifizieren. Die Herstellung von extrudierten Snacks geh\u00f6rte bisher nicht zu den Aktivit\u00e4ten des Unternehmens. Es ist dem Unternehmen gelungen, einen Lieferanten zu finden, der Mais liefert, der v\u00f6llig frei von Kreuzkontaminationen ist, so dass das Unternehmen ein Produkt von ausreichender Qualit\u00e4t herstellen kann. Die Produktion kann das ganze Jahr \u00fcber erfolgen. Im Rahmen des vorliegenden Projekts wurde die Ausr\u00fcstung f\u00fcr die Produktinnovation des Unternehmens angeschafft: 1 SLG85-II-Extrusionsmaschine, 1 Fritsch Euroline-Feinb\u00e4ckereilinie.<\/p>\n<ul>\n<li><strong>Datum des Projektabschlusses:<\/strong> 2018. 10. 17.<\/li>\n<li><strong>Die Projektidentifikationsnummer:<\/strong> GINOP-2.1.8-17-2017-01333<\/li><\/ul>\t\t\t\t\t\t\t\t<\/div>\n\t\t\t\t<\/div>\n\t\t\t\t\t<\/div>\n\t\t\t\t<\/div>\n\t\t\t\t<\/div>","protected":false},"excerpt":{"rendered":"<p>Kedvezm\u00e9nyezett neve: F&amp;R Partner S\u00fct\u0151ipari \u00e9s Kereskedelmi Kft. A projekt c\u00edme: Term\u00e9k- \u00e9s termel\u00e9s-technol\u00f3giai innov\u00e1ci\u00f3 az F&amp;R S\u00fct\u0151ipari \u00e9s Kereskedelmi Partner Kft. sz\u00e9kesfeh\u00e9rv\u00e1ri telephely\u00e9n A szerz\u0151d\u00f6tt t\u00e1mogat\u00e1s \u00f6sszege: 11.530.075 Ft A t\u00e1mogat\u00e1s m\u00e9rt\u00e9ke (%-ban): 50 % A projekt tartalm\u00e1nak bemutat\u00e1sa: Az F&amp;R Partner Kft. f\u0151tev\u00e9kenys\u00e9ge p\u00e9k\u00e1ru gy\u00e1rt\u00e1sa, \u00e1rbev\u00e9tele teljes eg\u00e9sz\u00e9ben ebb\u0151l a tev\u00e9kenys\u00e9gb\u0151l sz\u00e1rmazik. A&hellip;<\/p>","protected":false},"author":1,"featured_media":0,"parent":0,"menu_order":0,"comment_status":"closed","ping_status":"closed","template":"","meta":{"om_disable_all_campaigns":false,"_monsterinsights_skip_tracking":false,"_monsterinsights_sitenote_active":false,"_monsterinsights_sitenote_note":"","_monsterinsights_sitenote_category":0,"footnotes":""},"class_list":["post-193","page","type-page","status-publish","hentry"],"aioseo_notices":[],"_links":{"self":[{"href":"https:\/\/frissesropogos.hu\/de\/wp-json\/wp\/v2\/pages\/193","targetHints":{"allow":["GET"]}}],"collection":[{"href":"https:\/\/frissesropogos.hu\/de\/wp-json\/wp\/v2\/pages"}],"about":[{"href":"https:\/\/frissesropogos.hu\/de\/wp-json\/wp\/v2\/types\/page"}],"author":[{"embeddable":true,"href":"https:\/\/frissesropogos.hu\/de\/wp-json\/wp\/v2\/users\/1"}],"replies":[{"embeddable":true,"href":"https:\/\/frissesropogos.hu\/de\/wp-json\/wp\/v2\/comments?post=193"}],"version-history":[{"count":0,"href":"https:\/\/frissesropogos.hu\/de\/wp-json\/wp\/v2\/pages\/193\/revisions"}],"wp:attachment":[{"href":"https:\/\/frissesropogos.hu\/de\/wp-json\/wp\/v2\/media?parent=193"}],"curies":[{"name":"wp","href":"https:\/\/api.w.org\/{rel}","templated":true}]}}