{"id":1214,"date":"2021-01-19T14:30:27","date_gmt":"2021-01-19T12:30:27","guid":{"rendered":"https:\/\/fandrpartner.hu\/?page_id=1214"},"modified":"2024-01-09T13:30:41","modified_gmt":"2024-01-09T11:30:41","slug":"sajtokozlemeny","status":"publish","type":"page","link":"https:\/\/frissesropogos.hu\/de\/sajtokozlemeny\/","title":{"rendered":"Pressemitteilung 2018"},"content":{"rendered":"<div data-elementor-type=\"wp-page\" data-elementor-id=\"1214\" class=\"elementor elementor-1214\" data-elementor-post-type=\"page\">\n\t\t\t\t<div class=\"elementor-element elementor-element-565fb15 e-flex e-con-boxed e-con e-parent\" data-id=\"565fb15\" data-element_type=\"container\">\n\t\t\t\t\t<div class=\"e-con-inner\">\n\t\t\t\t<div class=\"elementor-element elementor-element-7e23ae93 elementor-widget elementor-widget-text-editor\" data-id=\"7e23ae93\" data-element_type=\"widget\" data-widget_type=\"text-editor.default\">\n\t\t\t\t<div class=\"elementor-widget-container\">\n\t\t\t\t\t\t\t\t\t<p><strong>Entwicklung gesundheitsbewusster B\u00e4ckereiprodukte - und produktionstechnische Innovation bei F&amp;R Partner Kft. in Buda\u00f6rs<\/strong><\/p>\n<p>&nbsp;<span style=\"text-align: var(--text-align); background-color: rgba(255, 255, 255, 0); color: var(--the7-base-color); letter-spacing: var(--the7-base-letter-spacing); text-transform: var(--the7-base-text-transform); word-spacing: normal;\">Im Fr\u00fchjahr 2018 reichte die F&amp;R Partner Bakery Trading Ltd. einen F\u00f6rderantrag f\u00fcr die Ausschreibung 2018-1.1.1-MKI \"F\u00f6rderung von Innovationsaktivit\u00e4ten von Kleinst- und Kleinunternehmen\" ein, um die NASIZZ-Fr\u00fchst\u00fccksproduktlinie als neue gesundheitsbewusste Backwarenlinie zu entwickeln.<\/span><\/p>\n<p>Im Rahmen der Ausschreibung wurden nicht r\u00fcckzahlbare Zusch\u00fcsse in H\u00f6he von mehr als 94,4 Millionen Forint vergeben. Das Projekt wird aus dem Nationalen Fonds f\u00fcr Forschung, Entwicklung und Innovation finanziert und hat Gesamtkosten von mehr als 132,8 Millionen Forint.<\/p>\n<p>&nbsp;<span style=\"text-align: var(--text-align); background-color: rgba(255, 255, 255, 0); color: var(--the7-base-color); letter-spacing: var(--the7-base-letter-spacing); text-transform: var(--the7-base-text-transform); word-spacing: normal;\">F&amp;R Partner Kft. wurde im Jahr 2010 gegr\u00fcndet, 100% ist ein Unternehmen in ungarischem Besitz. Die Grundidee des Unternehmens ist die Herstellung und der Handel mit Produkten, f\u00fcr die es eine kontinuierliche und stetige Nachfrage gibt (anfangs Handel mit Backwaren, sp\u00e4ter ist das Hauptprofil die Herstellung von frischem Brot und Backwaren). Das Unternehmen setzt auf die Verwendung von nat\u00fcrlichen Zutaten und hausgemachten Rezepten aus dem letzten Jahrhundert, die Lebensmittelsicherheit wird durch den Betrieb nach dem IFS-Standard gew\u00e4hrleistet.<\/span><\/p>\n<p>&nbsp;<span style=\"text-align: var(--text-align); background-color: rgba(255, 255, 255, 0); color: var(--the7-base-color); letter-spacing: var(--the7-base-letter-spacing); text-transform: var(--the7-base-text-transform); word-spacing: normal;\">Die Entwicklung dieses Projekts zielt darauf ab, ein System auf der Grundlage modifizierter St\u00e4rke zu entwickeln, das den Erwartungen der Verbraucher in jeder Hinsicht entspricht, und zwar nicht nur, um eine ballaststoffreiche Teigart zu schaffen, sondern auch, um die F\u00fcllungen zu einem wichtigen Bestandteil des Produkts zu machen. Die Wahl der F\u00fcllungen ist auch wichtig, um sicherzustellen, dass die entwickelten Produkte voll und ganz auf eine gesundheitsbewusste Ern\u00e4hrung ausgerichtet sind. Die Entwicklung des NASIZZ-Sortiments umfasst die Schaffung einer massenproduktionstauglichen Produktionslinie und die Festlegung von technologischen Parametern, die bei der Herstellung von gef\u00fcllten Backwaren bisher noch nicht angewandt wurden.<\/span><\/p>\n<p>Das Forschungs- und Entwicklungsprojekt hat eine Laufzeit von 24 Monaten und soll bis zum 29.05.2021 abgeschlossen sein.<\/p>\t\t\t\t\t\t\t\t<\/div>\n\t\t\t\t<\/div>\n\t\t\t\t\t<\/div>\n\t\t\t\t<\/div>\n\t\t\t\t<\/div>","protected":false},"excerpt":{"rendered":"<p>Eg\u00e9szs\u00e9gtudatos s\u00fct\u0151ipari term\u00e9kek fejleszt\u00e9se &#8211; \u00e9s termel\u00e9s technol\u00f3giai innov\u00e1ci\u00f3 az F&amp;R Partner Kft.-n\u00e9l Buda\u00f6rs\u00f6n &nbsp;Az F&amp;R Partner S\u00fct\u0151ipari Kereskedelmi Kft. 2018 tavasz\u00e1n T\u00e1mogat\u00e1si k\u00e9relmet ny\u00fajtott be a 2018-1.1.1-MKI k\u00f3dsz\u00e1m\u00fa, \u201eMikro- \u00e9s kisv\u00e1llalkoz\u00e1sok innov\u00e1ci\u00f3s tev\u00e9kenys\u00e9g\u00e9nek t\u00e1mogat\u00e1sa\u201d c\u00edm\u0171 p\u00e1ly\u00e1zati felh\u00edv\u00e1sra abb\u00f3l a c\u00e9lb\u00f3l, hogy kifejlessze a NASIZZ reggeliz\u0151 term\u00e9kcsal\u00e1d, mint \u00faj eg\u00e9szs\u00e9gtudatos s\u00fct\u0151ipari term\u00e9kcsal\u00e1dot. A p\u00e1ly\u00e1zattal t\u00f6bb,&hellip;<\/p>","protected":false},"author":1,"featured_media":0,"parent":0,"menu_order":0,"comment_status":"closed","ping_status":"closed","template":"","meta":{"om_disable_all_campaigns":false,"_monsterinsights_skip_tracking":false,"_monsterinsights_sitenote_active":false,"_monsterinsights_sitenote_note":"","_monsterinsights_sitenote_category":0,"footnotes":""},"class_list":["post-1214","page","type-page","status-publish","hentry"],"aioseo_notices":[],"_links":{"self":[{"href":"https:\/\/frissesropogos.hu\/de\/wp-json\/wp\/v2\/pages\/1214","targetHints":{"allow":["GET"]}}],"collection":[{"href":"https:\/\/frissesropogos.hu\/de\/wp-json\/wp\/v2\/pages"}],"about":[{"href":"https:\/\/frissesropogos.hu\/de\/wp-json\/wp\/v2\/types\/page"}],"author":[{"embeddable":true,"href":"https:\/\/frissesropogos.hu\/de\/wp-json\/wp\/v2\/users\/1"}],"replies":[{"embeddable":true,"href":"https:\/\/frissesropogos.hu\/de\/wp-json\/wp\/v2\/comments?post=1214"}],"version-history":[{"count":0,"href":"https:\/\/frissesropogos.hu\/de\/wp-json\/wp\/v2\/pages\/1214\/revisions"}],"wp:attachment":[{"href":"https:\/\/frissesropogos.hu\/de\/wp-json\/wp\/v2\/media?parent=1214"}],"curies":[{"name":"wp","href":"https:\/\/api.w.org\/{rel}","templated":true}]}}